{"id":41239,"date":"2025-10-24T08:06:54","date_gmt":"2025-10-24T06:06:54","guid":{"rendered":"https:\/\/purama.lt\/produktas\/duschkind-happiness-veganiskas-kosmetikos-rinkinys\/"},"modified":"2026-04-22T12:21:02","modified_gmt":"2026-04-22T10:21:02","slug":"duschkind-happiness-vegan-kosmeetikakomplekt","status":"publish","type":"product","link":"https:\/\/purama.lt\/ee\/produktas\/duschkind-happiness-veganiskas-kosmetikos-rinkinys\/","title":{"rendered":"Duschkind Happiness vegan kosmeetikakomplekt"},"content":{"rendered":"<p><strong>Kasutamine<\/strong><br>Niisutage juukseid ja \u0161ampoonibaar, t\u00f6\u00f6tlege vahuks, masseerige ja loputage.<br>Jookske palsamiga l\u00e4bi puhaste, niiskete juuste (eriti juukseotsad), hoidke l\u00fchikest aega ja loputage.<br>P\u00e4rast kasutamist laske luffa-alusel kuivada; s\u00e4ilitage kuivas kohas puukarbis.<br>Kui teil on \u00fcksikute juhiste osas kahtlusi - <strong>j\u00e4rgige pakendil olevaid juhiseid.<\/strong><\/p>\n\n\n\n<p><strong>Koostisosad<\/strong><br>t\u00e4psustamata - vt pakend (INCI)<\/p>\n\n\n\n<p>Me vajame andmeid:<br>- Tahke \u0161ampooni t\u00e4ielik INCI loetelu<br>- T\u00e4ielik INCI loetelu tahke konditsioneeri kohta<br>- Eristatavad l\u00f5hnanoodid (kui tootja on need kindlaks m\u00e4\u00e4ranud).<\/p>","protected":false},"excerpt":{"rendered":"<p data-start=\"0\" data-end=\"542\"><strong data-start=\"16\" data-end=\"68\">Duschkind - Kinkekarp tahke \u0161ampoon ja palsamid<\/strong> See on kaunilt pakendatud kinkekarp, milles on k\u00f5va <strong data-start=\"114\" data-end=\"134\">Aloe Vera 4-in-1<\/strong> \u0161ampoon, tugev palsam normaalsetele juustele, puidust reisikohver ja luffa-padi. \u0160ampoon peseb ja vahutab \u00f5rnalt, palsam muudab juuste lahtiharutamise lihtsamaks ja siledamaks ning lisatarvikud muudavad kasutamise ja kuivatamise lihtsaks. <strong data-start=\"388\" data-end=\"401\">Aloe vera<\/strong> - h\u00e4sti uuritud niisutav koostisosa, mis aitab s\u00e4ilitada peanaha mugavust. Plastivaba, praktiline ja valmis kinkimiseks.<\/p>\n<p data-start=\"544\" data-end=\"902\"><strong data-start=\"544\" data-end=\"567\">Miks valida<\/strong><br data-start=\"567\" data-end=\"570\" \/><strong data-start=\"570\" data-end=\"576\">\u2714\ufe0f<\/strong> Kingitusvalmis: karp koos sisemise paberi ja tarvikutega<br data-start=\"635\" data-end=\"638\" \/><strong data-start=\"638\" data-end=\"644\">\u2714\ufe0f<\/strong> Tugev \u0161ampoon ja palsam - kuluefektiivne ja reisis\u00f5bralik<br data-start=\"712\" data-end=\"715\" \/><strong data-start=\"715\" data-end=\"721\">\u2714\ufe0f<\/strong> Puidust hoiukast, t\u00fcnnisalvesti kiiremaks kuivatamiseks<br data-start=\"787\" data-end=\"790\" \/><strong data-start=\"790\" data-end=\"796\">\u2714\ufe0f<\/strong> Mahe, meeldiv l\u00f5hn ilma \u201eraske\u201c tundeta.<br data-start=\"841\" data-end=\"844\" \/><strong data-start=\"844\" data-end=\"850\">\u2714\ufe0f<\/strong> V\u00e4hem plasti pakendites, lihtne igap\u00e4evane rutiin<\/p>","protected":false},"featured_media":41234,"comment_status":"open","ping_status":"closed","template":"","meta":{"_acf_changed":false},"product_brand":[],"product_cat":[92,500,304,307],"product_tag":[],"class_list":{"0":"post-41239","1":"product","2":"type-product","3":"status-publish","4":"has-post-thumbnail","6":"product_cat-groziui","7":"product_cat-outlet","8":"product_cat-plaukams","9":"product_cat-plauku-sampunai","11":"first","12":"instock","13":"sale","14":"shipping-taxable","15":"purchasable","16":"product-type-simple"},"acf":[],"tiered_pricing_type":"fixed","tiered_pricing_fixed_rules":[],"tiered_pricing_product_settings":{"layout":"default","base_unit_name":{"singular":null,"plural":null},"default_variation":null},"tiered_pricing_minimum_quantity":null,"tiered_pricing_roles_data":[],"tiered_pricing_percentage_rules":[],"_links":{"self":[{"href":"https:\/\/purama.lt\/ee\/wp-json\/wp\/v2\/product\/41239","targetHints":{"allow":["GET"]}}],"collection":[{"href":"https:\/\/purama.lt\/ee\/wp-json\/wp\/v2\/product"}],"about":[{"href":"https:\/\/purama.lt\/ee\/wp-json\/wp\/v2\/types\/product"}],"replies":[{"embeddable":true,"href":"https:\/\/purama.lt\/ee\/wp-json\/wp\/v2\/comments?post=41239"}],"wp:featuredmedia":[{"embeddable":true,"href":"https:\/\/purama.lt\/ee\/wp-json\/wp\/v2\/media\/41234"}],"wp:attachment":[{"href":"https:\/\/purama.lt\/ee\/wp-json\/wp\/v2\/media?parent=41239"}],"wp:term":[{"taxonomy":"product_brand","embeddable":true,"href":"https:\/\/purama.lt\/ee\/wp-json\/wp\/v2\/product_brand?post=41239"},{"taxonomy":"product_cat","embeddable":true,"href":"https:\/\/purama.lt\/ee\/wp-json\/wp\/v2\/product_cat?post=41239"},{"taxonomy":"product_tag","embeddable":true,"href":"https:\/\/purama.lt\/ee\/wp-json\/wp\/v2\/product_tag?post=41239"}],"curies":[{"name":"wp","href":"https:\/\/api.w.org\/{rel}","templated":true}]}}