{"id":41117,"date":"2025-10-22T09:52:10","date_gmt":"2025-10-22T07:52:10","guid":{"rendered":"https:\/\/purama.lt\/produktas\/idc-institute-hidrogeline-lupu-kauke-su-kolagenu\/"},"modified":"2026-03-18T11:12:30","modified_gmt":"2026-03-18T09:12:30","slug":"idc-institute-hydrogeline-lupus-mask-koos-kollageeniga","status":"publish","type":"product","link":"https:\/\/purama.lt\/ee\/produktas\/idc-institute-hidrogeline-lupu-kauke-su-kolagenu\/","title":{"rendered":"Idc Institute H\u00fcdrogeel huulemask kollageeniga"},"content":{"rendered":"<p><strong>Kasutamine<\/strong><br>Kandke puhtatele, kuivadele huultele ja j\u00e4tke l\u00fchikeseks ajaks peale; eemaldage ja masseerige \u00f5rnalt k\u00f5ik j\u00e4\u00e4gid maha.<br>Hoiatused: ainult v\u00e4line kasutamine; v\u00e4ltida kokkupuudet silmadega; <strong>Mitte kasutada \u00e4rritunud v\u00f5i kahjustatud nahal<\/strong>; \u00e4rrituse korral katkestada. J\u00e4rgige pakendil olevaid juhiseid.<\/p>\n\n\n\n<p><strong>Koostisosad<\/strong><br>aqua (vesi), gl\u00fctseriin, sorbitool, chondrus crispus, trehaloos, gl\u00fckomannaan, kaaliumkloriid, 1,2-heksandiool, h\u00fcdroks\u00fcatsetofenoon, pol\u00fcgl\u00fctser\u00fc\u00fcl-6-kapr\u00fclaat, proliin, parf\u00fc\u00fcm (l\u00f5hna), prunus avium puuekstrakt, fenoks\u00fcetanool, et\u00fc\u00fclheks\u00fc\u00fclgl\u00fctseriin, kofeiin, ts\u00fcklodekstriin, naatriumh\u00fcaluronaat, heks\u00fc\u00fclkinnamaal, fd&amp;c red no.<\/p>","protected":false},"excerpt":{"rendered":"<p data-start=\"0\" data-end=\"479\"><strong data-start=\"16\" data-end=\"70\">IDC Institute - Glitter Lip Pink Hydrogel Lip Mask - Huulemask<\/strong>: <strong data-start=\"100\" data-end=\"126\">h\u00fcdrogeelist huulemask<\/strong> \u00f5rna roosa s\u00e4ra, mis aitab <strong data-start=\"170\" data-end=\"214\">niisutab, pehmendab ja pakub mugavust<\/strong> kuivade, l\u00f5henenud huulte puhul. H\u00fcdrogeelip\u00f5hi kleepub h\u00e4sti ja s\u00e4ilitab niiskust, muutes rituaali kiireks ja meeldivaks. P\u00f5hineb h\u00e4sti uuritud niisutajatel - <strong data-start=\"377\" data-end=\"390\">gl\u00fctserool<\/strong> ja <strong data-start=\"394\" data-end=\"416\">naatriumh\u00fcaluronaat<\/strong>, mis aitavad ligi t\u00f5mmata ja s\u00e4ilitada vett nahapinnal.<\/p>\n<p data-start=\"481\" data-end=\"729\"><strong data-start=\"481\" data-end=\"504\">Miks valida<\/strong><br data-start=\"504\" data-end=\"507\" \/><strong data-start=\"507\" data-end=\"513\">\u2714\ufe0f<\/strong> Kiire abi kuivadele, karedatele huultele<br data-start=\"556\" data-end=\"559\" \/><strong data-start=\"559\" data-end=\"565\">\u2714\ufe0f<\/strong> H\u00fcdrogeeli mask istub mugavalt ja ei leki.<br data-start=\"613\" data-end=\"616\" \/><strong data-start=\"616\" data-end=\"622\">\u2714\ufe0f<\/strong> Gl\u00fctseriin + naatriumh\u00fcaluronaat niisutab ja pehmendab.<br data-start=\"676\" data-end=\"679\" \/><strong data-start=\"679\" data-end=\"685\">\u2714\ufe0f<\/strong> Peenike s\u00e4ra meeldiva ilurituaali jaoks<\/p>","protected":false},"featured_media":42484,"comment_status":"open","ping_status":"closed","template":"","meta":{"_acf_changed":false},"product_brand":[431],"product_cat":[182,57,92,59],"product_tag":[],"class_list":{"0":"post-41117","1":"product","2":"type-product","3":"status-publish","4":"has-post-thumbnail","6":"product_brand-idc-institute","7":"product_cat-lupu-kaukes","8":"product_cat-akcijos","9":"product_cat-groziui","10":"product_cat-veidui","12":"first","13":"instock","14":"sale","15":"shipping-taxable","16":"purchasable","17":"product-type-simple"},"acf":[],"tiered_pricing_type":"fixed","tiered_pricing_fixed_rules":[],"tiered_pricing_product_settings":{"layout":"default","base_unit_name":{"singular":null,"plural":null},"default_variation":null},"tiered_pricing_minimum_quantity":null,"tiered_pricing_roles_data":[],"tiered_pricing_percentage_rules":[],"_links":{"self":[{"href":"https:\/\/purama.lt\/ee\/wp-json\/wp\/v2\/product\/41117","targetHints":{"allow":["GET"]}}],"collection":[{"href":"https:\/\/purama.lt\/ee\/wp-json\/wp\/v2\/product"}],"about":[{"href":"https:\/\/purama.lt\/ee\/wp-json\/wp\/v2\/types\/product"}],"replies":[{"embeddable":true,"href":"https:\/\/purama.lt\/ee\/wp-json\/wp\/v2\/comments?post=41117"}],"wp:featuredmedia":[{"embeddable":true,"href":"https:\/\/purama.lt\/ee\/wp-json\/wp\/v2\/media\/42484"}],"wp:attachment":[{"href":"https:\/\/purama.lt\/ee\/wp-json\/wp\/v2\/media?parent=41117"}],"wp:term":[{"taxonomy":"product_brand","embeddable":true,"href":"https:\/\/purama.lt\/ee\/wp-json\/wp\/v2\/product_brand?post=41117"},{"taxonomy":"product_cat","embeddable":true,"href":"https:\/\/purama.lt\/ee\/wp-json\/wp\/v2\/product_cat?post=41117"},{"taxonomy":"product_tag","embeddable":true,"href":"https:\/\/purama.lt\/ee\/wp-json\/wp\/v2\/product_tag?post=41117"}],"curies":[{"name":"wp","href":"https:\/\/api.w.org\/{rel}","templated":true}]}}