{"id":41116,"date":"2025-10-22T09:52:09","date_gmt":"2025-10-22T07:52:09","guid":{"rendered":"https:\/\/purama.lt\/produktas\/idc-institute-blizgios-paakiu-pagalveles\/"},"modified":"2026-04-10T13:03:31","modified_gmt":"2026-04-10T11:03:31","slug":"idc-instituuti-laikivad-silmapadjad","status":"publish","type":"product","link":"https:\/\/purama.lt\/ee\/produktas\/idc-institute-blizgios-paakiu-pagalveles\/","title":{"rendered":"Idc Institute l\u00e4ikivad silmapadjad"},"content":{"rendered":"<p><strong>Kasutamine<\/strong><br>Kandke plaastrid puhtale, kuivale nahale silmade alla ja j\u00e4tke l\u00fchikeseks ajaks peale, seej\u00e4rel eemaldage ja masseerige j\u00e4\u00e4gid sisse.<br>J\u00e4rgige pakendil olevaid juhiseid.<\/p>\n\n\n\n<p><strong>Koostisosad<\/strong><br>aqua, sorbitool, gl\u00fctseriin, chondrus crispus, trehaloos, gl\u00fckomannaan, kaaliumkloriid, 1,2-heksandiool, h\u00fcdroks\u00fcatsetofenoon, titaandioksiid (ci 77891), vilgukivi, tinaoksiid, pol\u00fcgl\u00fctser\u00fc\u00fcl-6-kapr\u00fclaat, proliin, parf\u00fc\u00fcm, but\u00fcleengl\u00fckool, fenoks\u00fcetanool, vaccinium angustifoliumi puuviljaekstrakt, et\u00fc\u00fclheks\u00fc\u00fclgl\u00fctseriin, kofeiin, ts\u00fcklodekstriin, naatriumh\u00fcaluronaat.<\/p>","protected":false},"excerpt":{"rendered":"<p data-start=\"0\" data-end=\"532\"><strong data-start=\"16\" data-end=\"57\">IDC Institute \u2014 Glitter Eye Pads Blue<\/strong>: <strong data-start=\"87\" data-end=\"134\">hidrogeliniai paaki\u0173 pleistrai su \u017evilgesiu<\/strong>, kurie patogiai priglunda, <strong data-start=\"162\" data-end=\"184\">dr\u0117kina ir gaivina<\/strong> paaki\u0173 zon\u0105 bei padeda vizualiai suma\u017einti paburkim\u0105 ir nuovargio po\u017eymius. Malonus, trumpas nam\u0173 gro\u017eio ritualas prie\u0161 makia\u017e\u0105 ar po ilgos dienos. Formul\u0117je yra <strong data-start=\"347\" data-end=\"391\">glicerino, natrio hialuronato ir kofeino<\/strong> \u2013 gerai i\u0161tirti dr\u0117kikliai ir kondicionuojan\u010dios med\u017eiagos, padedan\u010dios suteikti glotnumo ir komforto. <span class=\"\" data-state=\"closed\"><span class=\"ms-1 inline-flex max-w-full items-center relative top-[-0.094rem] animate-[show_150ms_ease-in]\" data-testid=\"webpage-citation-pill\"><a class=\"flex h-4.5 overflow-hidden rounded-xl px-2 text-[9px] font-medium transition-colors duration-150 ease-in-out text-token-text-secondary! bg-[#F4F4F4]! dark:bg-[#303030]!\" href=\"https:\/\/www.promofarma.com\/en\/idc-institute-glitter-eye-pads-blue-2uds\/p-769124?utm_source=chatgpt.com\" target=\"_blank\" rel=\"noopener\"><span class=\"relative start-0 bottom-0 flex h-full w-full items-center\"><span class=\"flex h-4 w-full items-center justify-between overflow-hidden\"><span class=\"max-w-[15ch] grow truncate overflow-hidden text-center\">Promofarma<\/span><\/span><\/span><\/a><\/span><\/span><\/p>\n<p data-start=\"534\" data-end=\"775\"><strong data-start=\"534\" data-end=\"557\">Kod\u0117l verta rinktis<\/strong><br data-start=\"557\" data-end=\"560\" \/><strong data-start=\"560\" data-end=\"566\">\u2714\ufe0f<\/strong> Greitai suteikia gaivos ir komforto poj\u016bt\u012f<br data-start=\"609\" data-end=\"612\" \/><strong data-start=\"612\" data-end=\"618\">\u2714\ufe0f<\/strong> Padeda vizualiai suma\u017einti paaki\u0173 paburkim\u0105<br data-start=\"662\" data-end=\"665\" \/><strong data-start=\"665\" data-end=\"671\">\u2714\ufe0f<\/strong> Hidrogelio pagrindas gerai priglunda ir nei\u0161b\u0117ga<br data-start=\"720\" data-end=\"723\" \/><strong data-start=\"723\" data-end=\"729\">\u2714\ufe0f<\/strong> \u017dvilgantis dizainas maloniam ritualui namuose<\/p>\n","protected":false},"featured_media":41104,"comment_status":"open","ping_status":"closed","template":"","meta":{"_acf_changed":false},"product_brand":[431],"product_cat":[142,57,92,59],"product_tag":[],"class_list":{"0":"post-41116","1":"product","2":"type-product","3":"status-publish","4":"has-post-thumbnail","6":"product_brand-idc-institute","7":"product_cat-veido-kaukes","8":"product_cat-akcijos","9":"product_cat-groziui","10":"product_cat-veidui","12":"first","13":"instock","14":"sale","15":"shipping-taxable","16":"purchasable","17":"product-type-simple"},"acf":[],"tiered_pricing_type":"fixed","tiered_pricing_fixed_rules":[],"tiered_pricing_product_settings":{"layout":"default","base_unit_name":{"singular":null,"plural":null},"default_variation":null},"tiered_pricing_minimum_quantity":null,"tiered_pricing_roles_data":[],"tiered_pricing_percentage_rules":[],"_links":{"self":[{"href":"https:\/\/purama.lt\/ee\/wp-json\/wp\/v2\/product\/41116","targetHints":{"allow":["GET"]}}],"collection":[{"href":"https:\/\/purama.lt\/ee\/wp-json\/wp\/v2\/product"}],"about":[{"href":"https:\/\/purama.lt\/ee\/wp-json\/wp\/v2\/types\/product"}],"replies":[{"embeddable":true,"href":"https:\/\/purama.lt\/ee\/wp-json\/wp\/v2\/comments?post=41116"}],"wp:featuredmedia":[{"embeddable":true,"href":"https:\/\/purama.lt\/ee\/wp-json\/wp\/v2\/media\/41104"}],"wp:attachment":[{"href":"https:\/\/purama.lt\/ee\/wp-json\/wp\/v2\/media?parent=41116"}],"wp:term":[{"taxonomy":"product_brand","embeddable":true,"href":"https:\/\/purama.lt\/ee\/wp-json\/wp\/v2\/product_brand?post=41116"},{"taxonomy":"product_cat","embeddable":true,"href":"https:\/\/purama.lt\/ee\/wp-json\/wp\/v2\/product_cat?post=41116"},{"taxonomy":"product_tag","embeddable":true,"href":"https:\/\/purama.lt\/ee\/wp-json\/wp\/v2\/product_tag?post=41116"}],"curies":[{"name":"wp","href":"https:\/\/api.w.org\/{rel}","templated":true}]}}