{"id":41114,"date":"2025-10-22T09:52:08","date_gmt":"2025-10-22T07:52:08","guid":{"rendered":"https:\/\/purama.lt\/produktas\/idc-institute-paakiu-pagalveles\/"},"modified":"2026-04-10T13:03:31","modified_gmt":"2026-04-10T11:03:31","slug":"idc-instituudi-silmapadjad","status":"publish","type":"product","link":"https:\/\/purama.lt\/ee\/produktas\/idc-institute-paakiu-pagalveles\/","title":{"rendered":"Idc Institute Silmapadjad"},"content":{"rendered":"<p><strong>Kasutamine<\/strong><br>Kandke plaastrid puhtale, kuivale nahale silmade alla ja kasutage neid vastavalt vajadusele.<br>P\u00e4rast eemaldamist masseerige j\u00e4relej\u00e4\u00e4nud seerum \u00f5rnalt nahale, ilma loputamata.<br>J\u00e4rgige pakendil olevaid juhiseid.<\/p>\n\n\n\n<p><strong>Koostisosad<\/strong><br>teavet ei ole esitatud, vaadake palun pakendi etiketilt.<\/p>","protected":false},"excerpt":{"rendered":"<p data-start=\"0\" data-end=\"371\"><strong data-start=\"16\" data-end=\"58\">IDC Institute - C-kujulised silmapadjad Sinine<\/strong>: <strong data-start=\"88\" data-end=\"131\">h\u00fcdrogeelist C-kujulised silmaplaastrid<\/strong>, mis sobivad mugavalt vastu nahka, aidates kaasa <strong data-start=\"176\" data-end=\"231\">niisutab, v\u00e4rskendab ja v\u00e4hendab visuaalselt paistetust<\/strong> ja v\u00e4simuse tunnused. S\u00e4rava disainiga meeldivaks ilurituaaliks kodus. H\u00fcdrogeelip\u00f5hi aitab s\u00e4ilitada niiskust nahapinnal.<\/p>\n<p data-start=\"373\" data-end=\"623\"><strong data-start=\"373\" data-end=\"396\">Miks valida<\/strong><br data-start=\"396\" data-end=\"399\" \/><strong data-start=\"399\" data-end=\"405\">\u2714\ufe0f<\/strong> C-kujuline disain katab mugavalt silmaalust piirkonda<br data-start=\"451\" data-end=\"454\" \/><strong data-start=\"454\" data-end=\"460\">\u2714\ufe0f<\/strong> Tagab kohese v\u00e4rskuse ja mugavuse tunde.<br data-start=\"502\" data-end=\"505\" \/><strong data-start=\"505\" data-end=\"511\">\u2714\ufe0f<\/strong> Aitab visuaalselt v\u00e4hendada kotte ja tumenemist<br data-start=\"564\" data-end=\"567\" \/><strong data-start=\"567\" data-end=\"573\">\u2714\ufe0f<\/strong> Mugav kasutada kodus enne v\u00f5i p\u00e4rast meiki<\/p>","protected":false},"featured_media":41102,"comment_status":"open","ping_status":"closed","template":"","meta":{"_acf_changed":false},"product_brand":[431],"product_cat":[92,57,142,59],"product_tag":[],"class_list":{"0":"post-41114","1":"product","2":"type-product","3":"status-publish","4":"has-post-thumbnail","6":"product_brand-idc-institute","7":"product_cat-groziui","8":"product_cat-akcijos","9":"product_cat-veido-kaukes","10":"product_cat-veidui","12":"first","13":"instock","14":"sale","15":"shipping-taxable","16":"purchasable","17":"product-type-simple"},"acf":[],"tiered_pricing_type":"fixed","tiered_pricing_fixed_rules":[],"tiered_pricing_product_settings":{"layout":"default","base_unit_name":{"singular":null,"plural":null},"default_variation":null},"tiered_pricing_minimum_quantity":null,"tiered_pricing_roles_data":[],"tiered_pricing_percentage_rules":[],"_links":{"self":[{"href":"https:\/\/purama.lt\/ee\/wp-json\/wp\/v2\/product\/41114","targetHints":{"allow":["GET"]}}],"collection":[{"href":"https:\/\/purama.lt\/ee\/wp-json\/wp\/v2\/product"}],"about":[{"href":"https:\/\/purama.lt\/ee\/wp-json\/wp\/v2\/types\/product"}],"replies":[{"embeddable":true,"href":"https:\/\/purama.lt\/ee\/wp-json\/wp\/v2\/comments?post=41114"}],"wp:featuredmedia":[{"embeddable":true,"href":"https:\/\/purama.lt\/ee\/wp-json\/wp\/v2\/media\/41102"}],"wp:attachment":[{"href":"https:\/\/purama.lt\/ee\/wp-json\/wp\/v2\/media?parent=41114"}],"wp:term":[{"taxonomy":"product_brand","embeddable":true,"href":"https:\/\/purama.lt\/ee\/wp-json\/wp\/v2\/product_brand?post=41114"},{"taxonomy":"product_cat","embeddable":true,"href":"https:\/\/purama.lt\/ee\/wp-json\/wp\/v2\/product_cat?post=41114"},{"taxonomy":"product_tag","embeddable":true,"href":"https:\/\/purama.lt\/ee\/wp-json\/wp\/v2\/product_tag?post=41114"}],"curies":[{"name":"wp","href":"https:\/\/api.w.org\/{rel}","templated":true}]}}