{"id":41113,"date":"2025-10-22T09:52:07","date_gmt":"2025-10-22T07:52:07","guid":{"rendered":"https:\/\/purama.lt\/produktas\/idc-institute-drekinanti-pedu-kauke\/"},"modified":"2026-04-23T07:30:24","modified_gmt":"2026-04-23T05:30:24","slug":"pedic-mask-idc-instituudi-jaoks","status":"publish","type":"product","link":"https:\/\/purama.lt\/ee\/produktas\/idc-institute-drekinanti-pedu-kauke\/","title":{"rendered":"Idc Institute niisutav jalamask"},"content":{"rendered":"<p><strong>Kasutamine<\/strong><br>Pange sokimask puhtale, kuivale jalale ja laske m\u00f5juda vastavalt pakendi juhistele; p\u00e4rast eemaldamist masseerige j\u00e4\u00e4gid maha, \u00e4rge loputage.<br>Hoiatused: ainult v\u00e4line kasutamine, v\u00e4ltida kokkupuudet silmadega, <strong>mitte kanda katki v\u00f5i \u00e4rritunud nahale<\/strong>; \u00e4rrituse korral katkestada.<br>J\u00e4rgige pakendil olevaid juhiseid.<\/p>\n\n\n\n<p><strong>Koostisosad<\/strong><br>aqua (vesi), sorbitool, paraffinum liquidum (mineraal\u00f5li), et\u00fc\u00fclheks\u00fc\u00fclpalmitaat, gl\u00fctseriin, pol\u00fcsorbaat 60, dimetikoon, sorbitanstearaat, aloe barbadensis'i lehe vesi, gl\u00fctser\u00fc\u00fclstearaat, peg-100 stearaat, tseet\u00fc\u00fclalkohol, butyrospermum parkii v\u00f5i, h\u00fcdroks\u00fcet\u00fc\u00fcluurea, fenoks\u00fcetanool, et\u00fc\u00fclheks\u00fc\u00fclgl\u00fctseriin, naatriumakr\u00fclaat\/naatriumakr\u00fc\u00fcldimet\u00fc\u00fcltauraadi kopol\u00fcmeer, isoheksadekaan, pol\u00fcsorbaat 80, sorbitaanoleaat, h\u00fcdroks\u00fcatsetofenoon, karbomeer, trietanoolamiin, makadaamia ternifoolia seemne\u00f5li, pentyleengl\u00fckool, naatriumatset\u00fc\u00fclh\u00fcaluronaat, naatriumh\u00fcaluronaat, naatriumh\u00fcaluronaadi ristpol\u00fcmeer, h\u00fcdrol\u00fc\u00fcsitud naatriumh\u00fcaluronaat, kloorfenesiin, allantoiin, ksantaankummi, parf\u00fc\u00fcm (l\u00f5hnaaine), linalool, tokofer\u00fc\u00fclatsetaat, mentha piperita \u00f5li.<\/p>","protected":false},"excerpt":{"rendered":"<p data-start=\"0\" data-end=\"508\"><strong data-start=\"16\" data-end=\"67\">IDC Instituut - Jalasokk Savage Hydrating Mask - niisutav mask<\/strong>: niisutav jalamask-sukk, mis aitab <strong data-start=\"142\" data-end=\"187\">pehmendab, silub ja taastab mugavuse<\/strong> kuivale, karedale nahale jalgadel. Mugav kasutada kodus enne pedik\u00fc\u00fcri v\u00f5i selle vahepeal. Sisaldab <strong data-start=\"293\" data-end=\"375\">sheav\u00f5i, makadaamia\u00f5li, gl\u00fctseriin ja h\u00fcaluroonhappe kompleks.<\/strong> aitab s\u00e4ilitada niiskust ja annab sileda viimistluse. P\u00f5hineb h\u00e4sti uuritud niisutajatel (nt gl\u00fctseriin ja h\u00fcaluroonhappe derivaadid).<\/p>\n<p data-start=\"510\" data-end=\"740\"><strong data-start=\"510\" data-end=\"533\">Miks valida<\/strong><br data-start=\"533\" data-end=\"536\" \/><strong data-start=\"536\" data-end=\"542\">\u2714\ufe0f<\/strong> Niisutab intensiivselt ja pehmendab kuiva jalanahka<br data-start=\"590\" data-end=\"593\" \/><strong data-start=\"593\" data-end=\"599\">\u2714\ufe0f<\/strong> Aitab siluda karedad kohad ja kannad<br data-start=\"644\" data-end=\"647\" \/><strong data-start=\"647\" data-end=\"653\">\u2714\ufe0f<\/strong> Mugav \u00fchekordselt kasutatav \u201esoki\u201c formaat koduseks rituaaliks<br data-start=\"707\" data-end=\"710\" \/><strong data-start=\"710\" data-end=\"716\">\u2714\ufe0f<\/strong> V\u00e4rskendav mentoolitunne<\/p>","protected":false},"featured_media":41099,"comment_status":"open","ping_status":"closed","template":"","meta":{"_acf_changed":false},"product_brand":[431],"product_cat":[392,57,393,92,300],"product_tag":[],"class_list":{"0":"post-41113","1":"product","2":"type-product","3":"status-publish","4":"has-post-thumbnail","6":"product_brand-idc-institute","7":"product_cat-pedu-kaukes","8":"product_cat-akcijos","9":"product_cat-dovanu-idejos","10":"product_cat-groziui","11":"product_cat-kunui","13":"first","14":"instock","15":"sale","16":"shipping-taxable","17":"purchasable","18":"product-type-simple"},"acf":[],"tiered_pricing_type":"fixed","tiered_pricing_fixed_rules":[],"tiered_pricing_product_settings":{"layout":"default","base_unit_name":{"singular":null,"plural":null},"default_variation":null},"tiered_pricing_minimum_quantity":null,"tiered_pricing_roles_data":[],"tiered_pricing_percentage_rules":[],"_links":{"self":[{"href":"https:\/\/purama.lt\/ee\/wp-json\/wp\/v2\/product\/41113","targetHints":{"allow":["GET"]}}],"collection":[{"href":"https:\/\/purama.lt\/ee\/wp-json\/wp\/v2\/product"}],"about":[{"href":"https:\/\/purama.lt\/ee\/wp-json\/wp\/v2\/types\/product"}],"replies":[{"embeddable":true,"href":"https:\/\/purama.lt\/ee\/wp-json\/wp\/v2\/comments?post=41113"}],"wp:featuredmedia":[{"embeddable":true,"href":"https:\/\/purama.lt\/ee\/wp-json\/wp\/v2\/media\/41099"}],"wp:attachment":[{"href":"https:\/\/purama.lt\/ee\/wp-json\/wp\/v2\/media?parent=41113"}],"wp:term":[{"taxonomy":"product_brand","embeddable":true,"href":"https:\/\/purama.lt\/ee\/wp-json\/wp\/v2\/product_brand?post=41113"},{"taxonomy":"product_cat","embeddable":true,"href":"https:\/\/purama.lt\/ee\/wp-json\/wp\/v2\/product_cat?post=41113"},{"taxonomy":"product_tag","embeddable":true,"href":"https:\/\/purama.lt\/ee\/wp-json\/wp\/v2\/product_tag?post=41113"}],"curies":[{"name":"wp","href":"https:\/\/api.w.org\/{rel}","templated":true}]}}