{"id":41112,"date":"2025-10-22T09:52:06","date_gmt":"2025-10-22T07:52:06","guid":{"rendered":"https:\/\/purama.lt\/produktas\/ldc-institute-drekinanti-ranku-kauke\/"},"modified":"2026-04-27T17:11:01","modified_gmt":"2026-04-27T15:11:01","slug":"idc-instituudi-arritav-kaemask","status":"publish","type":"product","link":"https:\/\/purama.lt\/ee\/produktas\/idc-institute-drekinanti-ranku-kauke\/","title":{"rendered":"IDC Institute niisutav k\u00e4emask"},"content":{"rendered":"<p><strong>Kasutamine<\/strong><br>Pange puhtad, kuivad k\u00e4ed ja hoidke <strong>15-30 min.<\/strong><br>Eemaldage ja masseerige \u00fclej\u00e4\u00e4nud seerum ilma loputamata.<br>Hoiatused: ainult v\u00e4line kasutamine, v\u00e4ltida kokkupuudet silmadega, <strong>mitte kanda katki v\u00f5i \u00e4rritunud nahale<\/strong>; \u00e4rrituse korral katkestada.<\/p>\n\n\n\n<p><strong>Koostisosad<\/strong><br>aqua (vesi), sorbitool, paraffinum liquidum (mineraal\u00f5li), et\u00fc\u00fclheks\u00fc\u00fclpalmitaat, gl\u00fctseriin, pol\u00fcsorbaat 60, dimetikoon, sorbitanstearaat, aloe barbadensis'i lehe vesi, gl\u00fctser\u00fc\u00fclstearaat, peg-100 stearaat, tseet\u00fc\u00fclalkohol, butyrospermum parkii v\u00f5i, h\u00fcdroks\u00fcet\u00fc\u00fcluurea, fenoks\u00fcetanool, et\u00fc\u00fclheks\u00fc\u00fclgl\u00fctseriin, naatriumakr\u00fclaat\/naatriumakr\u00fc\u00fcldimet\u00fc\u00fcltauraadi kopol\u00fcmeer, isoheksadekaan, pol\u00fcsorbaat 80, sorbitaanoleaat, h\u00fcdroks\u00fcatsetofenoon, karbomeer, trietanoolamiin, makadaamia ternifoolia seemne\u00f5li, pentyleengl\u00fckool, naatriumatset\u00fc\u00fclh\u00fcaluronaat, naatriumh\u00fcaluronaat, naatriumh\u00fcaluronaadi ristpol\u00fcmeer, h\u00fcdrol\u00fc\u00fcsitud naatriumh\u00fcaluronaat, kloorfenesiin, allantoiin, ksantaankummi, parf\u00fc\u00fcm (l\u00f5hnaaine), linalool, tokofer\u00fc\u00fclatsetaat, mentha piperita \u00f5li.<\/p>","protected":false},"excerpt":{"rendered":"<p data-start=\"0\" data-end=\"501\"><strong data-start=\"16\" data-end=\"73\">IDC Instituut - K\u00e4ekinnas Savage Hydrating Hand Mask (niisutav k\u00e4emask)<\/strong>: niisutav k\u00e4emask-kindad, mis <strong data-start=\"116\" data-end=\"165\">pehmendab, toidab ja aitab taastada mugavuse<\/strong> kuivadele, karedatele k\u00e4tele. Koostises - <strong data-start=\"208\" data-end=\"257\">sheav\u00f5i, gl\u00fctseriin, makadaamia\u00f5li<\/strong> ja mitmed vormid <strong data-start=\"273\" data-end=\"294\">h\u00fcaluroonhape<\/strong>, aitab s\u00e4ilitada niiskust. Meeldiv, v\u00e4rske mentoolil\u00f5hn. P\u00f5hineb h\u00e4sti uuritud niisutajatel (gl\u00fctseriini ja h\u00fcaluroonhappe derivaadid), mis aitavad ligi t\u00f5mmata ja s\u00e4ilitada vett naha pinnal.<\/p>\n<p data-start=\"503\" data-end=\"752\"><strong data-start=\"503\" data-end=\"526\">Miks valida<\/strong><br data-start=\"526\" data-end=\"529\" \/><strong data-start=\"529\" data-end=\"535\">\u2714\ufe0f<\/strong> Mugav \u201ekinda\u201c formaat koduseks rituaaliks<br data-start=\"578\" data-end=\"581\" \/><strong data-start=\"581\" data-end=\"587\">\u2714\ufe0f<\/strong> Pehmendab karedad kohad ja silub naha tekstuuri<br data-start=\"641\" data-end=\"644\" \/><strong data-start=\"644\" data-end=\"650\">\u2714\ufe0f<\/strong> Rikkalikult niisutavaid aineid (gl\u00fctseriin, karbamiid, HA-kompleks).<br data-start=\"719\" data-end=\"722\" \/><strong data-start=\"722\" data-end=\"728\">\u2714\ufe0f<\/strong> V\u00e4rskendav mentoolitunne<\/p>","protected":false},"featured_media":41101,"comment_status":"open","ping_status":"closed","template":"","meta":{"_acf_changed":false},"product_brand":[431],"product_cat":[92,57,393,300],"product_tag":[],"class_list":{"0":"post-41112","1":"product","2":"type-product","3":"status-publish","4":"has-post-thumbnail","6":"product_brand-idc-institute","7":"product_cat-groziui","8":"product_cat-akcijos","9":"product_cat-dovanu-idejos","10":"product_cat-kunui","12":"first","13":"instock","14":"sale","15":"shipping-taxable","16":"purchasable","17":"product-type-simple"},"acf":[],"tiered_pricing_type":"fixed","tiered_pricing_fixed_rules":[],"tiered_pricing_product_settings":{"layout":"default","base_unit_name":{"singular":null,"plural":null},"default_variation":null},"tiered_pricing_minimum_quantity":null,"tiered_pricing_roles_data":[],"tiered_pricing_percentage_rules":[],"_links":{"self":[{"href":"https:\/\/purama.lt\/ee\/wp-json\/wp\/v2\/product\/41112","targetHints":{"allow":["GET"]}}],"collection":[{"href":"https:\/\/purama.lt\/ee\/wp-json\/wp\/v2\/product"}],"about":[{"href":"https:\/\/purama.lt\/ee\/wp-json\/wp\/v2\/types\/product"}],"replies":[{"embeddable":true,"href":"https:\/\/purama.lt\/ee\/wp-json\/wp\/v2\/comments?post=41112"}],"wp:featuredmedia":[{"embeddable":true,"href":"https:\/\/purama.lt\/ee\/wp-json\/wp\/v2\/media\/41101"}],"wp:attachment":[{"href":"https:\/\/purama.lt\/ee\/wp-json\/wp\/v2\/media?parent=41112"}],"wp:term":[{"taxonomy":"product_brand","embeddable":true,"href":"https:\/\/purama.lt\/ee\/wp-json\/wp\/v2\/product_brand?post=41112"},{"taxonomy":"product_cat","embeddable":true,"href":"https:\/\/purama.lt\/ee\/wp-json\/wp\/v2\/product_cat?post=41112"},{"taxonomy":"product_tag","embeddable":true,"href":"https:\/\/purama.lt\/ee\/wp-json\/wp\/v2\/product_tag?post=41112"}],"curies":[{"name":"wp","href":"https:\/\/api.w.org\/{rel}","templated":true}]}}