{"id":41111,"date":"2025-10-22T09:52:05","date_gmt":"2025-10-22T07:52:05","guid":{"rendered":"https:\/\/purama.lt\/produktas\/ldc-institute-sveicianti-kulnu-kauke\/"},"modified":"2026-04-14T09:24:02","modified_gmt":"2026-04-14T07:24:02","slug":"kannamask-tervitades-ldc-instituuti","status":"publish","type":"product","link":"https:\/\/purama.lt\/ee\/produktas\/ldc-institute-sveicianti-kulnu-kauke\/","title":{"rendered":"IDC Institute Scrubbing Heel mask"},"content":{"rendered":"<p><strong>Kasutamine<\/strong><br>Kandke mask puhtatele, kuivadele jalgadele (kannad), vajutage kleebised peale ja hoidke <strong>60-90 min.<\/strong><br>Eemaldage ja loputage veega; kasutage vastavalt vajadusele.<br>Hoiatused: ainult v\u00e4lispidiseks kasutamiseks, v\u00e4ltida silma\u00fcmbruse piirkonda, <strong>mitte kanda katki v\u00f5i \u00e4rritunud nahale<\/strong>, \u00e4rrituse korral katkestada.<\/p>\n\n\n\n<p><strong>Koostisosad<\/strong><br>aqua, alcohol denat., karbamiid, piimhape, naatriumlaurethsulfaat, gl\u00fctseriin, peg-80 sorbitaanlauraat, kaaliumh\u00fcdroksiid, gl\u00fckoolhape, h\u00fcdroks\u00fcet\u00fc\u00fcltselluloos, but\u00fcleengl\u00fckool, durvillaea antartica ekstrakt, 1,2-heksandiool, h\u00fcdroks\u00fcatsetofenoon, parf\u00fc\u00fcm, limoneen<\/p>","protected":false},"excerpt":{"rendered":"<p data-start=\"0\" data-end=\"565\"><strong data-start=\"16\" data-end=\"67\">IDC Instituut - Kummeli kooriv kannamask<\/strong> - kontsad <strong data-start=\"112\" data-end=\"144\">kooriv sokkide mask<\/strong>, aitab eemaldada koldelise naha ja taastada pehmuse. Mugav kasutada kodus enne pedik\u00fc\u00fcri v\u00f5i selle vahel. <strong data-start=\"262\" data-end=\"297\">karbamiid, piimhape ja gl\u00fckoolhape<\/strong> lahustab \u00f5rnalt surnud rakud, <strong data-start=\"332\" data-end=\"346\">gl\u00fctserool<\/strong> aitab s\u00e4ilitada niiskust ja kummel annab meeldiva aroomi. Peamised omadused: pehmendab ja silub, s\u00e4ilitab niiskustasakaalu, aitab siluda karedad kohad, mugav sokiformaat, v\u00e4rskendav tunne p\u00e4rast hooldust.<\/p>\n<p data-start=\"567\" data-end=\"803\"><strong data-start=\"567\" data-end=\"590\">Miks valida<\/strong><br data-start=\"590\" data-end=\"593\" \/>\u2714\ufe0f Sihtotstarbeline hooldus kontsadele ja karedatele piirkondadele<br data-start=\"645\" data-end=\"648\" \/>\u2714\ufe0f Urea + AHA (piimhape ja gl\u00fckoolhape) \u00f5rnaks koorimiseks.<br data-start=\"712\" data-end=\"715\" \/>\u2714\ufe0f Gl\u00fctseriin aitab s\u00e4ilitada niiskust<br data-start=\"752\" data-end=\"755\" \/>\u2714\ufe0f Mugavad \u00fchekordsed \u201esokid\u201c koduseks rituaaliks.<\/p>","protected":false},"featured_media":41100,"comment_status":"open","ping_status":"closed","template":"","meta":{"_acf_changed":false},"product_brand":[431],"product_cat":[392,57,92,300],"product_tag":[],"class_list":{"0":"post-41111","1":"product","2":"type-product","3":"status-publish","4":"has-post-thumbnail","6":"product_brand-idc-institute","7":"product_cat-pedu-kaukes","8":"product_cat-akcijos","9":"product_cat-groziui","10":"product_cat-kunui","12":"first","13":"instock","14":"sale","15":"shipping-taxable","16":"purchasable","17":"product-type-simple"},"acf":[],"tiered_pricing_type":"fixed","tiered_pricing_fixed_rules":[],"tiered_pricing_product_settings":{"layout":"default","base_unit_name":{"singular":null,"plural":null},"default_variation":null},"tiered_pricing_minimum_quantity":null,"tiered_pricing_roles_data":[],"tiered_pricing_percentage_rules":[],"_links":{"self":[{"href":"https:\/\/purama.lt\/ee\/wp-json\/wp\/v2\/product\/41111","targetHints":{"allow":["GET"]}}],"collection":[{"href":"https:\/\/purama.lt\/ee\/wp-json\/wp\/v2\/product"}],"about":[{"href":"https:\/\/purama.lt\/ee\/wp-json\/wp\/v2\/types\/product"}],"replies":[{"embeddable":true,"href":"https:\/\/purama.lt\/ee\/wp-json\/wp\/v2\/comments?post=41111"}],"wp:featuredmedia":[{"embeddable":true,"href":"https:\/\/purama.lt\/ee\/wp-json\/wp\/v2\/media\/41100"}],"wp:attachment":[{"href":"https:\/\/purama.lt\/ee\/wp-json\/wp\/v2\/media?parent=41111"}],"wp:term":[{"taxonomy":"product_brand","embeddable":true,"href":"https:\/\/purama.lt\/ee\/wp-json\/wp\/v2\/product_brand?post=41111"},{"taxonomy":"product_cat","embeddable":true,"href":"https:\/\/purama.lt\/ee\/wp-json\/wp\/v2\/product_cat?post=41111"},{"taxonomy":"product_tag","embeddable":true,"href":"https:\/\/purama.lt\/ee\/wp-json\/wp\/v2\/product_tag?post=41111"}],"curies":[{"name":"wp","href":"https:\/\/api.w.org\/{rel}","templated":true}]}}