{"id":41110,"date":"2025-10-22T09:52:04","date_gmt":"2025-10-22T07:52:04","guid":{"rendered":"https:\/\/purama.lt\/produktas\/ldc-institute-pedu-burbuliukai\/"},"modified":"2026-04-14T09:24:02","modified_gmt":"2026-04-14T07:24:02","slug":"pedu-mullid-idc-instituudis","status":"publish","type":"product","link":"https:\/\/purama.lt\/ee\/produktas\/idc-institute-pedu-burbuliukai\/","title":{"rendered":"IDC Instituut Jalamullid"},"content":{"rendered":"<p><strong>Kasutamine<\/strong><br>Asetage \u00fcks tablett sooja jalavanni, oodake, kuni see on t\u00e4ielikult lahustunud, ja leotage jalgu vastavalt vajadusele.<br>J\u00e4rgige pakendil olevaid juhiseid.<\/p>\n\n\n\n<p><strong>Koostisosad<\/strong><br>teavet ei ole esitatud, vaadake palun pakendi etiketilt.<\/p>","protected":false},"excerpt":{"rendered":"<p data-start=\"0\" data-end=\"449\"><strong data-start=\"16\" data-end=\"48\">IDC Instituut - Foot Fizzers: <\/strong>kihisevad jalavannitabletid, mis kiiresti <strong data-start=\"128\" data-end=\"155\">v\u00e4rskendav ja l\u00f5\u00f5gastav<\/strong> v\u00e4sinud jalad. Mugav kasutada kodus enne pedik\u00fc\u00fcri v\u00f5i p\u00e4rast intensiivset p\u00e4eva. Meeldivalt v\u00e4rske l\u00f5hnaga, \u00f5rn koostis igap\u00e4evaseks rituaaliks. <strong data-start=\"301\" data-end=\"395\">Vahuvann aitab nahka pehmendada ja h\u00f5lbustab pehmete ladestuste mehaanilist eemaldamist.<\/strong> (neutraalne, igap\u00e4evase hoolduse m\u00f5ju).<\/p>\n<p data-start=\"451\" data-end=\"675\"><strong data-start=\"451\" data-end=\"474\">Miks valida<\/strong><br data-start=\"474\" data-end=\"477\" \/>\u2714\ufe0f V\u00e4rskendav tunne ja kerguse tunne jalgadele.<br data-start=\"521\" data-end=\"524\" \/>\u2714\ufe0f Aitab nahka pehmendada enne pedik\u00fc\u00fcri.<br data-start=\"566\" data-end=\"569\" \/>\u2714\ufe0f Lihtne kasutada - lihtsalt lahustada soojas vees.<br data-start=\"627\" data-end=\"630\" data-is-only-node=\"\" \/>\u2714\ufe0f Meeldiv l\u00f5hn igap\u00e4evaseks l\u00f5\u00f5gastumiseks.<\/p>","protected":false},"featured_media":41107,"comment_status":"open","ping_status":"closed","template":"","meta":{"_acf_changed":false},"product_brand":[431],"product_cat":[392,92,300,500],"product_tag":[],"class_list":{"0":"post-41110","1":"product","2":"type-product","3":"status-publish","4":"has-post-thumbnail","6":"product_brand-idc-institute","7":"product_cat-pedu-kaukes","8":"product_cat-groziui","9":"product_cat-kunui","10":"product_cat-outlet","12":"first","13":"instock","14":"sale","15":"shipping-taxable","16":"purchasable","17":"product-type-simple"},"acf":[],"tiered_pricing_type":"fixed","tiered_pricing_fixed_rules":[],"tiered_pricing_product_settings":{"layout":"default","base_unit_name":{"singular":null,"plural":null},"default_variation":null},"tiered_pricing_minimum_quantity":null,"tiered_pricing_roles_data":[],"tiered_pricing_percentage_rules":[],"_links":{"self":[{"href":"https:\/\/purama.lt\/ee\/wp-json\/wp\/v2\/product\/41110","targetHints":{"allow":["GET"]}}],"collection":[{"href":"https:\/\/purama.lt\/ee\/wp-json\/wp\/v2\/product"}],"about":[{"href":"https:\/\/purama.lt\/ee\/wp-json\/wp\/v2\/types\/product"}],"replies":[{"embeddable":true,"href":"https:\/\/purama.lt\/ee\/wp-json\/wp\/v2\/comments?post=41110"}],"wp:featuredmedia":[{"embeddable":true,"href":"https:\/\/purama.lt\/ee\/wp-json\/wp\/v2\/media\/41107"}],"wp:attachment":[{"href":"https:\/\/purama.lt\/ee\/wp-json\/wp\/v2\/media?parent=41110"}],"wp:term":[{"taxonomy":"product_brand","embeddable":true,"href":"https:\/\/purama.lt\/ee\/wp-json\/wp\/v2\/product_brand?post=41110"},{"taxonomy":"product_cat","embeddable":true,"href":"https:\/\/purama.lt\/ee\/wp-json\/wp\/v2\/product_cat?post=41110"},{"taxonomy":"product_tag","embeddable":true,"href":"https:\/\/purama.lt\/ee\/wp-json\/wp\/v2\/product_tag?post=41110"}],"curies":[{"name":"wp","href":"https:\/\/api.w.org\/{rel}","templated":true}]}}