{"id":40989,"date":"2025-10-21T09:21:42","date_gmt":"2025-10-21T07:21:42","guid":{"rendered":"https:\/\/purama.lt\/produktas\/natures-finest-riebalu-deginimo-arbata\/"},"modified":"2026-04-16T13:03:24","modified_gmt":"2026-04-16T11:03:24","slug":"natures-finest-fat-burning-tea","status":"publish","type":"product","link":"https:\/\/purama.lt\/ee\/produktas\/natures-finest-riebalu-deginimo-arbata\/","title":{"rendered":"Looduse parim rasvap\u00f5letamise tee"},"content":{"rendered":"<div class=\"purama-ebook-promo\">\r\n  <div class=\"pep-content\">\r\n    <span class=\"pep-eyebrow\">Nature's Finest toodete ostmisel<\/span>\r\n    <h2 class=\"pep-title\">Tasuta e-raamat kingituseks<\/h2>\r\n    <p class=\"pep-desc\">Meie ekspertide koostatud n\u00f5uanded ja retseptid aitavad teid tervisliku toitumise ja igap\u00e4evaste treeningute teekonnal \u2013 <strong>kingitus iga Nature\u2019s Finest tellimuse juurde alates 30 \u20ac.<\/strong><\/p>\r\n  <\/div>\r\n  <div class=\"pep-visual\">\r\n    <img decoding=\"async\" src=\"https:\/\/purama.lt\/wp-content\/uploads\/2026\/04\/receptu-knyga.png\" alt=\"Tasuta e-raamat \u2013 kingitus iga Nature&#039;s Finest tellimuse puhul alates 30 \u20ac\" loading=\"lazy\" \/>\r\n  <\/div>\r\n<\/div>\r\n\r\n<style>\r\n.purama-ebook-promo{\r\n  font-family:Inter,-apple-system,BlinkMacSystemFont,sans-serif;\r\n  display:grid;\r\n  grid-template-columns:1.1fr 1fr;\r\n  gap:48px;\r\n  align-items:center;\r\n  padding:48px;\r\n  margin:32px 0;\r\n  background:#f8f8f8;\r\n  border:1px solid #eee;\r\n  border-radius:12px;\r\n  position:relative;\r\n  overflow:hidden;\r\n}\r\n.purama-ebook-promo::before{\r\n  content:\"\";\r\n  position:absolute;\r\n  top:-120px;right:-120px;\r\n  width:340px;height:340px;\r\n  background:radial-gradient(circle,rgba(220,152,20,.08) 0%,transparent 70%);\r\n  border-radius:50%;\r\n  pointer-events:none;\r\n}\r\n.pep-content{position:relative;z-index:2;}\r\n.pep-eyebrow{\r\n  display:inline-block;\r\n  font-family:Inter,sans-serif;\r\n  font-size:13px;\r\n  font-weight:600;\r\n  letter-spacing:.3px;\r\n  text-transform:uppercase;\r\n  color:#dc9814;\r\n  margin-bottom:14px;\r\n  line-height:1.5;\r\n}\r\n.pep-title{\r\n  font-family:Inter,sans-serif;\r\n  font-size:34px;\r\n  line-height:1.2;\r\n  font-weight:600;\r\n  letter-spacing:-.5px;\r\n  color:#111;\r\n  margin:0 0 18px;\r\n}\r\n.pep-desc{\r\n  font-family:Inter,sans-serif;\r\n  font-size:16px;\r\n  line-height:1.6;\r\n  font-weight:400;\r\n  color:#444;\r\n  margin:0;\r\n}\r\n.pep-desc strong{\r\n  font-weight:600;\r\n  color:#111;\r\n}\r\n.pep-visual{\r\n  position:relative;\r\n  z-index:2;\r\n  text-align:center;\r\n}\r\n.pep-visual img{\r\n  max-width:100%;\r\n  height:auto;\r\n  filter:drop-shadow(0 22px 44px rgba(0,0,0,.15));\r\n  transform:rotate(-2deg);\r\n  transition:transform .4s ease;\r\n}\r\n.pep-visual img:hover{transform:rotate(0deg) scale(1.02);}\r\n@media (max-width:860px){\r\n  .purama-ebook-promo{\r\n    grid-template-columns:1fr;\r\n    padding:28px 22px;\r\n    gap:24px;\r\n  }\r\n  .pep-title{font-size:26px;}\r\n  .pep-visual img{max-width:260px;transform:rotate(0deg);}\r\n}\r\n<\/style>\n\n\n\n<p><strong>Tarbimine:<\/strong><br>Soovitatav on keeta 1-2 teelusikat\u00e4it teed ja j\u00e4tta see 5-10 minutiks, kuni k\u00f5ik v\u00e4\u00e4rtuslikud koostisosad on vabanenud. Parima tulemuse saavutamiseks jooge 1-2 korda p\u00e4evas.<\/p>\n\n\n\n<p><strong>Komponendid:<\/strong><\/p>\n\n\n\n<ul class=\"wp-block-list\">\n<li>Roheline tee<\/li>\n\n\n\n<li>Guarana<\/li>\n\n\n\n<li>Ingver<\/li>\n\n\n\n<li>Piparm\u00fcnt<\/li>\n\n\n\n<li>Kaneelikoore<\/li>\n\n\n\n<li>Paprika<\/li>\n\n\n\n<li>Lemongrass<\/li>\n\n\n\n<li>Mandlikoor<\/li>\n\n\n\n<li>Musta redise ekstrakt<\/li>\n<\/ul>\n\n\n\n<p>Kas otsite rohkem? Vaadake t\u00e4ielikku <a href=\"\/ee\/tootesildid\/natures-finest\/\">Nature\u2019s Finest sortimenti<\/a>.<\/p>","protected":false},"excerpt":{"rendered":"<p data-start=\"302\" data-end=\"616\"><span data-sheets-root=\"1\"><strong data-start=\"302\" data-end=\"349\">Nature's Finest Fatburn tee<\/strong><\/span>- on looduslik tee rasva p\u00f5letamiseks ja kaalulangetamiseks. Selles tees sisalduvad taimeekstraktid aitavad kiirendada ainevahetust, p\u00f5letada rasva ja v\u00e4hendada s\u00f6\u00f6giisu. See tee on ideaalne seedimise parandamiseks ja tervisliku kehakaalu s\u00e4ilitamiseks.<\/p>\n<p data-start=\"618\" data-end=\"1039\"><strong data-start=\"618\" data-end=\"642\">Miks valida:<\/strong><\/p>\n<p data-start=\"618\" data-end=\"1039\">\u2714\ufe0f <strong data-start=\"646\" data-end=\"667\">Rasvap\u00f5letus<\/strong>A: aitab edendada rasvap\u00f5letust ja parandada ainevahetust<br data-start=\"732\" data-end=\"735\" \/>\u2714\ufe0f <strong data-start=\"738\" data-end=\"765\">Soodustab kaalulangust<\/strong>: Looduslikud koostisosad aitavad v\u00e4hendada s\u00f6\u00f6giisu ja tagavad tervisliku kaalulanguse<br data-start=\"851\" data-end=\"854\" \/>\u2714\ufe0f <strong data-start=\"857\" data-end=\"883\">Detoksifitseerib keha<\/strong>: Aitab puhastada keha toksiinidest ja parandada seedimist.<br data-start=\"945\" data-end=\"948\" \/>\u2714\ufe0f <strong data-start=\"951\" data-end=\"973\">Kasutamise lihtsus<\/strong>: mugavalt valmistatav tee, mida saate nautida igal ajal.<\/p>\n<p data-start=\"1041\" data-end=\"1243\">\u00a0<\/p>","protected":false},"featured_media":41024,"comment_status":"open","ping_status":"closed","template":"","meta":{"_acf_changed":false},"product_brand":[441],"product_cat":[60,57,260,262,123],"product_tag":[],"class_list":{"0":"post-40989","1":"product","2":"type-product","3":"status-publish","4":"has-post-thumbnail","6":"product_brand-natures-finest","7":"product_cat-mitybai","8":"product_cat-akcijos","9":"product_cat-energijai-ir-apykaitai","10":"product_cat-medziagu-apykaita","11":"product_cat-papildai-ilgaamziskumui","13":"first","14":"instock","15":"sale","16":"shipping-taxable","17":"purchasable","18":"product-type-simple"},"acf":[],"tiered_pricing_type":"fixed","tiered_pricing_fixed_rules":[],"tiered_pricing_product_settings":{"layout":"default","base_unit_name":{"singular":null,"plural":null},"default_variation":null},"tiered_pricing_minimum_quantity":null,"tiered_pricing_roles_data":[],"tiered_pricing_percentage_rules":[],"_links":{"self":[{"href":"https:\/\/purama.lt\/ee\/wp-json\/wp\/v2\/product\/40989","targetHints":{"allow":["GET"]}}],"collection":[{"href":"https:\/\/purama.lt\/ee\/wp-json\/wp\/v2\/product"}],"about":[{"href":"https:\/\/purama.lt\/ee\/wp-json\/wp\/v2\/types\/product"}],"replies":[{"embeddable":true,"href":"https:\/\/purama.lt\/ee\/wp-json\/wp\/v2\/comments?post=40989"}],"wp:featuredmedia":[{"embeddable":true,"href":"https:\/\/purama.lt\/ee\/wp-json\/wp\/v2\/media\/41024"}],"wp:attachment":[{"href":"https:\/\/purama.lt\/ee\/wp-json\/wp\/v2\/media?parent=40989"}],"wp:term":[{"taxonomy":"product_brand","embeddable":true,"href":"https:\/\/purama.lt\/ee\/wp-json\/wp\/v2\/product_brand?post=40989"},{"taxonomy":"product_cat","embeddable":true,"href":"https:\/\/purama.lt\/ee\/wp-json\/wp\/v2\/product_cat?post=40989"},{"taxonomy":"product_tag","embeddable":true,"href":"https:\/\/purama.lt\/ee\/wp-json\/wp\/v2\/product_tag?post=40989"}],"curies":[{"name":"wp","href":"https:\/\/api.w.org\/{rel}","templated":true}]}}