{"id":40988,"date":"2025-10-21T09:21:41","date_gmt":"2025-10-21T07:21:41","guid":{"rendered":"https:\/\/purama.lt\/produktas\/natures-finest-3x-metabolizmo-kontrolei\/"},"modified":"2026-04-13T16:27:08","modified_gmt":"2026-04-13T14:27:08","slug":"looduse-parimad-3x-ainevahetuse-kontrollimiseks","status":"publish","type":"product","link":"https:\/\/purama.lt\/ee\/produktas\/natures-finest-3x-metabolizmo-kontrolei\/","title":{"rendered":"Nature's Finest 3X ainevahetuse kontrollimiseks"},"content":{"rendered":"<p><strong>Tarbimine:<\/strong><br>Soovitatav on segada 1-2 teelusikat\u00e4it pulbrit klaasi vee, mahla v\u00f5i smuutiga. V\u00f5tke iga p\u00e4ev parimate tulemuste saavutamiseks.<\/p>\n\n\n\n<p><strong>Komponendid:<\/strong><\/p>\n\n\n\n<ul class=\"wp-block-list\">\n<li>Pygium africanum (saabal palmi ekstrakt)<\/li>\n\n\n\n<li>Garcinia Cambogia (Garcinia ekstrakt)<\/li>\n\n\n\n<li>Silybum marianum (odraekstrakt)<\/li>\n\n\n\n<li>Kroom<\/li>\n\n\n\n<li>L-karnitiin<\/li>\n\n\n\n<li>Viinamarjaseemne ekstrakt<\/li>\n\n\n\n<li>Apelsinikoore ekstrakt<\/li>\n\n\n\n<li>Tsink<\/li>\n\n\n\n<li>K\u00f5rvitsaseemne ekstrakt<\/li>\n<\/ul>\n\n\n\n<p>Kas otsite rohkem? Vaadake t\u00e4ielikku <a href=\"\/ee\/tootesildid\/looduse-parimad\/\">Nature\u2019s Finest sortimenti<\/a>.<\/p>","protected":false},"excerpt":{"rendered":"<p data-start=\"203\" data-end=\"641\"><strong data-start=\"203\" data-end=\"241\">Nature's Finest Triple Blocker Pro<\/strong> - on v\u00f5imas pulbriline toidulisand, mis on m\u00f5eldud kaalulanguseks ja s\u00fcsivesikute blokeerimiseks. See sisaldab looduslikke koostisosi, nagu sabal palmi, Garcinia Cambogia ja odra ekstraktid, mis aitavad p\u00e4rssida s\u00f6\u00f6giisu, v\u00e4hendada s\u00fcsivesikute imendumist ja soodustada rasvap\u00f5letust. See toidulisand on suurep\u00e4rane valik neile, kes soovivad kaalust alla v\u00f5tta ja s\u00e4ilitada tervislikku ainevahetust.<\/p>\n<p data-start=\"643\" data-end=\"1224\"><strong data-start=\"643\" data-end=\"667\">Miks valida:<\/strong><br \/>\u2714\ufe0f <strong data-start=\"671\" data-end=\"691\">Kaalu v\u00e4hendamine<\/strong>A: aitab t\u00f5husalt v\u00e4hendada kehakaalu ja parandada ainevahetust.<br data-start=\"762\" data-end=\"765\" \/>\u2714\ufe0f <strong data-start=\"768\" data-end=\"797\">S\u00fcsivesikute blokeerimine<\/strong>: Blokeerib s\u00fcsivesikute imendumist ja aitab kontrollida kaalut\u00f5usu.<br data-start=\"873\" data-end=\"876\" \/>\u2714\ufe0f <strong data-start=\"879\" data-end=\"911\">Garcinia Cambogia ekstrakt<\/strong>: Aitab v\u00e4hendada s\u00f6\u00f6giisu ja soodustab rasvap\u00f5letust.<br data-start=\"965\" data-end=\"968\" \/>\u2714\ufe0f <strong data-start=\"971\" data-end=\"997\">Looduslikud koostisosad<\/strong>: P\u00f5hineb ravimtaimedel ja muudel looduslikel koostisosadel, mis toetavad tervislikku kehakaalu ja energiataset.<br data-start=\"1104\" data-end=\"1107\" \/>\u2714\ufe0f <strong data-start=\"1110\" data-end=\"1132\">Mugav kasutamine<\/strong>: Parima tulemuse saavutamiseks segatakse h\u00f5lpsasti veega, mahla v\u00f5i smuutiga.<\/p>","protected":false},"featured_media":41023,"comment_status":"open","ping_status":"closed","template":"","meta":{"_acf_changed":false},"product_brand":[441],"product_cat":[262,57,260,123],"product_tag":[],"class_list":{"0":"post-40988","1":"product","2":"type-product","3":"status-publish","4":"has-post-thumbnail","6":"product_brand-natures-finest","7":"product_cat-medziagu-apykaita","8":"product_cat-akcijos","9":"product_cat-energijai-ir-apykaitai","10":"product_cat-papildai-ilgaamziskumui","12":"first","13":"instock","14":"sale","15":"shipping-taxable","16":"purchasable","17":"product-type-simple"},"acf":[],"tiered_pricing_type":"fixed","tiered_pricing_fixed_rules":[],"tiered_pricing_product_settings":{"layout":"default","base_unit_name":{"singular":null,"plural":null},"default_variation":null},"tiered_pricing_minimum_quantity":null,"tiered_pricing_roles_data":[],"tiered_pricing_percentage_rules":[],"_links":{"self":[{"href":"https:\/\/purama.lt\/ee\/wp-json\/wp\/v2\/product\/40988","targetHints":{"allow":["GET"]}}],"collection":[{"href":"https:\/\/purama.lt\/ee\/wp-json\/wp\/v2\/product"}],"about":[{"href":"https:\/\/purama.lt\/ee\/wp-json\/wp\/v2\/types\/product"}],"replies":[{"embeddable":true,"href":"https:\/\/purama.lt\/ee\/wp-json\/wp\/v2\/comments?post=40988"}],"wp:featuredmedia":[{"embeddable":true,"href":"https:\/\/purama.lt\/ee\/wp-json\/wp\/v2\/media\/41023"}],"wp:attachment":[{"href":"https:\/\/purama.lt\/ee\/wp-json\/wp\/v2\/media?parent=40988"}],"wp:term":[{"taxonomy":"product_brand","embeddable":true,"href":"https:\/\/purama.lt\/ee\/wp-json\/wp\/v2\/product_brand?post=40988"},{"taxonomy":"product_cat","embeddable":true,"href":"https:\/\/purama.lt\/ee\/wp-json\/wp\/v2\/product_cat?post=40988"},{"taxonomy":"product_tag","embeddable":true,"href":"https:\/\/purama.lt\/ee\/wp-json\/wp\/v2\/product_tag?post=40988"}],"curies":[{"name":"wp","href":"https:\/\/api.w.org\/{rel}","templated":true}]}}