{"id":40987,"date":"2025-10-21T09:21:39","date_gmt":"2025-10-21T07:21:39","guid":{"rendered":"https:\/\/purama.lt\/produktas\/natures-finest-hormonu-pusiausvyrai\/"},"modified":"2026-04-09T14:33:02","modified_gmt":"2026-04-09T12:33:02","slug":"natures-finest-hormone-balance-pro","status":"publish","type":"product","link":"https:\/\/purama.lt\/ee\/produktas\/natures-finest-hormonu-pusiausvyrai\/","title":{"rendered":"Nature's Finest Hormone Balance"},"content":{"rendered":"<p><strong>Tarbimine:<\/strong><br>Soovitatav on segada 1-2 teelusikat\u00e4it pulbrit vee, mahla v\u00f5i smuutiga. V\u00f5tke \u00fcks kord p\u00e4evas. Parima tulemuse saavutamiseks v\u00f5tke regulaarselt.<\/p>\n\n\n\n<p><strong>Komponendid:<\/strong><\/p>\n\n\n\n<ul class=\"wp-block-list\">\n<li>Maca juur<\/li>\n\n\n\n<li>Punane ristik<\/li>\n\n\n\n<li>Vitamiinid ja mineraalid, mis aitavad s\u00e4ilitada hormonaalset tasakaalu<\/li>\n\n\n\n<li>Muud abiained toote t\u00f5hususe tagamiseks<\/li>\n<\/ul>\n\n\n\n<p><strong>Toiduainete k\u00e4itlemise sertifikaat:&nbsp;<\/strong>69MTSPA-667<\/p>\n\n\n\n<p>Kas otsite rohkem? Vaadake t\u00e4ielikku <a href=\"\/ee\/tootesildid\/natures-finest\/\">Nature\u2019s Finest sortimenti<\/a>.<\/p>","protected":false},"excerpt":{"rendered":"<p data-start=\"204\" data-end=\"544\"><strong data-start=\"204\" data-end=\"243\">Nature's Finest Hormone Balance Pro<\/strong> - on looduslik pulbriline toidulisand, mis on m\u00f5eldud hormonaalse tasakaalu toetamiseks ja naiste heaolu parandamiseks. Taimsed koostisosad, nagu makajuur ja punane ristik, aitavad s\u00e4ilitada hormonaalset tasakaalu, v\u00e4hendada menstruatsioonih\u00e4ireid ja parandada \u00fcldist energiataset.<\/p>\n<p data-start=\"546\" data-end=\"1100\"><strong data-start=\"546\" data-end=\"570\">Miks valida:<\/strong><br \/>\u2714\ufe0f <strong data-start=\"574\" data-end=\"601\">Toetab hormonaalset tasakaalu<\/strong>: Aitab tasakaalustada hormoone ja v\u00e4hendada hormoonide tasakaalustamatusega seotud s\u00fcmptomeid.<br data-start=\"687\" data-end=\"690\" \/>\u2714\ufe0f <strong data-start=\"693\" data-end=\"708\">Maca juur<\/strong>: Looduslikult aitab s\u00e4ilitada energia ja hormoonide tasakaalu.<br data-start=\"765\" data-end=\"768\" \/>\u2714\ufe0f <strong data-start=\"771\" data-end=\"793\">Punane ristik<\/strong>: aitab naistel reguleerida oma menstruatsioonits\u00fcklit ja v\u00e4hendada menopausis\u00fcmptomeid.<br data-start=\"882\" data-end=\"885\" \/>\u2714\ufe0f <strong data-start=\"888\" data-end=\"914\">Looduslikud koostisosad<\/strong>: Sisaldab ainult ohutuid ja looduslikke ravimtaimi, mis soodustavad hormonaalset tasakaalu ja parandavad heaolu.<br data-start=\"1011\" data-end=\"1014\" \/>\u2714\ufe0f <strong data-start=\"1017\" data-end=\"1045\">Toetab \u00fcldist heaolu<\/strong>: Aitab v\u00e4hendada v\u00e4simust, stressi ja parandada meeleolu.<\/p>\n<p><strong data-start=\"1056\" data-end=\"1113\" data-is-only-node=\"\">Otsid veel Nature's Finest? <a href=\"https:\/\/purama.lt\/ee\/tootesildid\/natures-finest\/\">Vaata kogu Nature's Finest valikut<\/a><br \/><\/strong><\/p>","protected":false},"featured_media":41020,"comment_status":"open","ping_status":"closed","template":"","meta":{"_acf_changed":false},"product_brand":[441],"product_cat":[123,260,262],"product_tag":[],"class_list":{"0":"post-40987","1":"product","2":"type-product","3":"status-publish","4":"has-post-thumbnail","6":"product_brand-natures-finest","7":"product_cat-papildai-ilgaamziskumui","8":"product_cat-energijai-ir-apykaitai","9":"product_cat-medziagu-apykaita","11":"first","12":"outofstock","13":"shipping-taxable","14":"purchasable","15":"product-type-simple"},"acf":[],"tiered_pricing_type":"fixed","tiered_pricing_fixed_rules":[],"tiered_pricing_product_settings":{"layout":"default","base_unit_name":{"singular":null,"plural":null},"default_variation":null},"tiered_pricing_minimum_quantity":null,"tiered_pricing_roles_data":[],"tiered_pricing_percentage_rules":[],"_links":{"self":[{"href":"https:\/\/purama.lt\/ee\/wp-json\/wp\/v2\/product\/40987","targetHints":{"allow":["GET"]}}],"collection":[{"href":"https:\/\/purama.lt\/ee\/wp-json\/wp\/v2\/product"}],"about":[{"href":"https:\/\/purama.lt\/ee\/wp-json\/wp\/v2\/types\/product"}],"replies":[{"embeddable":true,"href":"https:\/\/purama.lt\/ee\/wp-json\/wp\/v2\/comments?post=40987"}],"wp:featuredmedia":[{"embeddable":true,"href":"https:\/\/purama.lt\/ee\/wp-json\/wp\/v2\/media\/41020"}],"wp:attachment":[{"href":"https:\/\/purama.lt\/ee\/wp-json\/wp\/v2\/media?parent=40987"}],"wp:term":[{"taxonomy":"product_brand","embeddable":true,"href":"https:\/\/purama.lt\/ee\/wp-json\/wp\/v2\/product_brand?post=40987"},{"taxonomy":"product_cat","embeddable":true,"href":"https:\/\/purama.lt\/ee\/wp-json\/wp\/v2\/product_cat?post=40987"},{"taxonomy":"product_tag","embeddable":true,"href":"https:\/\/purama.lt\/ee\/wp-json\/wp\/v2\/product_tag?post=40987"}],"curies":[{"name":"wp","href":"https:\/\/api.w.org\/{rel}","templated":true}]}}