{"id":40986,"date":"2025-10-21T09:21:38","date_gmt":"2025-10-21T07:21:38","guid":{"rendered":"https:\/\/purama.lt\/produktas\/natures-finests-bio-detoksikacijos-misinys\/"},"modified":"2026-04-16T13:04:01","modified_gmt":"2026-04-16T11:04:01","slug":"natures-finests-bio-detoksikatsiooni-kauss","status":"publish","type":"product","link":"https:\/\/purama.lt\/ee\/produktas\/natures-finests-bio-detoksikacijos-misinys\/","title":{"rendered":"Nature's Finest Bio Detox Blend"},"content":{"rendered":"<div class=\"purama-ebook-promo\">\r\n  <div class=\"pep-content\">\r\n    <span class=\"pep-eyebrow\">Nature's Finest toodete ostmisel<\/span>\r\n    <h2 class=\"pep-title\">Tasuta e-raamat kingituseks<\/h2>\r\n    <p class=\"pep-desc\">Meie ekspertide koostatud n\u00f5uanded ja retseptid aitavad teid tervisliku toitumise ja igap\u00e4evaste treeningute teekonnal \u2013 <strong>kingitus iga Nature\u2019s Finest tellimuse juurde alates 30 \u20ac.<\/strong><\/p>\r\n  <\/div>\r\n  <div class=\"pep-visual\">\r\n    <img decoding=\"async\" src=\"https:\/\/purama.lt\/wp-content\/uploads\/2026\/04\/receptu-knyga.png\" alt=\"Tasuta e-raamat \u2013 kingitus iga Nature&#039;s Finest tellimuse puhul alates 30 \u20ac\" loading=\"lazy\" \/>\r\n  <\/div>\r\n<\/div>\r\n\r\n<style>\r\n.purama-ebook-promo{\r\n  font-family:Inter,-apple-system,BlinkMacSystemFont,sans-serif;\r\n  display:grid;\r\n  grid-template-columns:1.1fr 1fr;\r\n  gap:48px;\r\n  align-items:center;\r\n  padding:48px;\r\n  margin:32px 0;\r\n  background:#f8f8f8;\r\n  border:1px solid #eee;\r\n  border-radius:12px;\r\n  position:relative;\r\n  overflow:hidden;\r\n}\r\n.purama-ebook-promo::before{\r\n  content:\"\";\r\n  position:absolute;\r\n  top:-120px;right:-120px;\r\n  width:340px;height:340px;\r\n  background:radial-gradient(circle,rgba(220,152,20,.08) 0%,transparent 70%);\r\n  border-radius:50%;\r\n  pointer-events:none;\r\n}\r\n.pep-content{position:relative;z-index:2;}\r\n.pep-eyebrow{\r\n  display:inline-block;\r\n  font-family:Inter,sans-serif;\r\n  font-size:13px;\r\n  font-weight:600;\r\n  letter-spacing:.3px;\r\n  text-transform:uppercase;\r\n  color:#dc9814;\r\n  margin-bottom:14px;\r\n  line-height:1.5;\r\n}\r\n.pep-title{\r\n  font-family:Inter,sans-serif;\r\n  font-size:34px;\r\n  line-height:1.2;\r\n  font-weight:600;\r\n  letter-spacing:-.5px;\r\n  color:#111;\r\n  margin:0 0 18px;\r\n}\r\n.pep-desc{\r\n  font-family:Inter,sans-serif;\r\n  font-size:16px;\r\n  line-height:1.6;\r\n  font-weight:400;\r\n  color:#444;\r\n  margin:0;\r\n}\r\n.pep-desc strong{\r\n  font-weight:600;\r\n  color:#111;\r\n}\r\n.pep-visual{\r\n  position:relative;\r\n  z-index:2;\r\n  text-align:center;\r\n}\r\n.pep-visual img{\r\n  max-width:100%;\r\n  height:auto;\r\n  filter:drop-shadow(0 22px 44px rgba(0,0,0,.15));\r\n  transform:rotate(-2deg);\r\n  transition:transform .4s ease;\r\n}\r\n.pep-visual img:hover{transform:rotate(0deg) scale(1.02);}\r\n@media (max-width:860px){\r\n  .purama-ebook-promo{\r\n    grid-template-columns:1fr;\r\n    padding:28px 22px;\r\n    gap:24px;\r\n  }\r\n  .pep-title{font-size:26px;}\r\n  .pep-visual img{max-width:260px;transform:rotate(0deg);}\r\n}\r\n<\/style>\n\n\n\n<p><strong>Tarbimine:<\/strong><br>Soovitatav on segada 15 ml klaasi veega. V\u00f5tke iga p\u00e4ev hommikul v\u00f5i vastavalt vajadusele, et saavutada parimad tulemused.<\/p>\n\n\n\n<p><strong>Komponendid:<\/strong><\/p>\n\n\n\n<ul class=\"wp-block-list\">\n<li>Klorof\u00fcll<\/li>\n\n\n\n<li>Apelsini ekstrakt<\/li>\n\n\n\n<li>Ananassi ekstrakt<\/li>\n\n\n\n<li>Muud looduslikud taimsed koostisosad, mis soodustavad detoksikatsiooni ja energia taastumist<\/li>\n<\/ul>\n\n\n\n<p><strong>Toiduainete k\u00e4itlemise sertifikaat:&nbsp;<\/strong>69MTSPA-667<\/p>\n\n\n\n<p>Kas otsite rohkem? Vaadake t\u00e4ielikku <a href=\"\/ee\/tootesildid\/natures-finest\/\">Nature\u2019s Finest sortimenti<\/a>.<\/p>","protected":false},"excerpt":{"rendered":"<p data-start=\"273\" data-end=\"591\"><strong data-start=\"273\" data-end=\"316\">Nature's Finest Detox<\/strong>\u00a0- on looduslik m\u00fcrgistusjook keha puhastamiseks ja energia taastamiseks. See sisaldab klorof\u00fclli ja teisi looduslikke koostisosi, mis aitavad puhastada keha toksiinidest, parandada seedimist ning anda kehale rohkem energiat ja heaolutunnet.<\/p>\n<p data-start=\"593\" data-end=\"1065\"><strong data-start=\"593\" data-end=\"617\">Miks valida:<\/strong> \u2714\ufe0f <strong data-start=\"621\" data-end=\"649\">Detoksikatsioon ja puhastamine<\/strong>: Aitab puhastada keha toksiinidest ja parandada seedes\u00fcsteemi.<br data-start=\"719\" data-end=\"722\" \/>\u2714\ufe0f <strong data-start=\"725\" data-end=\"740\">Klorof\u00fcll<\/strong>: V\u00f5imas detoksikatsiooniaine, mis aitab organismi puhastada ja annab energiat.<br data-start=\"830\" data-end=\"833\" \/>\u2714\ufe0f <strong data-start=\"836\" data-end=\"862\">Looduslikud koostisosad<\/strong>: Ainult looduslikud ja ohutud ravimtaimed, mis aitavad saavutada detoksikatsiooni ja energia taastumist.<br data-start=\"955\" data-end=\"958\" \/>\u2714\ufe0f <strong data-start=\"961\" data-end=\"983\">Kasutamise lihtsus<\/strong>: Lihtsalt segada veega, et saavutada soovitud detoksikatsiooniefekt.<\/p>","protected":false},"featured_media":41019,"comment_status":"open","ping_status":"closed","template":"","meta":{"_acf_changed":false},"product_brand":[441],"product_cat":[123,57,260,266,262,264],"product_tag":[],"class_list":{"0":"post-40986","1":"product","2":"type-product","3":"status-publish","4":"has-post-thumbnail","6":"product_brand-natures-finest","7":"product_cat-papildai-ilgaamziskumui","8":"product_cat-akcijos","9":"product_cat-energijai-ir-apykaitai","10":"product_cat-fermentai-ir-virskinimas","11":"product_cat-medziagu-apykaita","12":"product_cat-virskinimui-ir-detoksui","14":"first","15":"instock","16":"sale","17":"shipping-taxable","18":"purchasable","19":"product-type-simple"},"acf":[],"tiered_pricing_type":"fixed","tiered_pricing_fixed_rules":[],"tiered_pricing_product_settings":{"layout":"default","base_unit_name":{"singular":null,"plural":null},"default_variation":null},"tiered_pricing_minimum_quantity":null,"tiered_pricing_roles_data":[],"tiered_pricing_percentage_rules":[],"_links":{"self":[{"href":"https:\/\/purama.lt\/ee\/wp-json\/wp\/v2\/product\/40986","targetHints":{"allow":["GET"]}}],"collection":[{"href":"https:\/\/purama.lt\/ee\/wp-json\/wp\/v2\/product"}],"about":[{"href":"https:\/\/purama.lt\/ee\/wp-json\/wp\/v2\/types\/product"}],"replies":[{"embeddable":true,"href":"https:\/\/purama.lt\/ee\/wp-json\/wp\/v2\/comments?post=40986"}],"wp:featuredmedia":[{"embeddable":true,"href":"https:\/\/purama.lt\/ee\/wp-json\/wp\/v2\/media\/41019"}],"wp:attachment":[{"href":"https:\/\/purama.lt\/ee\/wp-json\/wp\/v2\/media?parent=40986"}],"wp:term":[{"taxonomy":"product_brand","embeddable":true,"href":"https:\/\/purama.lt\/ee\/wp-json\/wp\/v2\/product_brand?post=40986"},{"taxonomy":"product_cat","embeddable":true,"href":"https:\/\/purama.lt\/ee\/wp-json\/wp\/v2\/product_cat?post=40986"},{"taxonomy":"product_tag","embeddable":true,"href":"https:\/\/purama.lt\/ee\/wp-json\/wp\/v2\/product_tag?post=40986"}],"curies":[{"name":"wp","href":"https:\/\/api.w.org\/{rel}","templated":true}]}}