{"id":40983,"date":"2025-10-21T09:21:32","date_gmt":"2025-10-21T07:21:32","guid":{"rendered":"https:\/\/purama.lt\/produktas\/natures-finest-naktines-detoksikacijos-arbata\/"},"modified":"2026-04-13T16:28:32","modified_gmt":"2026-04-13T14:28:32","slug":"natures-finest-oine-detox-tee","status":"publish","type":"product","link":"https:\/\/purama.lt\/ee\/produktas\/natures-finest-naktines-detoksikacijos-arbata\/","title":{"rendered":"Nature's Finest Night Detox Tea"},"content":{"rendered":"<p><strong>Tarbimine<\/strong>:<br>Soovitatav on keeta 1-2 teelusikat\u00e4it teed ja j\u00e4tta see 5-10 minutiks, kuni k\u00f5ik v\u00e4\u00e4rtuslikud koostisosad on vabanenud. Seda on k\u00f5ige parem v\u00f5tta \u00f5htul, enne magamaminekut, et saavutada maksimaalne detoksikatsiooniefekt. \u00c4rge \u00fcletage etten\u00e4htud annust.<\/p>\n\n\n\n<p><strong>Koostisosad<\/strong>:<\/p>\n\n\n\n<ol class=\"wp-block-list\">\n<li><strong>Daisies<\/strong> - rahustab keha ja aitab enne magamaminekut l\u00f5\u00f5gastuda.<\/li>\n\n\n\n<li><strong>M\u00fcndi<\/strong> - parandab seedimist ja v\u00e4rskust.<\/li>\n\n\n\n<li><strong>Ingver<\/strong> - aitab parandada seedes\u00fcsteemi ja soodustab detoksikatsiooni.<\/li>\n\n\n\n<li><strong>Koidu<\/strong> - aitab organismil vabaneda toksiinidest ja suurendab immuunsust.<\/li>\n\n\n\n<li><strong>Lavendel<\/strong> - rahustab n\u00e4rvis\u00fcsteemi ja aitab parandada une kvaliteeti.<\/li>\n<\/ol>\n\n\n\n<p><strong>Toiduainete k\u00e4itlemise sertifikaat:&nbsp;<\/strong>69MTSPA-667<\/p>\n\n\n\n<p>Kas otsite rohkem? Vaadake t\u00e4ielikku <a href=\"\/ee\/tootesildid\/looduse-parimad\/\">Nature\u2019s Finest sortimenti<\/a>.<\/p>","protected":false},"excerpt":{"rendered":"<p data-start=\"250\" data-end=\"635\"><strong data-start=\"407\" data-end=\"442\">Nature's Finest Night Detox Tea<\/strong> - on looduslik toidulisand keha puhastamiseks ja detoksikatsiooniks \u00f6\u00f6sel. Koostisosad aitavad puhastada keha toksiinidest, parandada seedimist ja aitavad kaasa parema unekvaliteedi saavutamisele. Night Detox Tea on ideaalne neile, kes soovivad taastada energiat, parandada seedimist ja saada head \u00f6\u00f6bimist.<\/p>\n<p data-start=\"637\" data-end=\"1100\"><strong data-start=\"637\" data-end=\"660\">Miks valida<\/strong>:<br data-start=\"661\" data-end=\"664\" \/>\u2714\ufe0f <strong data-start=\"667\" data-end=\"690\">Detoksikatsioon \u00f6\u00f6sel<\/strong>A: Aitab puhastada keha toksiinidest ja parandada seedes\u00fcsteemi.<br data-start=\"761\" data-end=\"764\" \/>\u2714\ufe0f <strong data-start=\"767\" data-end=\"789\">Toetab head und<\/strong>V: Selle toote koostisosad aitavad teil l\u00f5\u00f5gastuda ja parandada une kvaliteeti.<br data-start=\"868\" data-end=\"871\" \/>\u2714\ufe0f <strong data-start=\"874\" data-end=\"900\">Looduslikud koostisosad<\/strong>V: Sisaldab ainult looduslikke ja ohutuid ravimtaimi, mis aitavad saavutada detoksikatsiooni ja parema puhkuse eesm\u00e4rke.<br data-start=\"1009\" data-end=\"1012\" \/>\u2714\ufe0f <strong data-start=\"1015\" data-end=\"1037\">Kasutamise lihtsus<\/strong>: Mugavalt t\u00f5mmatav tee, mida saab nautida enne magamaminekut.<\/p>","protected":false},"featured_media":41018,"comment_status":"open","ping_status":"closed","template":"","meta":{"_acf_changed":false},"product_brand":[441],"product_cat":[123,57,398,260,60,264],"product_tag":[],"class_list":{"0":"post-40983","1":"product","2":"type-product","3":"status-publish","4":"has-post-thumbnail","6":"product_brand-natures-finest","7":"product_cat-papildai-ilgaamziskumui","8":"product_cat-akcijos","9":"product_cat-arbata","10":"product_cat-energijai-ir-apykaitai","11":"product_cat-mitybai","12":"product_cat-virskinimui-ir-detoksui","14":"first","15":"instock","16":"sale","17":"shipping-taxable","18":"purchasable","19":"product-type-simple"},"acf":[],"tiered_pricing_type":"fixed","tiered_pricing_fixed_rules":[],"tiered_pricing_product_settings":{"layout":"default","base_unit_name":{"singular":null,"plural":null},"default_variation":null},"tiered_pricing_minimum_quantity":null,"tiered_pricing_roles_data":[],"tiered_pricing_percentage_rules":[],"_links":{"self":[{"href":"https:\/\/purama.lt\/ee\/wp-json\/wp\/v2\/product\/40983","targetHints":{"allow":["GET"]}}],"collection":[{"href":"https:\/\/purama.lt\/ee\/wp-json\/wp\/v2\/product"}],"about":[{"href":"https:\/\/purama.lt\/ee\/wp-json\/wp\/v2\/types\/product"}],"replies":[{"embeddable":true,"href":"https:\/\/purama.lt\/ee\/wp-json\/wp\/v2\/comments?post=40983"}],"wp:featuredmedia":[{"embeddable":true,"href":"https:\/\/purama.lt\/ee\/wp-json\/wp\/v2\/media\/41018"}],"wp:attachment":[{"href":"https:\/\/purama.lt\/ee\/wp-json\/wp\/v2\/media?parent=40983"}],"wp:term":[{"taxonomy":"product_brand","embeddable":true,"href":"https:\/\/purama.lt\/ee\/wp-json\/wp\/v2\/product_brand?post=40983"},{"taxonomy":"product_cat","embeddable":true,"href":"https:\/\/purama.lt\/ee\/wp-json\/wp\/v2\/product_cat?post=40983"},{"taxonomy":"product_tag","embeddable":true,"href":"https:\/\/purama.lt\/ee\/wp-json\/wp\/v2\/product_tag?post=40983"}],"curies":[{"name":"wp","href":"https:\/\/api.w.org\/{rel}","templated":true}]}}