{"id":40981,"date":"2025-10-21T09:21:31","date_gmt":"2025-10-21T07:21:31","guid":{"rendered":"https:\/\/purama.lt\/produktas\/natures-finest-odos-detoksikacijai\/"},"modified":"2026-04-16T13:16:11","modified_gmt":"2026-04-16T11:16:11","slug":"natures-finest-skin-detox","status":"publish","type":"product","link":"https:\/\/purama.lt\/ee\/produktas\/natures-finest-odos-detoksikacijai\/","title":{"rendered":"Nature's Finest Skin Detox"},"content":{"rendered":"<div class=\"purama-ebook-promo\">\r\n  <div class=\"pep-content\">\r\n    <span class=\"pep-eyebrow\">Nature's Finest toodete ostmisel<\/span>\r\n    <h2 class=\"pep-title\">Tasuta e-raamat kingituseks<\/h2>\r\n    <p class=\"pep-desc\">Meie ekspertide koostatud n\u00f5uanded ja retseptid aitavad teid tervisliku toitumise ja igap\u00e4evaste treeningute teekonnal \u2013 <strong>kingitus iga Nature\u2019s Finest tellimuse juurde alates 30 \u20ac.<\/strong><\/p>\r\n  <\/div>\r\n  <div class=\"pep-visual\">\r\n    <img decoding=\"async\" src=\"https:\/\/purama.lt\/wp-content\/uploads\/2026\/04\/receptu-knyga.png\" alt=\"Tasuta e-raamat \u2013 kingitus iga Nature&#039;s Finest tellimuse puhul alates 30 \u20ac\" loading=\"lazy\" \/>\r\n  <\/div>\r\n<\/div>\r\n\r\n<style>\r\n.purama-ebook-promo{\r\n  font-family:Inter,-apple-system,BlinkMacSystemFont,sans-serif;\r\n  display:grid;\r\n  grid-template-columns:1.1fr 1fr;\r\n  gap:48px;\r\n  align-items:center;\r\n  padding:48px;\r\n  margin:32px 0;\r\n  background:#f8f8f8;\r\n  border:1px solid #eee;\r\n  border-radius:12px;\r\n  position:relative;\r\n  overflow:hidden;\r\n}\r\n.purama-ebook-promo::before{\r\n  content:\"\";\r\n  position:absolute;\r\n  top:-120px;right:-120px;\r\n  width:340px;height:340px;\r\n  background:radial-gradient(circle,rgba(220,152,20,.08) 0%,transparent 70%);\r\n  border-radius:50%;\r\n  pointer-events:none;\r\n}\r\n.pep-content{position:relative;z-index:2;}\r\n.pep-eyebrow{\r\n  display:inline-block;\r\n  font-family:Inter,sans-serif;\r\n  font-size:13px;\r\n  font-weight:600;\r\n  letter-spacing:.3px;\r\n  text-transform:uppercase;\r\n  color:#dc9814;\r\n  margin-bottom:14px;\r\n  line-height:1.5;\r\n}\r\n.pep-title{\r\n  font-family:Inter,sans-serif;\r\n  font-size:34px;\r\n  line-height:1.2;\r\n  font-weight:600;\r\n  letter-spacing:-.5px;\r\n  color:#111;\r\n  margin:0 0 18px;\r\n}\r\n.pep-desc{\r\n  font-family:Inter,sans-serif;\r\n  font-size:16px;\r\n  line-height:1.6;\r\n  font-weight:400;\r\n  color:#444;\r\n  margin:0;\r\n}\r\n.pep-desc strong{\r\n  font-weight:600;\r\n  color:#111;\r\n}\r\n.pep-visual{\r\n  position:relative;\r\n  z-index:2;\r\n  text-align:center;\r\n}\r\n.pep-visual img{\r\n  max-width:100%;\r\n  height:auto;\r\n  filter:drop-shadow(0 22px 44px rgba(0,0,0,.15));\r\n  transform:rotate(-2deg);\r\n  transition:transform .4s ease;\r\n}\r\n.pep-visual img:hover{transform:rotate(0deg) scale(1.02);}\r\n@media (max-width:860px){\r\n  .purama-ebook-promo{\r\n    grid-template-columns:1fr;\r\n    padding:28px 22px;\r\n    gap:24px;\r\n  }\r\n  .pep-title{font-size:26px;}\r\n  .pep-visual img{max-width:260px;transform:rotate(0deg);}\r\n}\r\n<\/style>\n\n\n\n<p><strong>Tarbimine<\/strong>:<br>Soovitatav on v\u00f5tta p\u00e4evas 1-2 m\u00f5\u00f5telusikat\u00e4it pulbrit, segatuna veega, smuutiga v\u00f5i oma lemmikjoogiga. Parima detoksikatsiooni efekti saavutamiseks on seda k\u00f5ige parem v\u00f5tta hommikul. \u00c4rge \u00fcletage etten\u00e4htud annust.<\/p>\n\n\n\n<p><strong>Koostisosad<\/strong>:<\/p>\n\n\n\n<ol class=\"wp-block-list\">\n<li><strong>Roheline tee<\/strong> - aitab v\u00f5idelda vabade radikaalide vastu ja soodustab organismi puhastusprotsessi.<\/li>\n\n\n\n<li><strong>S\u00fcsi (aktiivs\u00fcsi)<\/strong> - aitab puhastada keha toksiinidest ja parandada naha tervist.<\/li>\n\n\n\n<li><strong>C-vitamiin<\/strong> - tugevdab nahka, aitab v\u00f5idelda p\u00f5letikuga ja parandab vereringet.<\/li>\n\n\n\n<li><strong>Piimaohakas<\/strong> - kaitseb maksa ja parandab detoksikatsiooniprotsesse organismis.<\/li>\n\n\n\n<li><strong>Tsink<\/strong> - oluline element, mis aitab v\u00f5idelda nahap\u00f5letiku vastu ja parandab naha tekstuuri.<\/li>\n<\/ol>\n\n\n\n<p><strong>Toiduainete k\u00e4itlemise sertifikaat:&nbsp;<\/strong>69MTSPA-667<\/p>\n\n\n\n<p>Kas otsite rohkem? Vaadake t\u00e4ielikku <a href=\"\/ee\/tootesildid\/natures-finest\/\">Nature\u2019s Finest sortimenti<\/a>.<\/p>","protected":false},"excerpt":{"rendered":"<p data-start=\"224\" data-end=\"645\"><strong>Nature's Finest Detox Skin<\/strong> - on looduslik toidulisand, mis on m\u00f5eldud naha seisundi parandamiseks ja detoksikatsiooni edendamiseks. Koostisosad aitavad puhastada keha toksiinidest, parandada vereringet ja aidata kaasa tervislikule, s\u00e4ravale nahale. Detox Skin on ideaalne neile, kes soovivad parandada oma naha v\u00e4limust, v\u00e4hendada p\u00f5letikku ja v\u00f5idelda nahaprobleemide, n\u00e4iteks akne v\u00f5i punetuse vastu.<\/p>\n<p data-start=\"647\" data-end=\"1112\"><strong data-start=\"647\" data-end=\"670\">Miks valida<\/strong>:<br data-start=\"671\" data-end=\"674\" \/>\u2714\ufe0f <strong data-start=\"677\" data-end=\"710\">Detoksikatsioon ja naha puhastamine<\/strong>A: Aitab puhastada keha toksiinidest ja parandada naha v\u00e4limust.<br data-start=\"777\" data-end=\"780\" \/>\u2714\ufe0f <strong data-start=\"783\" data-end=\"809\">Looduslikud koostisosad<\/strong>: Sisaldab ainult kvaliteetseid looduslikke koostisosi, mis on t\u00f5husad naha ja tervise jaoks.<br data-start=\"904\" data-end=\"907\" data-is-only-node=\"\" \/>\u2714\ufe0f <strong data-start=\"910\" data-end=\"933\">Parandab vereringet<\/strong>: Tugevdab vereringet ja soodustab naha tervist.<br data-start=\"991\" data-end=\"994\" \/>\u2714\ufe0f <strong data-start=\"997\" data-end=\"1019\">Kasutamise lihtsus<\/strong>: Mugav pulber, mida on lihtne segada vee, smuuti v\u00f5i lemmikjoogiga.<\/p>","protected":false},"featured_media":41013,"comment_status":"open","ping_status":"closed","template":"","meta":{"_acf_changed":true},"product_brand":[441],"product_cat":[274,57,273,123],"product_tag":[],"class_list":{"0":"post-40981","1":"product","2":"type-product","3":"status-publish","4":"has-post-thumbnail","6":"product_brand-natures-finest","7":"product_cat-odos-jaunyste","8":"product_cat-akcijos","9":"product_cat-odai-plaukams-nagams","10":"product_cat-papildai-ilgaamziskumui","12":"first","13":"instock","14":"sale","15":"shipping-taxable","16":"purchasable","17":"product-type-simple"},"acf":[],"tiered_pricing_type":"fixed","tiered_pricing_fixed_rules":[],"tiered_pricing_product_settings":{"layout":"default","base_unit_name":{"singular":null,"plural":null},"default_variation":null},"tiered_pricing_minimum_quantity":null,"tiered_pricing_roles_data":[],"tiered_pricing_percentage_rules":[],"_links":{"self":[{"href":"https:\/\/purama.lt\/ee\/wp-json\/wp\/v2\/product\/40981","targetHints":{"allow":["GET"]}}],"collection":[{"href":"https:\/\/purama.lt\/ee\/wp-json\/wp\/v2\/product"}],"about":[{"href":"https:\/\/purama.lt\/ee\/wp-json\/wp\/v2\/types\/product"}],"replies":[{"embeddable":true,"href":"https:\/\/purama.lt\/ee\/wp-json\/wp\/v2\/comments?post=40981"}],"wp:featuredmedia":[{"embeddable":true,"href":"https:\/\/purama.lt\/ee\/wp-json\/wp\/v2\/media\/41013"}],"wp:attachment":[{"href":"https:\/\/purama.lt\/ee\/wp-json\/wp\/v2\/media?parent=40981"}],"wp:term":[{"taxonomy":"product_brand","embeddable":true,"href":"https:\/\/purama.lt\/ee\/wp-json\/wp\/v2\/product_brand?post=40981"},{"taxonomy":"product_cat","embeddable":true,"href":"https:\/\/purama.lt\/ee\/wp-json\/wp\/v2\/product_cat?post=40981"},{"taxonomy":"product_tag","embeddable":true,"href":"https:\/\/purama.lt\/ee\/wp-json\/wp\/v2\/product_tag?post=40981"}],"curies":[{"name":"wp","href":"https:\/\/api.w.org\/{rel}","templated":true}]}}