{"id":40980,"date":"2025-10-21T09:21:29","date_gmt":"2025-10-21T07:21:29","guid":{"rendered":"https:\/\/purama.lt\/produktas\/natures-finest-riebalu-degintojas-d\/"},"modified":"2026-04-13T16:29:41","modified_gmt":"2026-04-13T14:29:41","slug":"looduse-parim-rasvapoletaja-d","status":"publish","type":"product","link":"https:\/\/purama.lt\/ee\/produktas\/natures-finest-riebalu-degintojas-d\/","title":{"rendered":"Looduse parim rasvap\u00f5letaja D"},"content":{"rendered":"<p><strong>Tarbimine<\/strong>:<br>Soovitatav on v\u00f5tta p\u00e4evas 1-2 m\u00f5\u00f5telusikat\u00e4it pulbrit, segatuna veega, smuutiga v\u00f5i oma lemmikjoogiga. Ideaalis tuleks seda v\u00f5tta hommikul v\u00f5i enne treeningut, et saavutada parim toime. \u00c4rge \u00fcletage etten\u00e4htud annust.<\/p>\n\n\n\n<p><strong>Koostisosad<\/strong>:<\/p>\n\n\n\n<ol class=\"wp-block-list\">\n<li><strong>Inuliin<\/strong> - kiudained, mis aitavad reguleerida veresuhkru taset ja parandavad seedimist.<\/li>\n\n\n\n<li><strong>Roheline tee<\/strong> - aitab p\u00f5letada rasva ja parandada ainevahetust.<\/li>\n\n\n\n<li><strong>Kaneeliekstrakt<\/strong> - aitab kontrollida veresuhkru taset ja v\u00e4hendab s\u00f6\u00f6giisu.<\/li>\n\n\n\n<li><strong>L-karnitiin<\/strong> - aitab transportida rasva rakkudesse, kus see p\u00f5letatakse energia saamiseks.<\/li>\n\n\n\n<li><strong>Kroom<\/strong> - Oluline mineraal, mis aitab s\u00e4ilitada tervislikku veresuhkru taset.<\/li>\n<\/ol>\n\n\n\n<p><strong>Toiduainete k\u00e4itlemise sertifikaat:&nbsp;<\/strong>69MTSPA-667<\/p>\n\n\n\n<p>Kas otsite rohkem? Vaadake t\u00e4ielikku <a href=\"\/ee\/tootesildid\/looduse-parimad\/\">Nature\u2019s Finest sortimenti<\/a>.<\/p>","protected":false},"excerpt":{"rendered":"<p data-start=\"266\" data-end=\"687\"><strong>Nature's Finest D-Fatburner Inulin<\/strong> - See on looduslik toidulisand, mille eesm\u00e4rk on edendada rasvap\u00f5letust ja s\u00e4ilitada tervislik veresuhkru tase. Rikastatud inuliini ja teiste taimset p\u00e4ritolu koostisosadega, aitab see valem reguleerida suhkrusisaldust organismis, parandab ainevahetust ja aitab kiiremini rasva p\u00f5letada. Ideaalne neile, kes soovivad parandada oma ainevahetust ja saavutada oma kaalukontrolli eesm\u00e4rke.<\/p>\n<p data-start=\"689\" data-end=\"1181\"><strong data-start=\"689\" data-end=\"712\">Miks valida<\/strong>:<br data-start=\"713\" data-end=\"716\" \/>\u2714\ufe0f <strong data-start=\"719\" data-end=\"750\">Toetades rasvade p\u00f5letamist<\/strong>A: Aitab kiirendada keha rasvap\u00f5letusprotsesse ja parandab ainevahetust.<br data-start=\"835\" data-end=\"838\" \/>\u2714\ufe0f <strong data-start=\"841\" data-end=\"877\">Veresuhkru kontroll<\/strong>V: Selles tootes sisalduv inuliin aitab s\u00e4ilitada stabiilset veresuhkru taset.<br data-start=\"953\" data-end=\"956\" data-is-only-node=\"\" \/>\u2714\ufe0f <strong data-start=\"959\" data-end=\"985\">Looduslikud koostisosad<\/strong>V: Sisaldab ainult looduslikke ja ohutuid koostisosi, mis aitavad saavutada h\u00e4id tulemusi.<br data-start=\"1071\" data-end=\"1074\" \/>\u2714\ufe0f <strong data-start=\"1077\" data-end=\"1099\">Kasutamise lihtsus<\/strong>: Mugav pulber, mida on lihtne segada vee v\u00f5i lemmikjoogiga.<\/p>","protected":false},"featured_media":41014,"comment_status":"open","ping_status":"closed","template":"","meta":{"_acf_changed":true},"product_brand":[441],"product_cat":[123,57,260,266,262,264],"product_tag":[],"class_list":{"0":"post-40980","1":"product","2":"type-product","3":"status-publish","4":"has-post-thumbnail","6":"product_brand-natures-finest","7":"product_cat-papildai-ilgaamziskumui","8":"product_cat-akcijos","9":"product_cat-energijai-ir-apykaitai","10":"product_cat-fermentai-ir-virskinimas","11":"product_cat-medziagu-apykaita","12":"product_cat-virskinimui-ir-detoksui","14":"first","15":"instock","16":"sale","17":"shipping-taxable","18":"purchasable","19":"product-type-simple"},"acf":[],"tiered_pricing_type":"fixed","tiered_pricing_fixed_rules":[],"tiered_pricing_product_settings":{"layout":"default","base_unit_name":{"singular":null,"plural":null},"default_variation":null},"tiered_pricing_minimum_quantity":null,"tiered_pricing_roles_data":[],"tiered_pricing_percentage_rules":[],"_links":{"self":[{"href":"https:\/\/purama.lt\/ee\/wp-json\/wp\/v2\/product\/40980","targetHints":{"allow":["GET"]}}],"collection":[{"href":"https:\/\/purama.lt\/ee\/wp-json\/wp\/v2\/product"}],"about":[{"href":"https:\/\/purama.lt\/ee\/wp-json\/wp\/v2\/types\/product"}],"replies":[{"embeddable":true,"href":"https:\/\/purama.lt\/ee\/wp-json\/wp\/v2\/comments?post=40980"}],"wp:featuredmedia":[{"embeddable":true,"href":"https:\/\/purama.lt\/ee\/wp-json\/wp\/v2\/media\/41014"}],"wp:attachment":[{"href":"https:\/\/purama.lt\/ee\/wp-json\/wp\/v2\/media?parent=40980"}],"wp:term":[{"taxonomy":"product_brand","embeddable":true,"href":"https:\/\/purama.lt\/ee\/wp-json\/wp\/v2\/product_brand?post=40980"},{"taxonomy":"product_cat","embeddable":true,"href":"https:\/\/purama.lt\/ee\/wp-json\/wp\/v2\/product_cat?post=40980"},{"taxonomy":"product_tag","embeddable":true,"href":"https:\/\/purama.lt\/ee\/wp-json\/wp\/v2\/product_tag?post=40980"}],"curies":[{"name":"wp","href":"https:\/\/api.w.org\/{rel}","templated":true}]}}