{"id":40978,"date":"2025-10-21T09:21:27","date_gmt":"2025-10-21T07:21:27","guid":{"rendered":"https:\/\/purama.lt\/produktas\/natures-finest-kvepavimui\/"},"modified":"2026-04-16T13:16:56","modified_gmt":"2026-04-16T11:16:56","slug":"natures-finest-okbreath","status":"publish","type":"product","link":"https:\/\/purama.lt\/ee\/produktas\/natures-finest-kvepavimui\/","title":{"rendered":"Looduse parimad hingamise jaoks"},"content":{"rendered":"<div class=\"purama-ebook-promo\">\r\n  <div class=\"pep-content\">\r\n    <span class=\"pep-eyebrow\">Nature's Finest toodete ostmisel<\/span>\r\n    <h2 class=\"pep-title\">Tasuta e-raamat kingituseks<\/h2>\r\n    <p class=\"pep-desc\">Meie ekspertide koostatud n\u00f5uanded ja retseptid aitavad teid tervisliku toitumise ja igap\u00e4evaste treeningute teekonnal \u2013 <strong>kingitus iga Nature\u2019s Finest tellimuse juurde alates 30 \u20ac.<\/strong><\/p>\r\n  <\/div>\r\n  <div class=\"pep-visual\">\r\n    <img decoding=\"async\" src=\"https:\/\/purama.lt\/wp-content\/uploads\/2026\/04\/receptu-knyga.png\" alt=\"Tasuta e-raamat \u2013 kingitus iga Nature&#039;s Finest tellimuse puhul alates 30 \u20ac\" loading=\"lazy\" \/>\r\n  <\/div>\r\n<\/div>\r\n\r\n<style>\r\n.purama-ebook-promo{\r\n  font-family:Inter,-apple-system,BlinkMacSystemFont,sans-serif;\r\n  display:grid;\r\n  grid-template-columns:1.1fr 1fr;\r\n  gap:48px;\r\n  align-items:center;\r\n  padding:48px;\r\n  margin:32px 0;\r\n  background:#f8f8f8;\r\n  border:1px solid #eee;\r\n  border-radius:12px;\r\n  position:relative;\r\n  overflow:hidden;\r\n}\r\n.purama-ebook-promo::before{\r\n  content:\"\";\r\n  position:absolute;\r\n  top:-120px;right:-120px;\r\n  width:340px;height:340px;\r\n  background:radial-gradient(circle,rgba(220,152,20,.08) 0%,transparent 70%);\r\n  border-radius:50%;\r\n  pointer-events:none;\r\n}\r\n.pep-content{position:relative;z-index:2;}\r\n.pep-eyebrow{\r\n  display:inline-block;\r\n  font-family:Inter,sans-serif;\r\n  font-size:13px;\r\n  font-weight:600;\r\n  letter-spacing:.3px;\r\n  text-transform:uppercase;\r\n  color:#dc9814;\r\n  margin-bottom:14px;\r\n  line-height:1.5;\r\n}\r\n.pep-title{\r\n  font-family:Inter,sans-serif;\r\n  font-size:34px;\r\n  line-height:1.2;\r\n  font-weight:600;\r\n  letter-spacing:-.5px;\r\n  color:#111;\r\n  margin:0 0 18px;\r\n}\r\n.pep-desc{\r\n  font-family:Inter,sans-serif;\r\n  font-size:16px;\r\n  line-height:1.6;\r\n  font-weight:400;\r\n  color:#444;\r\n  margin:0;\r\n}\r\n.pep-desc strong{\r\n  font-weight:600;\r\n  color:#111;\r\n}\r\n.pep-visual{\r\n  position:relative;\r\n  z-index:2;\r\n  text-align:center;\r\n}\r\n.pep-visual img{\r\n  max-width:100%;\r\n  height:auto;\r\n  filter:drop-shadow(0 22px 44px rgba(0,0,0,.15));\r\n  transform:rotate(-2deg);\r\n  transition:transform .4s ease;\r\n}\r\n.pep-visual img:hover{transform:rotate(0deg) scale(1.02);}\r\n@media (max-width:860px){\r\n  .purama-ebook-promo{\r\n    grid-template-columns:1fr;\r\n    padding:28px 22px;\r\n    gap:24px;\r\n  }\r\n  .pep-title{font-size:26px;}\r\n  .pep-visual img{max-width:260px;transform:rotate(0deg);}\r\n}\r\n<\/style>\n\n\n\n<p><strong>Tarbimine<\/strong>:<br>Soovitatav on v\u00f5tta p\u00e4evas 1-2 m\u00f5\u00f5telusikat\u00e4it pulbrit, segatuna veega, smuutiga v\u00f5i oma lemmikjoogiga. Ideaalis tuleks seda v\u00f5tta hommikul v\u00f5i p\u00e4rast s\u00f6\u00f6ki, et hoida hinge\u00f5hk v\u00e4rske kogu p\u00e4eva jooksul. \u00c4rge \u00fcletage etten\u00e4htud annust.<\/p>\n\n\n\n<p><strong>Koostisosad<\/strong>:<\/p>\n\n\n\n<ol class=\"wp-block-list\">\n<li><strong>Piparm\u00fcndi ekstrakt<\/strong> - v\u00e4rskendab hingamist ja aitab v\u00f5idelda halva hinge\u00f5hu vastu.<\/li>\n\n\n\n<li><strong>Taimesegu (kummel, sidrunmeliss)<\/strong> - rahustab seedes\u00fcsteemi ja toetab suu\u00f5\u00f5ne tervist.<\/li>\n\n\n\n<li><strong>Tsink<\/strong> - aitab hoida hinge\u00f5hu puhtana ja s\u00e4ilitada normaalset immuunsust.<\/li>\n\n\n\n<li><strong>C-vitamiin<\/strong> - aitab neutraliseerida l\u00f5hnu ning s\u00e4ilitada terved hambad ja igemed.<\/li>\n<\/ol>\n\n\n\n<p><strong>Toiduainete k\u00e4itlemise sertifikaat:&nbsp;<\/strong>69MTSPA-667<\/p>","protected":false},"excerpt":{"rendered":"<p data-start=\"211\" data-end=\"587\"><strong>Nature's Finest OkBreath<\/strong> - on looduslik toidulisand, mis v\u00f5itleb halva hinge\u00f5hu vastu ja hoiab hinge\u00f5hu puhtana kogu p\u00e4eva jooksul. Koostises olevad looduslikud koostisosad aitavad neutraliseerida ebameeldivaid l\u00f5hnu, parandada seedetrakti ja s\u00e4ilitada tervislikku suufloorat. See on ideaalne valik v\u00e4rske hinge\u00f5hu s\u00e4ilitamiseks ilma kunstlike l\u00f5hna- ja maitseaineteta.<\/p>\n<p data-start=\"589\" data-end=\"1040\"><strong data-start=\"589\" data-end=\"612\">Miks valida<\/strong>:<br data-start=\"613\" data-end=\"616\" \/>\u2714\ufe0f <strong data-start=\"619\" data-end=\"653\">Loomulik hingamise taaselustamine<\/strong>: Aitab v\u00f5idelda halva hinge\u00f5hu vastu, kasutades ainult looduslikke koostisosi.<br data-start=\"730\" data-end=\"733\" \/>\u2714\ufe0f <strong data-start=\"736\" data-end=\"763\">Hea seedes\u00fcsteem<\/strong>: Koostisosad, mis toetavad ka tervislikku seedimist ja aitavad vabaneda ebameeldivatest l\u00f5hnadest seestpoolt.<br data-start=\"862\" data-end=\"865\" \/>\u2714\ufe0f <strong data-start=\"868\" data-end=\"895\">Puhtad ja terved hambad<\/strong>: Toetab suufloorat ja parandab suu\u00f5\u00f5ne tervist.<br data-start=\"944\" data-end=\"947\" \/>\u2714\ufe0f <strong data-start=\"950\" data-end=\"972\">Kasutamise lihtsus<\/strong>: Mugav pulber, mis seguneb kiiresti ja lihtsalt jookidega.<\/p>","protected":false},"featured_media":41010,"comment_status":"open","ping_status":"closed","template":"","meta":{"_acf_changed":false},"product_brand":[441],"product_cat":[123,57,253,252],"product_tag":[],"class_list":{"0":"post-40978","1":"product","2":"type-product","3":"status-publish","4":"has-post-thumbnail","6":"product_brand-natures-finest","7":"product_cat-papildai-ilgaamziskumui","8":"product_cat-akcijos","9":"product_cat-imuniteto-palaikymas","10":"product_cat-imunitetui","12":"first","13":"instock","14":"sale","15":"shipping-taxable","16":"purchasable","17":"product-type-simple"},"acf":[],"tiered_pricing_type":"fixed","tiered_pricing_fixed_rules":[],"tiered_pricing_product_settings":{"layout":"default","base_unit_name":{"singular":null,"plural":null},"default_variation":null},"tiered_pricing_minimum_quantity":null,"tiered_pricing_roles_data":[],"tiered_pricing_percentage_rules":[],"_links":{"self":[{"href":"https:\/\/purama.lt\/ee\/wp-json\/wp\/v2\/product\/40978","targetHints":{"allow":["GET"]}}],"collection":[{"href":"https:\/\/purama.lt\/ee\/wp-json\/wp\/v2\/product"}],"about":[{"href":"https:\/\/purama.lt\/ee\/wp-json\/wp\/v2\/types\/product"}],"replies":[{"embeddable":true,"href":"https:\/\/purama.lt\/ee\/wp-json\/wp\/v2\/comments?post=40978"}],"wp:featuredmedia":[{"embeddable":true,"href":"https:\/\/purama.lt\/ee\/wp-json\/wp\/v2\/media\/41010"}],"wp:attachment":[{"href":"https:\/\/purama.lt\/ee\/wp-json\/wp\/v2\/media?parent=40978"}],"wp:term":[{"taxonomy":"product_brand","embeddable":true,"href":"https:\/\/purama.lt\/ee\/wp-json\/wp\/v2\/product_brand?post=40978"},{"taxonomy":"product_cat","embeddable":true,"href":"https:\/\/purama.lt\/ee\/wp-json\/wp\/v2\/product_cat?post=40978"},{"taxonomy":"product_tag","embeddable":true,"href":"https:\/\/purama.lt\/ee\/wp-json\/wp\/v2\/product_tag?post=40978"}],"curies":[{"name":"wp","href":"https:\/\/api.w.org\/{rel}","templated":true}]}}