{"id":40977,"date":"2025-10-21T09:21:26","date_gmt":"2025-10-21T07:21:26","guid":{"rendered":"https:\/\/purama.lt\/produktas\/natures-finest-magnis-b-kompleksas\/"},"modified":"2026-04-17T13:49:11","modified_gmt":"2026-04-17T11:49:11","slug":"natures-finest-magnesium-b-complex","status":"publish","type":"product","link":"https:\/\/purama.lt\/ee\/produktas\/natures-finest-magnis-b-kompleksas\/","title":{"rendered":"Nature's Finest Magnesium + B Complex"},"content":{"rendered":"<div class=\"purama-ebook-promo\">\r\n  <div class=\"pep-content\">\r\n    <span class=\"pep-eyebrow\">Nature's Finest toodete ostmisel<\/span>\r\n    <h2 class=\"pep-title\">Tasuta e-raamat kingituseks<\/h2>\r\n    <p class=\"pep-desc\">Meie ekspertide koostatud n\u00f5uanded ja retseptid aitavad teid tervisliku toitumise ja igap\u00e4evaste treeningute teekonnal \u2013 <strong>kingitus iga Nature\u2019s Finest tellimuse juurde alates 30 \u20ac.<\/strong><\/p>\r\n  <\/div>\r\n  <div class=\"pep-visual\">\r\n    <img decoding=\"async\" src=\"https:\/\/purama.lt\/wp-content\/uploads\/2026\/04\/receptu-knyga.png\" alt=\"Tasuta e-raamat \u2013 kingitus iga Nature&#039;s Finest tellimuse puhul alates 30 \u20ac\" loading=\"lazy\" \/>\r\n  <\/div>\r\n<\/div>\r\n\r\n\r\n.purama-ebook-promo{\r\n  font-family:Inter,-apple-system,BlinkMacSystemFont,sans-serif;\r\n  display:grid;\r\n  grid-template-columns:1.1fr 1fr;\r\n  gap:48px;\r\n  align-items:center;\r\n  padding:48px;\r\n  margin:32px 0;\r\n  background:#f8f8f8f8;\r\n  border:1px solid #eee;\r\n  border-radius:12px;\r\n  position:relative;\r\n  overflow:hidden;\r\n}\r\n.purama-ebook-promo::before{\r\n  content:\u201d\u201d;\r\n  position:absolute;\r\n  top:-120px;right:-120px;\r\n  width:340px;height:340px;\r\n  background:radial-gradient(circle,rgba(220,152,20,.08) 0%,transparent 70%);\r\n  border-radius:50%;\r\n  pointer-events:none;\r\n}\r\n.pep-content{position:relative;z-index:2;}\r\n.pep-eyebrow{\r\n  display:inline-block;\r\n  font-family:Inter,sans-serif;\r\n  font-size:13px;\r\n  font-weight:600;\r\n  letter-spacing:.3px;\r\n  text-transform:uppercase;\r\n  color:#dc9814;\r\n  margin-bottom:14px;\r\n  line-height:1.5;\r\n}\r\n.pep-title{\r\n  font-family:Inter,sans-serif;\r\n  font-size:34px;\r\n  line-height:1.2;\r\n  font-weight:600;\r\n  letter-spacing:-.5px;\r\n  color:#111;\r\n  margin:0 0 18px;\r\n}\r\n.pep-desc{\r\n  font-family:Inter,sans-serif;\r\n  font-size:16px;\r\n  line-height:1.6;\r\n  font-weight:400;\r\n  color:#444;\r\n  margin:0;\r\n}\r\n.pep-desc strong{\r\n  font-weight:600;\r\n  color:#111;\r\n}\r\n.pep-visual{\r\n  position:relative;\r\n  z-index:2;\r\n  text-align:center;\r\n}\r\n.pep-visual img{\r\n  max-width:100%;\r\n  height:auto;\r\n  filter:drop-shadow(0 22px 44px rgba(0,0,0,0,.15));\r\n  transform:rotate(-2deg);\r\n  transition:transform .4s ease;\r\n}\r\n.pep-visual img:hover{transform:rotate(0deg) scale(1.02);}\r\n@media (max-width:860px){\r\n  .purama-ebook-promo{\r\n    grid-template-columns:1fr;\r\n    padding:28px 22px;\r\n    gap:24px;\r\n  }\r\n  .pep-title{font-size:26px;}\r\n  .pep-visual img{max-width:260px;transform:rotate(0deg);}\r\n}\r\n\n\n\n\n<p><strong>Tarbimine<\/strong>:<br>Soovitatav on v\u00f5tta p\u00e4evas 1-2 m\u00f5\u00f5telusikat\u00e4it pulbrit, segatuna veega, smuutiga v\u00f5i oma lemmikjoogiga. Seda on k\u00f5ige parem v\u00f5tta hommikul v\u00f5i \u00f5htul, s\u00f5ltuvalt teie vajadustest. \u00c4rge \u00fcletage etten\u00e4htud annust.<\/p>\n\n\n\n<p><strong>Koostisosad<\/strong>:<\/p>\n\n\n\n<ol class=\"wp-block-list\">\n<li><strong>Magneesium<\/strong> - aitab s\u00e4ilitada lihaste ja n\u00e4rvis\u00fcsteemi funktsiooni ning v\u00e4hendab v\u00e4simust.<\/li>\n\n\n\n<li><strong>B1-vitamiin (tiamiin)<\/strong> - Oluline n\u00e4rvis\u00fcsteemi toimimise ja energiatootmise seisukohalt.<\/li>\n\n\n\n<li><strong>Vitamiin B6 (p\u00fcridoksiin)<\/strong> - aitab s\u00e4ilitada normaalset ajufunktsiooni ja vaimset tervist.<\/li>\n\n\n\n<li><strong>B12-vitamiin<\/strong> - oluline energiatootmiseks ja n\u00e4rvis\u00fcsteemi tervisele.<\/li>\n\n\n\n<li><strong>Foolhape (vitamiin B9)<\/strong> - toetab tervislikku vererakkude tootmist ja n\u00e4rvis\u00fcsteemi toimimist.<\/li>\n<\/ol>\n\n\n\n<p><strong>Toiduainete k\u00e4itlemise sertifikaat:&nbsp;<\/strong>69MTSPA-667<\/p>\n\n\n\n<p>Kas otsite rohkem? Vaadake t\u00e4ielikku <a href=\"\/ee\/tootesildid\/natures-finest\/\">Nature\u2019s Finest sortimenti<\/a>.<\/p>","protected":false},"excerpt":{"rendered":"<p data-start=\"244\" data-end=\"659\"><strong>Nature's Finest Magnesium B Complex<\/strong> - See on toidulisand, mis on m\u00f5eldud n\u00e4rvis\u00fcsteemi tugevdamiseks, energiataseme s\u00e4ilitamiseks ja keha \u00fcldise heaolu tagamiseks. See sisaldab magneesiumi ja B-vitamiine, mis aitavad v\u00e4hendada v\u00e4simust, parandada une kvaliteeti ja s\u00e4ilitada tervislikku lihastegevust. Ideaalne valik neile, kes soovivad parandada oma n\u00e4rvis\u00fcsteemi ning toetada \u00fcldist energiat ja heaolu.<\/p>\n<p data-start=\"661\" data-end=\"1105\"><strong data-start=\"661\" data-end=\"684\">Miks valida<\/strong>:<br data-start=\"685\" data-end=\"688\" \/>\u2714\ufe0f <strong data-start=\"691\" data-end=\"725\">Magneesiumi ja B-vitamiinide kombinatsioon<\/strong>: Koos aitavad nad s\u00e4ilitada n\u00e4rvis\u00fcsteemi tervist ja v\u00e4hendada v\u00e4simust.<br data-start=\"800\" data-end=\"803\" \/>\u2714\ufe0f <strong data-start=\"806\" data-end=\"832\">Looduslikud koostisosad<\/strong>V: Sisaldab ainult looduslikke koostisosi, mis on ohutud ja t\u00f5husad.<br data-start=\"906\" data-end=\"909\" \/>\u2714\ufe0f <strong data-start=\"912\" data-end=\"933\">V\u00e4hendab v\u00e4simust<\/strong>A: Aitab v\u00f5idelda igap\u00e4evase v\u00e4simuse vastu ja suurendab energiat.<br data-start=\"991\" data-end=\"994\" \/>\u2714\ufe0f <strong data-start=\"997\" data-end=\"1025\">Toetab lihaste funktsiooni<\/strong>V: Magneesium ja B-vitamiinid on olulised lihaste terveks funktsioneerimiseks ja taastumiseks.<\/p>","protected":false},"featured_media":41009,"comment_status":"open","ping_status":"closed","template":"","meta":{"_acf_changed":false},"product_brand":[441],"product_cat":[123,57,253,252,255,254],"product_tag":[],"class_list":{"0":"post-40977","1":"product","2":"type-product","3":"status-publish","4":"has-post-thumbnail","6":"product_brand-natures-finest","7":"product_cat-papildai-ilgaamziskumui","8":"product_cat-akcijos","9":"product_cat-imuniteto-palaikymas","10":"product_cat-imunitetui","11":"product_cat-oksidacinio-streso-mazinimas","12":"product_cat-uzdegimo-mazinimas","14":"first","15":"outofstock","16":"sale","17":"shipping-taxable","18":"purchasable","19":"product-type-simple"},"acf":[],"tiered_pricing_type":"fixed","tiered_pricing_fixed_rules":[],"tiered_pricing_product_settings":{"layout":"default","base_unit_name":{"singular":null,"plural":null},"default_variation":null},"tiered_pricing_minimum_quantity":null,"tiered_pricing_roles_data":[],"tiered_pricing_percentage_rules":[],"_links":{"self":[{"href":"https:\/\/purama.lt\/ee\/wp-json\/wp\/v2\/product\/40977","targetHints":{"allow":["GET"]}}],"collection":[{"href":"https:\/\/purama.lt\/ee\/wp-json\/wp\/v2\/product"}],"about":[{"href":"https:\/\/purama.lt\/ee\/wp-json\/wp\/v2\/types\/product"}],"replies":[{"embeddable":true,"href":"https:\/\/purama.lt\/ee\/wp-json\/wp\/v2\/comments?post=40977"}],"wp:featuredmedia":[{"embeddable":true,"href":"https:\/\/purama.lt\/ee\/wp-json\/wp\/v2\/media\/41009"}],"wp:attachment":[{"href":"https:\/\/purama.lt\/ee\/wp-json\/wp\/v2\/media?parent=40977"}],"wp:term":[{"taxonomy":"product_brand","embeddable":true,"href":"https:\/\/purama.lt\/ee\/wp-json\/wp\/v2\/product_brand?post=40977"},{"taxonomy":"product_cat","embeddable":true,"href":"https:\/\/purama.lt\/ee\/wp-json\/wp\/v2\/product_cat?post=40977"},{"taxonomy":"product_tag","embeddable":true,"href":"https:\/\/purama.lt\/ee\/wp-json\/wp\/v2\/product_tag?post=40977"}],"curies":[{"name":"wp","href":"https:\/\/api.w.org\/{rel}","templated":true}]}}