{"id":40976,"date":"2025-10-21T09:21:23","date_gmt":"2025-10-21T07:21:23","guid":{"rendered":"https:\/\/purama.lt\/produktas\/natures-finest-liemens-linijai\/"},"modified":"2026-04-16T13:17:17","modified_gmt":"2026-04-16T11:17:17","slug":"natures-finest-waistline-pro","status":"publish","type":"product","link":"https:\/\/purama.lt\/ee\/produktas\/natures-finest-liemens-linijai\/","title":{"rendered":"Looduse parim v\u00f6\u00f6koht"},"content":{"rendered":"<div class=\"purama-ebook-promo\">\r\n  <div class=\"pep-content\">\r\n    <span class=\"pep-eyebrow\">Nature's Finest toodete ostmisel<\/span>\r\n    <h2 class=\"pep-title\">Tasuta e-raamat kingituseks<\/h2>\r\n    <p class=\"pep-desc\">Meie ekspertide koostatud n\u00f5uanded ja retseptid aitavad teid tervisliku toitumise ja igap\u00e4evaste treeningute teekonnal \u2013 <strong>kingitus iga Nature\u2019s Finest tellimuse juurde alates 30 \u20ac.<\/strong><\/p>\r\n  <\/div>\r\n  <div class=\"pep-visual\">\r\n    <img decoding=\"async\" src=\"https:\/\/purama.lt\/wp-content\/uploads\/2026\/04\/receptu-knyga.png\" alt=\"Tasuta e-raamat \u2013 kingitus iga Nature&#039;s Finest tellimuse puhul alates 30 \u20ac\" loading=\"lazy\" \/>\r\n  <\/div>\r\n<\/div>\r\n\r\n<style>\r\n.purama-ebook-promo{\r\n  font-family:Inter,-apple-system,BlinkMacSystemFont,sans-serif;\r\n  display:grid;\r\n  grid-template-columns:1.1fr 1fr;\r\n  gap:48px;\r\n  align-items:center;\r\n  padding:48px;\r\n  margin:32px 0;\r\n  background:#f8f8f8;\r\n  border:1px solid #eee;\r\n  border-radius:12px;\r\n  position:relative;\r\n  overflow:hidden;\r\n}\r\n.purama-ebook-promo::before{\r\n  content:\"\";\r\n  position:absolute;\r\n  top:-120px;right:-120px;\r\n  width:340px;height:340px;\r\n  background:radial-gradient(circle,rgba(220,152,20,.08) 0%,transparent 70%);\r\n  border-radius:50%;\r\n  pointer-events:none;\r\n}\r\n.pep-content{position:relative;z-index:2;}\r\n.pep-eyebrow{\r\n  display:inline-block;\r\n  font-family:Inter,sans-serif;\r\n  font-size:13px;\r\n  font-weight:600;\r\n  letter-spacing:.3px;\r\n  text-transform:uppercase;\r\n  color:#dc9814;\r\n  margin-bottom:14px;\r\n  line-height:1.5;\r\n}\r\n.pep-title{\r\n  font-family:Inter,sans-serif;\r\n  font-size:34px;\r\n  line-height:1.2;\r\n  font-weight:600;\r\n  letter-spacing:-.5px;\r\n  color:#111;\r\n  margin:0 0 18px;\r\n}\r\n.pep-desc{\r\n  font-family:Inter,sans-serif;\r\n  font-size:16px;\r\n  line-height:1.6;\r\n  font-weight:400;\r\n  color:#444;\r\n  margin:0;\r\n}\r\n.pep-desc strong{\r\n  font-weight:600;\r\n  color:#111;\r\n}\r\n.pep-visual{\r\n  position:relative;\r\n  z-index:2;\r\n  text-align:center;\r\n}\r\n.pep-visual img{\r\n  max-width:100%;\r\n  height:auto;\r\n  filter:drop-shadow(0 22px 44px rgba(0,0,0,.15));\r\n  transform:rotate(-2deg);\r\n  transition:transform .4s ease;\r\n}\r\n.pep-visual img:hover{transform:rotate(0deg) scale(1.02);}\r\n@media (max-width:860px){\r\n  .purama-ebook-promo{\r\n    grid-template-columns:1fr;\r\n    padding:28px 22px;\r\n    gap:24px;\r\n  }\r\n  .pep-title{font-size:26px;}\r\n  .pep-visual img{max-width:260px;transform:rotate(0deg);}\r\n}\r\n<\/style>\n\n\n\n<p><strong>Tarbimine<\/strong>:<br>Soovitatav on v\u00f5tta p\u00e4evas 1-2 m\u00f5\u00f5telusikat\u00e4it pulbrit, segatuna veega, smuutiga v\u00f5i oma lemmikjoogiga. Parim on v\u00f5tta hommikul v\u00f5i enne treeningut. \u00c4rge \u00fcletage etten\u00e4htud annust.<\/p>\n\n\n\n<p><strong>Koostisosad<\/strong>:<\/p>\n\n\n\n<ol class=\"wp-block-list\">\n<li><strong>Roheline tee<\/strong> - aitab p\u00f5letada rasva ja parandada ainevahetust.<\/li>\n\n\n\n<li><strong>L-karnitiin<\/strong> - aitab muuta rasva energiaks, suurendades treeningu tulemuslikkust.<\/li>\n\n\n\n<li><strong>Kitosaan<\/strong> - aitab blokeerida rasva imendumist ja parandab kehakaalu kontrolli.<\/li>\n\n\n\n<li><strong>Kaneeliekstrakt<\/strong> - kontrollib s\u00f6\u00f6giisu ja aitab stabiliseerida veresuhkru taset.<\/li>\n\n\n\n<li><strong>Kofeiin<\/strong> - Stimuleerib energiat ja ainevahetust, aidates saavutada suuremat f\u00fc\u00fcsilist ja vaimset j\u00f5udlust.<\/li>\n<\/ol>\n\n\n\n<p><strong>Toiduainete k\u00e4itlemise sertifikaat:&nbsp;<\/strong>69MTSPA-667<\/p>","protected":false},"excerpt":{"rendered":"<p data-start=\"244\" data-end=\"659\"><strong>Nature's Finest Waistline Pro<\/strong> - on spetsiaalselt v\u00e4ljat\u00f6\u00f6tatud toidulisand, mis aitab kujundada kehajooni ja kontrollida kehakaalu. Waistline Pro sisaldab looduslikke koostisosi, mis aitavad kiirendada rasvap\u00f5letust, p\u00e4rssida s\u00f6\u00f6giisu ja edendada tervislikku ainevahetust, ning aitab teil saavutada paremaid tulemusi soovitud kehaehituse kujundamisel ja pakub pikaajalist kehakaalu kontrollimist toetavat toimet.<\/p>\n<p data-start=\"661\" data-end=\"1105\"><strong data-start=\"661\" data-end=\"684\">Miks valida<\/strong>:<br data-start=\"685\" data-end=\"688\" \/>\u2714\ufe0f <strong data-start=\"691\" data-end=\"723\">Aitab kujundada keha piirjooni<\/strong>: Edendab tervislikku kaalulangust ja aitab ehitada tugevat, tugevat keha.<br data-start=\"796\" data-end=\"799\" \/>\u2714\ufe0f <strong data-start=\"802\" data-end=\"828\">Looduslikud koostisosad<\/strong>V: Sisaldab ainult looduslikke taimeekstrakte, mis toimivad t\u00f5husalt ja ohutult.<br data-start=\"911\" data-end=\"914\" data-is-only-node=\"\" \/>\u2714\ufe0f <strong data-start=\"917\" data-end=\"936\">Soodustab s\u00f6\u00f6giisu<\/strong>: Aitab kontrollida n\u00e4lga ja v\u00e4hendada liigse s\u00f6\u00f6mise t\u00f5en\u00e4osust.<br data-start=\"1006\" data-end=\"1009\" \/>\u2714\ufe0f <strong data-start=\"1012\" data-end=\"1040\">Parandab ainevahetust<\/strong>: Soodustab kiiremat rasvap\u00f5letust ja tervislikku ainevahetust.<\/p>","protected":false},"featured_media":41011,"comment_status":"open","ping_status":"closed","template":"","meta":{"_acf_changed":true},"product_brand":[441],"product_cat":[123,57,260,266,262,264],"product_tag":[],"class_list":{"0":"post-40976","1":"product","2":"type-product","3":"status-publish","4":"has-post-thumbnail","6":"product_brand-natures-finest","7":"product_cat-papildai-ilgaamziskumui","8":"product_cat-akcijos","9":"product_cat-energijai-ir-apykaitai","10":"product_cat-fermentai-ir-virskinimas","11":"product_cat-medziagu-apykaita","12":"product_cat-virskinimui-ir-detoksui","14":"first","15":"instock","16":"sale","17":"shipping-taxable","18":"purchasable","19":"product-type-simple"},"acf":[],"tiered_pricing_type":"fixed","tiered_pricing_fixed_rules":[],"tiered_pricing_product_settings":{"layout":"default","base_unit_name":{"singular":null,"plural":null},"default_variation":null},"tiered_pricing_minimum_quantity":null,"tiered_pricing_roles_data":[],"tiered_pricing_percentage_rules":[],"_links":{"self":[{"href":"https:\/\/purama.lt\/ee\/wp-json\/wp\/v2\/product\/40976","targetHints":{"allow":["GET"]}}],"collection":[{"href":"https:\/\/purama.lt\/ee\/wp-json\/wp\/v2\/product"}],"about":[{"href":"https:\/\/purama.lt\/ee\/wp-json\/wp\/v2\/types\/product"}],"replies":[{"embeddable":true,"href":"https:\/\/purama.lt\/ee\/wp-json\/wp\/v2\/comments?post=40976"}],"wp:featuredmedia":[{"embeddable":true,"href":"https:\/\/purama.lt\/ee\/wp-json\/wp\/v2\/media\/41011"}],"wp:attachment":[{"href":"https:\/\/purama.lt\/ee\/wp-json\/wp\/v2\/media?parent=40976"}],"wp:term":[{"taxonomy":"product_brand","embeddable":true,"href":"https:\/\/purama.lt\/ee\/wp-json\/wp\/v2\/product_brand?post=40976"},{"taxonomy":"product_cat","embeddable":true,"href":"https:\/\/purama.lt\/ee\/wp-json\/wp\/v2\/product_cat?post=40976"},{"taxonomy":"product_tag","embeddable":true,"href":"https:\/\/purama.lt\/ee\/wp-json\/wp\/v2\/product_tag?post=40976"}],"curies":[{"name":"wp","href":"https:\/\/api.w.org\/{rel}","templated":true}]}}