{"id":40974,"date":"2025-10-21T09:21:20","date_gmt":"2025-10-21T07:21:20","guid":{"rendered":"https:\/\/purama.lt\/produktas\/natures-finest-atminciai\/"},"modified":"2026-04-16T13:17:37","modified_gmt":"2026-04-16T11:17:37","slug":"looduse-parimad-malestused","status":"publish","type":"product","link":"https:\/\/purama.lt\/ee\/produktas\/natures-finest-atminciai\/","title":{"rendered":"Looduse parim m\u00e4lu"},"content":{"rendered":"<div class=\"purama-ebook-promo\">\r\n  <div class=\"pep-content\">\r\n    <span class=\"pep-eyebrow\">Nature's Finest toodete ostmisel<\/span>\r\n    <h2 class=\"pep-title\">Tasuta e-raamat kingituseks<\/h2>\r\n    <p class=\"pep-desc\">Meie ekspertide koostatud n\u00f5uanded ja retseptid aitavad teid tervisliku toitumise ja igap\u00e4evaste treeningute teekonnal \u2013 <strong>kingitus iga Nature\u2019s Finest tellimuse juurde alates 30 \u20ac.<\/strong><\/p>\r\n  <\/div>\r\n  <div class=\"pep-visual\">\r\n    <img decoding=\"async\" src=\"https:\/\/purama.lt\/wp-content\/uploads\/2026\/04\/receptu-knyga.png\" alt=\"Tasuta e-raamat \u2013 kingitus iga Nature&#039;s Finest tellimuse puhul alates 30 \u20ac\" loading=\"lazy\" \/>\r\n  <\/div>\r\n<\/div>\r\n\r\n<style>\r\n.purama-ebook-promo{\r\n  font-family:Inter,-apple-system,BlinkMacSystemFont,sans-serif;\r\n  display:grid;\r\n  grid-template-columns:1.1fr 1fr;\r\n  gap:48px;\r\n  align-items:center;\r\n  padding:48px;\r\n  margin:32px 0;\r\n  background:#f8f8f8;\r\n  border:1px solid #eee;\r\n  border-radius:12px;\r\n  position:relative;\r\n  overflow:hidden;\r\n}\r\n.purama-ebook-promo::before{\r\n  content:\"\";\r\n  position:absolute;\r\n  top:-120px;right:-120px;\r\n  width:340px;height:340px;\r\n  background:radial-gradient(circle,rgba(220,152,20,.08) 0%,transparent 70%);\r\n  border-radius:50%;\r\n  pointer-events:none;\r\n}\r\n.pep-content{position:relative;z-index:2;}\r\n.pep-eyebrow{\r\n  display:inline-block;\r\n  font-family:Inter,sans-serif;\r\n  font-size:13px;\r\n  font-weight:600;\r\n  letter-spacing:.3px;\r\n  text-transform:uppercase;\r\n  color:#dc9814;\r\n  margin-bottom:14px;\r\n  line-height:1.5;\r\n}\r\n.pep-title{\r\n  font-family:Inter,sans-serif;\r\n  font-size:34px;\r\n  line-height:1.2;\r\n  font-weight:600;\r\n  letter-spacing:-.5px;\r\n  color:#111;\r\n  margin:0 0 18px;\r\n}\r\n.pep-desc{\r\n  font-family:Inter,sans-serif;\r\n  font-size:16px;\r\n  line-height:1.6;\r\n  font-weight:400;\r\n  color:#444;\r\n  margin:0;\r\n}\r\n.pep-desc strong{\r\n  font-weight:600;\r\n  color:#111;\r\n}\r\n.pep-visual{\r\n  position:relative;\r\n  z-index:2;\r\n  text-align:center;\r\n}\r\n.pep-visual img{\r\n  max-width:100%;\r\n  height:auto;\r\n  filter:drop-shadow(0 22px 44px rgba(0,0,0,.15));\r\n  transform:rotate(-2deg);\r\n  transition:transform .4s ease;\r\n}\r\n.pep-visual img:hover{transform:rotate(0deg) scale(1.02);}\r\n@media (max-width:860px){\r\n  .purama-ebook-promo{\r\n    grid-template-columns:1fr;\r\n    padding:28px 22px;\r\n    gap:24px;\r\n  }\r\n  .pep-title{font-size:26px;}\r\n  .pep-visual img{max-width:260px;transform:rotate(0deg);}\r\n}\r\n<\/style>\n\n\n\n<p><strong>Tarbimine<\/strong>:<br>Soovitatav on v\u00f5tta p\u00e4evas 1-2 m\u00f5\u00f5telusikat\u00e4it pulbrit, segatuna veega, smuutiga v\u00f5i oma lemmikjoogiga. Ideaalis tuleks seda v\u00f5tta hommikul v\u00f5i enne vaimseid v\u00e4ljakutseid (nt enne t\u00f6\u00f6d v\u00f5i \u00f5ppimist). \u00c4rge \u00fcletage etten\u00e4htud annust.<\/p>\n\n\n\n<p><strong>Koostisosad<\/strong>:<\/p>\n\n\n\n<ol class=\"wp-block-list\">\n<li><strong>Ginkgo Biloba<\/strong> - taim, mis parandab aju verevarustust ja soodustab m\u00e4lu.<\/li>\n\n\n\n<li><strong>Vitamiin B6<\/strong> - oluline element n\u00e4rvis\u00fcsteemi toimimise ja vaimse v\u00f5imekuse seisukohalt.<\/li>\n\n\n\n<li><strong>Omega-3 rasvhapped<\/strong> - aitab parandada aju tervist ja toimimist.<\/li>\n\n\n\n<li><strong>\u017den\u0161enn<\/strong> - taim, mis parandab keskendumisv\u00f5imet ja vaimset energiataset.<\/li>\n\n\n\n<li><strong>Tsink<\/strong> - oluline element normaalse aju toimimise ja vaimse selguse s\u00e4ilitamisel.<\/li>\n<\/ol>\n\n\n\n<p><strong>Toiduainete k\u00e4itlemise sertifikaat:&nbsp;<\/strong>69MTSPA-667<\/p>\n\n\n\n<p>Kas otsite rohkem? Vaadake t\u00e4ielikku <a href=\"\/ee\/tootesildid\/natures-finest\/\">Nature\u2019s Finest sortimenti<\/a>.<\/p>","protected":false},"excerpt":{"rendered":"<p data-start=\"240\" data-end=\"673\"><strong>Looduse parim OkMemory<\/strong> - on looduslik toidulisand, mille eesm\u00e4rk on parandada m\u00e4lu, keskendumisv\u00f5imet ja \u00fcldist ajufunktsiooni. Selle taimsed koostisosad ja vitamiinid aitavad toetada vaimset tervist, v\u00f5idelda v\u00e4simuse ja stressi vastu ning parandada vaimset j\u00f5udlust. OkMemory on ideaalne valik neile, kes soovivad parandada ajufunktsiooni ja m\u00e4lu, samuti v\u00e4hendada ajuv\u00e4simust ja parandada keskendumisv\u00f5imet.<\/p>\n<p data-start=\"675\" data-end=\"1171\"><strong data-start=\"675\" data-end=\"698\">Miks valida<\/strong>:<br data-start=\"699\" data-end=\"702\" \/>\u2714\ufe0f <strong data-start=\"705\" data-end=\"744\">Parem m\u00e4lu ja keskendumisv\u00f5ime<\/strong>: Koostisosad, mis aitavad tugevdada m\u00e4lu ja keskendumisv\u00f5imet.<br data-start=\"802\" data-end=\"805\" \/>\u2714\ufe0f <strong data-start=\"808\" data-end=\"844\">Looduslikud ja ohutud koostisosad<\/strong>V: Sisaldab ainult looduslikke taimeekstrakte ja vitamiine, et tagada t\u00f5husus ja ohutus.<br data-start=\"945\" data-end=\"948\" \/>\u2714\ufe0f <strong data-start=\"951\" data-end=\"979\">Parem aju toimimine<\/strong>A: Parandab vaimset j\u00f5udlust, v\u00e4hendab v\u00e4simust ja aitab s\u00e4ilitada vaimset valvsust.<br data-start=\"1058\" data-end=\"1061\" \/>\u2714\ufe0f <strong data-start=\"1064\" data-end=\"1086\">Kasutamise lihtsus<\/strong>Mugav pulber, mis seguneb kergesti jookidega ja annab kohese efekti.<\/p>","protected":false},"featured_media":41025,"comment_status":"open","ping_status":"closed","template":"","meta":{"_acf_changed":false},"product_brand":[441],"product_cat":[123,57,257,259,256,258],"product_tag":[],"class_list":{"0":"post-40974","1":"product","2":"type-product","3":"status-publish","4":"has-post-thumbnail","6":"product_brand-natures-finest","7":"product_cat-papildai-ilgaamziskumui","8":"product_cat-akcijos","9":"product_cat-atmintis-ir-demesys","10":"product_cat-nuotaika-ir-stresas","11":"product_cat-smegenims-ir-atminciai","12":"product_cat-smegenu-apsauga","14":"first","15":"instock","16":"sale","17":"shipping-taxable","18":"purchasable","19":"product-type-simple"},"acf":[],"tiered_pricing_type":"fixed","tiered_pricing_fixed_rules":[],"tiered_pricing_product_settings":{"layout":"default","base_unit_name":{"singular":null,"plural":null},"default_variation":null},"tiered_pricing_minimum_quantity":null,"tiered_pricing_roles_data":[],"tiered_pricing_percentage_rules":[],"_links":{"self":[{"href":"https:\/\/purama.lt\/ee\/wp-json\/wp\/v2\/product\/40974","targetHints":{"allow":["GET"]}}],"collection":[{"href":"https:\/\/purama.lt\/ee\/wp-json\/wp\/v2\/product"}],"about":[{"href":"https:\/\/purama.lt\/ee\/wp-json\/wp\/v2\/types\/product"}],"replies":[{"embeddable":true,"href":"https:\/\/purama.lt\/ee\/wp-json\/wp\/v2\/comments?post=40974"}],"wp:featuredmedia":[{"embeddable":true,"href":"https:\/\/purama.lt\/ee\/wp-json\/wp\/v2\/media\/41025"}],"wp:attachment":[{"href":"https:\/\/purama.lt\/ee\/wp-json\/wp\/v2\/media?parent=40974"}],"wp:term":[{"taxonomy":"product_brand","embeddable":true,"href":"https:\/\/purama.lt\/ee\/wp-json\/wp\/v2\/product_brand?post=40974"},{"taxonomy":"product_cat","embeddable":true,"href":"https:\/\/purama.lt\/ee\/wp-json\/wp\/v2\/product_cat?post=40974"},{"taxonomy":"product_tag","embeddable":true,"href":"https:\/\/purama.lt\/ee\/wp-json\/wp\/v2\/product_tag?post=40974"}],"curies":[{"name":"wp","href":"https:\/\/api.w.org\/{rel}","templated":true}]}}