{"id":40972,"date":"2025-10-21T09:21:16","date_gmt":"2025-10-21T07:21:16","guid":{"rendered":"https:\/\/purama.lt\/produktas\/natures-finest-imunitetui\/"},"modified":"2026-04-16T13:19:01","modified_gmt":"2026-04-16T11:19:01","slug":"natures-finest-imunup","status":"publish","type":"product","link":"https:\/\/purama.lt\/ee\/produktas\/natures-finest-imunitetui\/","title":{"rendered":"Looduse parimad immuunsuse jaoks"},"content":{"rendered":"<div class=\"purama-ebook-promo\">\r\n  <div class=\"pep-content\">\r\n    <span class=\"pep-eyebrow\">Nature's Finest toodete ostmisel<\/span>\r\n    <h2 class=\"pep-title\">Tasuta e-raamat kingituseks<\/h2>\r\n    <p class=\"pep-desc\">Meie ekspertide koostatud n\u00f5uanded ja retseptid aitavad teid tervisliku toitumise ja igap\u00e4evaste treeningute teekonnal \u2013 <strong>kingitus iga Nature\u2019s Finest tellimuse juurde alates 30 \u20ac.<\/strong><\/p>\r\n  <\/div>\r\n  <div class=\"pep-visual\">\r\n    <img decoding=\"async\" src=\"https:\/\/purama.lt\/wp-content\/uploads\/2026\/04\/receptu-knyga.png\" alt=\"Tasuta e-raamat \u2013 kingitus iga Nature&#039;s Finest tellimuse puhul alates 30 \u20ac\" loading=\"lazy\" \/>\r\n  <\/div>\r\n<\/div>\r\n\r\n<style>\r\n.purama-ebook-promo{\r\n  font-family:Inter,-apple-system,BlinkMacSystemFont,sans-serif;\r\n  display:grid;\r\n  grid-template-columns:1.1fr 1fr;\r\n  gap:48px;\r\n  align-items:center;\r\n  padding:48px;\r\n  margin:32px 0;\r\n  background:#f8f8f8;\r\n  border:1px solid #eee;\r\n  border-radius:12px;\r\n  position:relative;\r\n  overflow:hidden;\r\n}\r\n.purama-ebook-promo::before{\r\n  content:\"\";\r\n  position:absolute;\r\n  top:-120px;right:-120px;\r\n  width:340px;height:340px;\r\n  background:radial-gradient(circle,rgba(220,152,20,.08) 0%,transparent 70%);\r\n  border-radius:50%;\r\n  pointer-events:none;\r\n}\r\n.pep-content{position:relative;z-index:2;}\r\n.pep-eyebrow{\r\n  display:inline-block;\r\n  font-family:Inter,sans-serif;\r\n  font-size:13px;\r\n  font-weight:600;\r\n  letter-spacing:.3px;\r\n  text-transform:uppercase;\r\n  color:#dc9814;\r\n  margin-bottom:14px;\r\n  line-height:1.5;\r\n}\r\n.pep-title{\r\n  font-family:Inter,sans-serif;\r\n  font-size:34px;\r\n  line-height:1.2;\r\n  font-weight:600;\r\n  letter-spacing:-.5px;\r\n  color:#111;\r\n  margin:0 0 18px;\r\n}\r\n.pep-desc{\r\n  font-family:Inter,sans-serif;\r\n  font-size:16px;\r\n  line-height:1.6;\r\n  font-weight:400;\r\n  color:#444;\r\n  margin:0;\r\n}\r\n.pep-desc strong{\r\n  font-weight:600;\r\n  color:#111;\r\n}\r\n.pep-visual{\r\n  position:relative;\r\n  z-index:2;\r\n  text-align:center;\r\n}\r\n.pep-visual img{\r\n  max-width:100%;\r\n  height:auto;\r\n  filter:drop-shadow(0 22px 44px rgba(0,0,0,.15));\r\n  transform:rotate(-2deg);\r\n  transition:transform .4s ease;\r\n}\r\n.pep-visual img:hover{transform:rotate(0deg) scale(1.02);}\r\n@media (max-width:860px){\r\n  .purama-ebook-promo{\r\n    grid-template-columns:1fr;\r\n    padding:28px 22px;\r\n    gap:24px;\r\n  }\r\n  .pep-title{font-size:26px;}\r\n  .pep-visual img{max-width:260px;transform:rotate(0deg);}\r\n}\r\n<\/style>\n\n\n\n<p><strong>Tarbimine<\/strong>:<br>Soovitatav on v\u00f5tta p\u00e4evas 1-2 m\u00f5\u00f5telusikat\u00e4it pulbrit, segatuna veega, smuutiga v\u00f5i oma lemmikjoogiga. Ideaalis tuleks seda v\u00f5tta hommikul v\u00f5i \u00f5htul, et saavutada maksimaalne toime. \u00c4rge \u00fcletage etten\u00e4htud annust.<\/p>\n\n\n\n<p><strong>Koostisosad<\/strong>:<\/p>\n\n\n\n<ol class=\"wp-block-list\">\n<li><strong>C-vitamiin<\/strong> - tugevdab immuuns\u00fcsteemi, aitab v\u00f5idelda p\u00f5letiku vastu.<\/li>\n\n\n\n<li><strong>Tsink<\/strong> - Oluline mikroelement, mis aitab organismil v\u00f5idelda infektsioonide vastu ja tugevdada immuunsust.<\/li>\n\n\n\n<li><strong>Echinacea (Echinacea)<\/strong> - taim, mis parandab immuuns\u00fcsteemi ja leevendab k\u00fclmetuss\u00fcmptomeid.<\/li>\n\n\n\n<li><strong>Propolis<\/strong> - Antibakteriaalsete ja p\u00f5letikuvastaste omadustega looduslik mesindussaadus.<\/li>\n\n\n\n<li><strong>D-vitamiin<\/strong> - oluline element immuunsuse ja organismi vastupanuv\u00f5ime suurendamiseks.<\/li>\n<\/ol>\n\n\n\n<p><strong>Toiduainete k\u00e4itlemise sertifikaat:&nbsp;<\/strong>69MTSPA-667<\/p>\n\n\n\n<p>Kas otsite rohkem? Vaadake t\u00e4ielikku <a href=\"\/ee\/tootesildid\/natures-finest\/\">Nature\u2019s Finest sortimenti<\/a>.<\/p>","protected":false},"excerpt":{"rendered":"<p data-start=\"262\" data-end=\"628\"><strong>Nature's Finest Imunup<\/strong> - See on terviklik ja t\u00f5hus toidulisand, mis aitab suurendada immuunsust ja organismi vastupanuv\u00f5imet. See sisaldab looduslikke koostisosi, mis toetavad tervet immuuns\u00fcsteemi ja aitavad v\u00f5idelda k\u00fclmetushaiguste ja muude haiguste vastu. Immunup Pack on ideaalne valik k\u00fclmetusperioodiks, mil meie keha on k\u00f5ige haavatavam.<\/p>\n<p data-start=\"630\" data-end=\"1160\"><strong data-start=\"630\" data-end=\"653\">Miks valida<\/strong>:<br data-start=\"654\" data-end=\"657\" \/>\u2714\ufe0f <strong data-start=\"660\" data-end=\"697\">P\u00f5hjalik immuunsuse toetus<\/strong>: Looduslike koostisosade kombinatsioon, mis aitab tugevdada immuuns\u00fcsteemi ja vastupanuv\u00f5imet haigustele.<br data-start=\"796\" data-end=\"799\" \/>\u2714\ufe0f <strong data-start=\"802\" data-end=\"838\">Looduslikud ja ohutud koostisosad<\/strong>V: Ohutuse ja t\u00f5hususe tagamiseks kasutatakse ainult kvaliteetseid ja looduslikke koostisosi.<br data-start=\"942\" data-end=\"945\" \/>\u2714\ufe0f <strong data-start=\"948\" data-end=\"979\">Toetab organismi vastupanuv\u00f5imet<\/strong>: Aitab organismil kergemini v\u00f5idelda infektsioonide ja k\u00fclmetushaigustega.<br data-start=\"1052\" data-end=\"1055\" \/>\u2714\ufe0f <strong data-start=\"1058\" data-end=\"1080\">Kasutamise lihtsus<\/strong>V: Toidulisandeid v\u00f5etakse mugavalt vastavalt soovitustele, et saada maksimaalset kasu.<\/p>","protected":false},"featured_media":41022,"comment_status":"open","ping_status":"closed","template":"","meta":{"_acf_changed":false},"product_brand":[441],"product_cat":[123,57,253,252],"product_tag":[],"class_list":{"0":"post-40972","1":"product","2":"type-product","3":"status-publish","4":"has-post-thumbnail","6":"product_brand-natures-finest","7":"product_cat-papildai-ilgaamziskumui","8":"product_cat-akcijos","9":"product_cat-imuniteto-palaikymas","10":"product_cat-imunitetui","12":"first","13":"instock","14":"sale","15":"shipping-taxable","16":"purchasable","17":"product-type-simple"},"acf":[],"tiered_pricing_type":"fixed","tiered_pricing_fixed_rules":[],"tiered_pricing_product_settings":{"layout":"default","base_unit_name":{"singular":null,"plural":null},"default_variation":null},"tiered_pricing_minimum_quantity":null,"tiered_pricing_roles_data":[],"tiered_pricing_percentage_rules":[],"_links":{"self":[{"href":"https:\/\/purama.lt\/ee\/wp-json\/wp\/v2\/product\/40972","targetHints":{"allow":["GET"]}}],"collection":[{"href":"https:\/\/purama.lt\/ee\/wp-json\/wp\/v2\/product"}],"about":[{"href":"https:\/\/purama.lt\/ee\/wp-json\/wp\/v2\/types\/product"}],"replies":[{"embeddable":true,"href":"https:\/\/purama.lt\/ee\/wp-json\/wp\/v2\/comments?post=40972"}],"wp:featuredmedia":[{"embeddable":true,"href":"https:\/\/purama.lt\/ee\/wp-json\/wp\/v2\/media\/41022"}],"wp:attachment":[{"href":"https:\/\/purama.lt\/ee\/wp-json\/wp\/v2\/media?parent=40972"}],"wp:term":[{"taxonomy":"product_brand","embeddable":true,"href":"https:\/\/purama.lt\/ee\/wp-json\/wp\/v2\/product_brand?post=40972"},{"taxonomy":"product_cat","embeddable":true,"href":"https:\/\/purama.lt\/ee\/wp-json\/wp\/v2\/product_cat?post=40972"},{"taxonomy":"product_tag","embeddable":true,"href":"https:\/\/purama.lt\/ee\/wp-json\/wp\/v2\/product_tag?post=40972"}],"curies":[{"name":"wp","href":"https:\/\/api.w.org\/{rel}","templated":true}]}}