{"id":40971,"date":"2025-10-21T09:21:15","date_gmt":"2025-10-21T07:21:15","guid":{"rendered":"https:\/\/purama.lt\/produktas\/natures-finest-testosterono-palaikymui\/"},"modified":"2026-04-13T16:32:33","modified_gmt":"2026-04-13T14:32:33","slug":"natures-finest-testosterooni-toetuseks","status":"publish","type":"product","link":"https:\/\/purama.lt\/ee\/produktas\/natures-finest-testosterono-palaikymui\/","title":{"rendered":"Nature's Finest testosterooni toetuseks"},"content":{"rendered":"<p><strong>Tarbimine<\/strong>:<br>Soovitatav on v\u00f5tta p\u00e4evas 1-2 m\u00f5\u00f5telusikat\u00e4it pulbrit, segatuna veega, smuutiga v\u00f5i oma lemmikjoogiga. Ideaalis v\u00f5tta hommikul v\u00f5i enne treeningut, et saavutada maksimaalne efekt. \u00c4rge \u00fcletage etten\u00e4htud annust.<\/p>\n\n\n\n<p><strong>Koostisosad<\/strong>:<\/p>\n\n\n\n<ol class=\"wp-block-list\">\n<li><strong>ZMA (tsink, magneesium, vitamiin B6)<\/strong> - oluline element lihaste funktsiooni ja testosterooni tootmise parandamiseks.<\/li>\n\n\n\n<li><strong>Maca juur<\/strong> - taim, mis aitab parandada energiataset ja vastupidavust.<\/li>\n\n\n\n<li><strong>Tribulus Terrestris<\/strong> - aitab stimuleerida testosterooni tootmist ja lihaskasvu.<\/li>\n\n\n\n<li><strong>Fenugreek (p\u00f5drakasvataja)<\/strong> - parandab testosterooni taset ja lihaste taastumist p\u00e4rast treeninguid.<\/li>\n\n\n\n<li><strong>Ashwaganda<\/strong> - Adaptogeen, mis v\u00f5itleb stressi m\u00f5ju vastu ja aitab p\u00e4rast treeningut kiiremini taastuda.<\/li>\n\n\n\n<li><strong>L-karnitiin<\/strong> - Aitab p\u00f5letada rasva ja suurendada vastupidavust, parandades f\u00fc\u00fcsilist vormi.<\/li>\n<\/ol>\n\n\n\n<p><strong>Toiduainete k\u00e4itlemise sertifikaat:&nbsp;<\/strong>69MTSPA-667<\/p>\n\n\n\n<p>Kas otsite rohkem? Vaadake t\u00e4ielikku <a href=\"\/ee\/tootesildid\/looduse-parimad\/\">Nature\u2019s Finest sortimenti<\/a>.<\/p>","protected":false},"excerpt":{"rendered":"<p data-start=\"300\" data-end=\"606\"><strong>Nature's Finest Testopro Extreme 6-in-1<\/strong> - on kvaliteetne toidulisand, mis on m\u00f5eldud testosteroonitaseme suurendamiseks kehas ja f\u00fc\u00fcsilise vormi parandamiseks. See sisaldab kuut toimeainet, mis aitavad loomulikult suurendada testosteroonitaset, parandada lihaskasvu ja taastumist p\u00e4rast treeninguid.<\/p>\n<p data-start=\"608\" data-end=\"1141\"><strong data-start=\"608\" data-end=\"631\">Miks valida<\/strong>:<br data-start=\"632\" data-end=\"635\" \/>\u2714\ufe0f <strong data-start=\"638\" data-end=\"663\">P\u00f5hjalik m\u00f5ju<\/strong>V: Testopro Extreme 6-in-1 aitab mitte ainult suurendada testosterooni taset, vaid ka parandada f\u00fc\u00fcsilist vormi ja lihaskasvu.<br data-start=\"783\" data-end=\"786\" \/>\u2714\ufe0f <strong data-start=\"789\" data-end=\"815\">Looduslikud koostisosad<\/strong>V: K\u00f5ik koostisosad on looduslikud ja ohutud ning nende t\u00f5husus on teaduslikult t\u00f5estatud.<br data-start=\"908\" data-end=\"911\" \/>\u2714\ufe0f <strong data-start=\"914\" data-end=\"943\">Kiirendatud taastumine<\/strong>: Kiirem taastumine ja rohkem energiat p\u00e4rast intensiivseid treeninguid.<br data-start=\"1016\" data-end=\"1019\" \/>\u2714\ufe0f <strong data-start=\"1022\" data-end=\"1040\">Piisav kvaliteet<\/strong>: Nature's Finest tooted on rangelt testitud, et tagada k\u00f5rgeim kvaliteet ja j\u00f5udlus.<\/p>","protected":false},"featured_media":41016,"comment_status":"open","ping_status":"closed","template":"","meta":{"_acf_changed":false},"product_brand":[441],"product_cat":[277,57,123,276],"product_tag":[],"class_list":{"0":"post-40971","1":"product","2":"type-product","3":"status-publish","4":"has-post-thumbnail","6":"product_brand-natures-finest","7":"product_cat-vyrams","8":"product_cat-akcijos","9":"product_cat-papildai-ilgaamziskumui","10":"product_cat-seksualinei-sveikatai","12":"first","13":"instock","14":"sale","15":"shipping-taxable","16":"purchasable","17":"product-type-simple"},"acf":[],"tiered_pricing_type":"fixed","tiered_pricing_fixed_rules":[],"tiered_pricing_product_settings":{"layout":"default","base_unit_name":{"singular":null,"plural":null},"default_variation":null},"tiered_pricing_minimum_quantity":null,"tiered_pricing_roles_data":[],"tiered_pricing_percentage_rules":[],"_links":{"self":[{"href":"https:\/\/purama.lt\/ee\/wp-json\/wp\/v2\/product\/40971","targetHints":{"allow":["GET"]}}],"collection":[{"href":"https:\/\/purama.lt\/ee\/wp-json\/wp\/v2\/product"}],"about":[{"href":"https:\/\/purama.lt\/ee\/wp-json\/wp\/v2\/types\/product"}],"replies":[{"embeddable":true,"href":"https:\/\/purama.lt\/ee\/wp-json\/wp\/v2\/comments?post=40971"}],"wp:featuredmedia":[{"embeddable":true,"href":"https:\/\/purama.lt\/ee\/wp-json\/wp\/v2\/media\/41016"}],"wp:attachment":[{"href":"https:\/\/purama.lt\/ee\/wp-json\/wp\/v2\/media?parent=40971"}],"wp:term":[{"taxonomy":"product_brand","embeddable":true,"href":"https:\/\/purama.lt\/ee\/wp-json\/wp\/v2\/product_brand?post=40971"},{"taxonomy":"product_cat","embeddable":true,"href":"https:\/\/purama.lt\/ee\/wp-json\/wp\/v2\/product_cat?post=40971"},{"taxonomy":"product_tag","embeddable":true,"href":"https:\/\/purama.lt\/ee\/wp-json\/wp\/v2\/product_tag?post=40971"}],"curies":[{"name":"wp","href":"https:\/\/api.w.org\/{rel}","templated":true}]}}