{"id":40898,"date":"2025-10-20T08:12:11","date_gmt":"2025-10-20T06:12:11","guid":{"rendered":"https:\/\/purama.lt\/produktas\/puremetics-3-in-1-kuno-sveitiklis-migdolu-pienas\/"},"modified":"2026-04-14T09:24:02","modified_gmt":"2026-04-14T07:24:02","slug":"puremetics-3-in-1-mandlipiim","status":"publish","type":"product","link":"https:\/\/purama.lt\/ee\/produktas\/puremetics-3-in-1-kuno-sveitiklis-migdolu-pienas\/","title":{"rendered":"Puremetics 3-in-1 kehakoorimine mandlipiimaga"},"content":{"rendered":"<p><strong>Kasutamine<\/strong><br>Kandke v\u00e4ike kogus m\u00e4rjale nahale, vahutage veega ja masseerige \u00f5rnalt; loputage maha.<br>Sobib igap\u00e4evaseks kasutamiseks<br>\u00c4rge niisutage pakendit: eemaldage osa enne du\u0161i all k\u00e4imist v\u00f5i viige see veekindlasse konteinerisse; hoidke kuivas kohas.<\/p>\n\n\n\n<p><strong>Koostisosad<\/strong><br>sahharoos, gl\u00fctseriin, vesi, naatriumlauro\u00fc\u00fclisethionaat, sorbitool, cocos nucifera \u00f5li, dinaatriumlaur\u00fc\u00fclsulfosuktsinaat, naatriumkloriid, parf\u00fc\u00fcm, levuliinhape, kaaliumsorbaat, kumariin.<\/p>","protected":false},"excerpt":{"rendered":"<p data-start=\"0\" data-end=\"495\"><strong>Puremetics 3-in-1 kehakoorimine mandlipiimaga:<\/strong>\u00a0 kreemjas 3-in-1 puhastusvahend koos <strong data-start=\"103\" data-end=\"125\">suhkrukoorimine<\/strong> ja kookos\u00f5li samal ajal <strong data-start=\"156\" data-end=\"199\">puhastab, koorib \u00f5rnalt ja hooldab.<\/strong> ode. Vaht loputatakse kergesti maha, j\u00e4ttes naha siledaks ja pehmeks, ilma rasvasuseta. \u00d5rn, <strong data-start=\"281\" data-end=\"311\">magus ja piimjas mandel<\/strong> aroom loob hubase du\u0161irituaali. Koostis p\u00f5hineb mahedal pindaktiivsel ainel. <em data-start=\"383\" data-end=\"411\">naatriumlauro\u00fc\u00fclisethionaat<\/em> ja niisutav gl\u00fctseriin, laialdaselt kasutatav kombinatsioon mahedaks pesemiseks; pH umbes ~6.<\/p>\n<p data-start=\"497\" data-end=\"802\"><strong data-start=\"497\" data-end=\"520\">Miks valida<\/strong><br data-start=\"520\" data-end=\"523\" \/>\u2714\ufe0f 3 in 1: puhastusvahend, koorijaga ja kehahooldus \u00fches.<br data-start=\"582\" data-end=\"585\" \/>\u2714\ufe0f Peened suhkruosakesed aitavad siluda naha tekstuuri<br data-start=\"643\" data-end=\"646\" \/>\u2714\ufe0f Kookos\u00f5li ja gl\u00fctseriin pehmendavad ja aitavad s\u00e4ilitada niiskust.<br data-start=\"715\" data-end=\"718\" \/>\u2714\ufe0f Mandlipiima \u00f5rn aroom<br data-start=\"751\" data-end=\"754\" \/>\u2714\ufe0f Vegan, plastikuvaba, valmistatud Saksamaal.<\/p>","protected":false},"featured_media":40872,"comment_status":"open","ping_status":"closed","template":"","meta":{"_acf_changed":false},"product_brand":[449],"product_cat":[382,92,300],"product_tag":[],"class_list":{"0":"post-40898","1":"product","2":"type-product","3":"status-publish","4":"has-post-thumbnail","6":"product_brand-puremetics","7":"product_cat-kuno-sveitikliai","8":"product_cat-groziui","9":"product_cat-kunui","11":"first","12":"instock","13":"shipping-taxable","14":"purchasable","15":"product-type-simple"},"acf":[],"tiered_pricing_type":"fixed","tiered_pricing_fixed_rules":[],"tiered_pricing_product_settings":{"layout":"default","base_unit_name":{"singular":null,"plural":null},"default_variation":null},"tiered_pricing_minimum_quantity":null,"tiered_pricing_roles_data":[],"tiered_pricing_percentage_rules":[],"_links":{"self":[{"href":"https:\/\/purama.lt\/ee\/wp-json\/wp\/v2\/product\/40898","targetHints":{"allow":["GET"]}}],"collection":[{"href":"https:\/\/purama.lt\/ee\/wp-json\/wp\/v2\/product"}],"about":[{"href":"https:\/\/purama.lt\/ee\/wp-json\/wp\/v2\/types\/product"}],"replies":[{"embeddable":true,"href":"https:\/\/purama.lt\/ee\/wp-json\/wp\/v2\/comments?post=40898"}],"wp:featuredmedia":[{"embeddable":true,"href":"https:\/\/purama.lt\/ee\/wp-json\/wp\/v2\/media\/40872"}],"wp:attachment":[{"href":"https:\/\/purama.lt\/ee\/wp-json\/wp\/v2\/media?parent=40898"}],"wp:term":[{"taxonomy":"product_brand","embeddable":true,"href":"https:\/\/purama.lt\/ee\/wp-json\/wp\/v2\/product_brand?post=40898"},{"taxonomy":"product_cat","embeddable":true,"href":"https:\/\/purama.lt\/ee\/wp-json\/wp\/v2\/product_cat?post=40898"},{"taxonomy":"product_tag","embeddable":true,"href":"https:\/\/purama.lt\/ee\/wp-json\/wp\/v2\/product_tag?post=40898"}],"curies":[{"name":"wp","href":"https:\/\/api.w.org\/{rel}","templated":true}]}}