{"id":40895,"date":"2025-10-20T08:12:09","date_gmt":"2025-10-20T06:12:09","guid":{"rendered":"https:\/\/purama.lt\/produktas\/puremetics-3-in-1-kuno-sveitiklis-jautriai-odai\/"},"modified":"2026-04-14T09:24:02","modified_gmt":"2026-04-14T07:24:02","slug":"puremetics-3-in-1-kehaparandusaine-tundlikule-nahale","status":"publish","type":"product","link":"https:\/\/purama.lt\/ee\/produktas\/puremetics-3-in-1-kuno-sveitiklis-jautriai-odai\/","title":{"rendered":"Puremetics 3-in-1 kehakoorija tundlikule nahale"},"content":{"rendered":"<p><strong>Kasutamine<\/strong><br>Kandke v\u00e4ike kogus m\u00e4rjale nahale, vahutage veega ja masseerige \u00f5rnalt; loputage maha.<br>Sobib igap\u00e4evaseks kasutamiseks<br>\u00c4rge niisutage pakendit: eemaldage osa enne du\u0161i all k\u00e4imist v\u00f5i viige see veekindlasse konteinerisse; hoidke kuivas kohas.<\/p>\n\n\n\n<p><strong>Koostisosad<\/strong><br>sahharoos, gl\u00fctseriin, vesi, naatriumlauro\u00fc\u00fclisethionaat, sorbitool, cocos nucifera \u00f5li, dinaatriumlaur\u00fc\u00fclsulfosuktsinaat, naatriumkloriid, levuliinhape, kaaliumsorbaat.<\/p>","protected":false},"excerpt":{"rendered":"<p data-start=\"0\" data-end=\"479\"><strong>Puremetics 3-in-1 kehakoorimine tundlikule nahale: <\/strong>kreemjas 3-in-1 puhastusvahend koos <strong data-start=\"101\" data-end=\"123\">suhkrukoorimine<\/strong> ja kookos\u00f5li samal ajal <strong data-start=\"154\" data-end=\"197\">puhastab, koorib \u00f5rnalt ja hooldab.<\/strong> ode. Vaba l\u00f5hnaainetest ja v\u00f5imalikest allergeenidest, m\u00f5eldud tundlikule nahale. Vaht loputatakse kergesti maha, j\u00e4ttes naha siledaks ja pehmeks, ilma rasvasuseta. Koostis p\u00f5hineb mahedal pindaktiivsel ainel <em data-start=\"376\" data-end=\"404\">naatriumlauro\u00fc\u00fclisethionaat<\/em> ja niisutav gl\u00fctseriin, mida kasutatakse sageli \u00f5rnaks igap\u00e4evaseks puhastamiseks.<\/p>\n<p data-start=\"481\" data-end=\"804\"><strong data-start=\"481\" data-end=\"504\">Miks valida<\/strong><br data-start=\"504\" data-end=\"507\" \/>\u2714\ufe0f 3 in 1: puhastusvahend, koorijaga ja kehahooldus \u00fches.<br data-start=\"566\" data-end=\"569\" \/>\u2714\ufe0f Tundlikule nahale m\u00f5eldud l\u00f5hnavaba ja potentsiaalselt allergeenivaba.<br data-start=\"620\" data-end=\"623\" \/>\u2714\ufe0f Peened suhkruosakesed aitavad siluda naha tekstuuri<br data-start=\"681\" data-end=\"684\" \/>\u2714\ufe0f Kookos\u00f5li ja gl\u00fctseriin pehmendavad ja aitavad s\u00e4ilitada niiskust.<br data-start=\"753\" data-end=\"756\" \/>\u2714\ufe0f Vegan, plastikuvaba, valmistatud Saksamaal.<\/p>","protected":false},"featured_media":40878,"comment_status":"open","ping_status":"closed","template":"","meta":{"_acf_changed":true},"product_brand":[449],"product_cat":[382,92,300,500],"product_tag":[],"class_list":{"0":"post-40895","1":"product","2":"type-product","3":"status-publish","4":"has-post-thumbnail","6":"product_brand-puremetics","7":"product_cat-kuno-sveitikliai","8":"product_cat-groziui","9":"product_cat-kunui","10":"product_cat-outlet","12":"first","13":"instock","14":"sale","15":"shipping-taxable","16":"purchasable","17":"product-type-simple"},"acf":[],"tiered_pricing_type":"fixed","tiered_pricing_fixed_rules":[],"tiered_pricing_product_settings":{"layout":"default","base_unit_name":{"singular":null,"plural":null},"default_variation":null},"tiered_pricing_minimum_quantity":null,"tiered_pricing_roles_data":[],"tiered_pricing_percentage_rules":[],"_links":{"self":[{"href":"https:\/\/purama.lt\/ee\/wp-json\/wp\/v2\/product\/40895","targetHints":{"allow":["GET"]}}],"collection":[{"href":"https:\/\/purama.lt\/ee\/wp-json\/wp\/v2\/product"}],"about":[{"href":"https:\/\/purama.lt\/ee\/wp-json\/wp\/v2\/types\/product"}],"replies":[{"embeddable":true,"href":"https:\/\/purama.lt\/ee\/wp-json\/wp\/v2\/comments?post=40895"}],"wp:featuredmedia":[{"embeddable":true,"href":"https:\/\/purama.lt\/ee\/wp-json\/wp\/v2\/media\/40878"}],"wp:attachment":[{"href":"https:\/\/purama.lt\/ee\/wp-json\/wp\/v2\/media?parent=40895"}],"wp:term":[{"taxonomy":"product_brand","embeddable":true,"href":"https:\/\/purama.lt\/ee\/wp-json\/wp\/v2\/product_brand?post=40895"},{"taxonomy":"product_cat","embeddable":true,"href":"https:\/\/purama.lt\/ee\/wp-json\/wp\/v2\/product_cat?post=40895"},{"taxonomy":"product_tag","embeddable":true,"href":"https:\/\/purama.lt\/ee\/wp-json\/wp\/v2\/product_tag?post=40895"}],"curies":[{"name":"wp","href":"https:\/\/api.w.org\/{rel}","templated":true}]}}