{"id":40891,"date":"2025-10-20T08:12:05","date_gmt":"2025-10-20T06:12:05","guid":{"rendered":"https:\/\/purama.lt\/produktas\/badefee-duso-putos-tropikai\/"},"modified":"2026-04-23T09:42:39","modified_gmt":"2026-04-23T07:42:39","slug":"badefee-dusivaht-troopika","status":"publish","type":"product","link":"https:\/\/purama.lt\/ee\/produktas\/badefee-duso-putos-tropikai\/","title":{"rendered":"BadeFee du\u0161ivaht Tropics"},"content":{"rendered":"<p><strong>Kasutamine<\/strong><br>Kandke m\u00e4rjale nahale, masseerige \u00f5rnalt ja loputage h\u00e4sti. V\u00e4ltida kokkupuudet silmadega. Ainult v\u00e4lispidiseks kasutamiseks.<\/p>\n\n\n\n<p><strong>Koostisosad<\/strong><br>gl\u00fctseriin, aqua, sorbitool, naatriumkooko\u00fc\u00fclisethionaat, dinaatriumlaur\u00fc\u00fclsulfosuktsinaat, naatriumkloriid, aloe barbadensis'i lehtede mahl, parf\u00fc\u00fcm, prunus amygdalus dulcis \u00f5li, fenoks\u00fcetanool, naatriumbensoaat, kaaliumsorbaat, tetranaatriumedta, ci 16255.<\/p>","protected":false},"excerpt":{"rendered":"<p data-start=\"0\" data-end=\"529\"><strong>BadeFee du\u0161ivaht Tropics: <\/strong>Pehme, \u00f5rnalt lahustuv du\u0161ivaht puhastab puhtalt ning j\u00e4tab naha pehmeks ja mugavaks. Koostis sisaldab <strong data-start=\"195\" data-end=\"238\">Gl\u00fctseriin, aloe vera ja mandli\u00f5li.<\/strong>, j\u00e4ttes nahale niisutatud ja sileda tunde. <strong data-start=\"284\" data-end=\"338\">Mikroplastikutest, parabeenidest ja silikoonidest vaba, vegan.<\/strong> L\u00f5hn - <strong data-start=\"348\" data-end=\"378\">v\u00e4rskendav apelsini ja granaat\u00f5una<\/strong> kombinatsioon. Niisutavad ained (nt gl\u00fctseriin) ja mahedad pindaktiivsed ained (SCI, DLS) p\u00f5hinevad h\u00e4sti uuritud tasakaalul puhtuse ja naha mugavuse vahel.<\/p>\n<p data-start=\"531\" data-end=\"853\"><strong data-start=\"531\" data-end=\"554\">Miks valida<\/strong><br data-start=\"554\" data-end=\"557\" \/>\u2714\ufe0f Puri, kreemjas vaht puhastab \u00f5rnalt ja ei j\u00e4ta venitusi<br data-start=\"614\" data-end=\"617\" \/>\u2714\ufe0f Gl\u00fctseriin ja aloe vera aitavad s\u00e4ilitada naha niiskust.<br data-start=\"671\" data-end=\"674\" \/>\u2714\ufe0f Mandli\u00f5li tagab pehme ja sileda tunde.<br data-start=\"729\" data-end=\"732\" \/>\u2714\ufe0f Mikroplastide, parabeenide ja silikoonide vaba.<br data-start=\"773\" data-end=\"776\" \/>\u2714\ufe0f Vegan; valmistatud Saksamaal<br data-start=\"811\" data-end=\"814\" \/>\u2714\ufe0f Apelsini ja granaat\u00f5una maitsed<\/p>","protected":false},"featured_media":40873,"comment_status":"open","ping_status":"closed","template":"","meta":{"_acf_changed":true},"product_brand":[409],"product_cat":[92,57,393,384,300],"product_tag":[],"class_list":{"0":"post-40891","1":"product","2":"type-product","3":"status-publish","4":"has-post-thumbnail","6":"product_brand-badefee","7":"product_cat-groziui","8":"product_cat-akcijos","9":"product_cat-dovanu-idejos","10":"product_cat-duso-putos","11":"product_cat-kunui","13":"first","14":"instock","15":"sale","16":"shipping-taxable","17":"purchasable","18":"product-type-simple"},"acf":[],"tiered_pricing_type":"fixed","tiered_pricing_fixed_rules":[],"tiered_pricing_product_settings":{"layout":"default","base_unit_name":{"singular":null,"plural":null},"default_variation":null},"tiered_pricing_minimum_quantity":null,"tiered_pricing_roles_data":[],"tiered_pricing_percentage_rules":[],"_links":{"self":[{"href":"https:\/\/purama.lt\/ee\/wp-json\/wp\/v2\/product\/40891","targetHints":{"allow":["GET"]}}],"collection":[{"href":"https:\/\/purama.lt\/ee\/wp-json\/wp\/v2\/product"}],"about":[{"href":"https:\/\/purama.lt\/ee\/wp-json\/wp\/v2\/types\/product"}],"replies":[{"embeddable":true,"href":"https:\/\/purama.lt\/ee\/wp-json\/wp\/v2\/comments?post=40891"}],"wp:featuredmedia":[{"embeddable":true,"href":"https:\/\/purama.lt\/ee\/wp-json\/wp\/v2\/media\/40873"}],"wp:attachment":[{"href":"https:\/\/purama.lt\/ee\/wp-json\/wp\/v2\/media?parent=40891"}],"wp:term":[{"taxonomy":"product_brand","embeddable":true,"href":"https:\/\/purama.lt\/ee\/wp-json\/wp\/v2\/product_brand?post=40891"},{"taxonomy":"product_cat","embeddable":true,"href":"https:\/\/purama.lt\/ee\/wp-json\/wp\/v2\/product_cat?post=40891"},{"taxonomy":"product_tag","embeddable":true,"href":"https:\/\/purama.lt\/ee\/wp-json\/wp\/v2\/product_tag?post=40891"}],"curies":[{"name":"wp","href":"https:\/\/api.w.org\/{rel}","templated":true}]}}