{"id":40890,"date":"2025-10-20T08:12:05","date_gmt":"2025-10-20T06:12:05","guid":{"rendered":"https:\/\/purama.lt\/produktas\/badefee-duso-putos-vaisiu-rojus\/"},"modified":"2026-04-14T09:24:02","modified_gmt":"2026-04-14T07:24:02","slug":"badefee-dussi-vaht-puuviljaparadiis","status":"publish","type":"product","link":"https:\/\/purama.lt\/ee\/produktas\/badefee-duso-putos-vaisiu-rojus\/","title":{"rendered":"BadeFee du\u0161\u0161ivaht Fruit Paradise"},"content":{"rendered":"<p><strong>Kasutamine<\/strong><br>Kandke m\u00e4rjale nahale, masseerige \u00f5rnalt ja loputage h\u00e4sti. Ainult v\u00e4lispidiseks kasutamiseks. V\u00e4ltida kokkupuudet silmadega.<\/p>\n\n\n\n<p><strong>Koostisosad<\/strong><br>gl\u00fctseriin, aqua, sorbitool, naatriumkook\u00fc\u00fclisethionaat, dinaatriumlaur\u00fc\u00fclsulfosuktsinaat, naatriumkloriid, aloe barbadensis'i lehtede mahl, parf\u00fc\u00fcm, prunus amygdalus dulcis \u00f5li, fenoks\u00fcetanool, naatriumbensoaat, kaaliumsorbaat, tetranaatriumedta, limoneen, linalool, geraniool, tsitronellool, tsitraal, ci 15985, ci 16255.<\/p>","protected":false},"excerpt":{"rendered":"<p data-start=\"0\" data-end=\"546\"><strong>BadeFee du\u0161ivaht puuviljaparadiis:<\/strong>\u00a0 Pehme, \u00f5rnalt lahustuv du\u0161ivaht puhastab puhtalt ning j\u00e4tab naha pehmeks ja mugavaks. Valem - <strong data-start=\"194\" data-end=\"237\">Gl\u00fctseriin, aloe vera ja mandli\u00f5li.<\/strong>, mis aitavad s\u00e4ilitada niiskustasakaalu ja siledust. <strong data-start=\"291\" data-end=\"370\">Mikroplastivaba, parabeenivaba, silikoonivaba, sulfaadivaba, vegan ja k\u00e4sitsi valmistatud.<\/strong> L\u00f5hn - <strong data-start=\"380\" data-end=\"416\">v\u00e4rskendav granaat\u00f5una koos tsitruseliste nootidega<\/strong>. Niisutajad (nt gl\u00fctseriin) ja mahedad pindaktiivsed ained (SCI, DLS) p\u00f5hinevad h\u00e4sti uuritud puhtuse ja nahabarj\u00e4\u00e4ri mugavuse kombinatsioonil.<\/p>\n<p data-start=\"548\" data-end=\"883\"><strong data-start=\"548\" data-end=\"571\">Miks valida<\/strong><br data-start=\"571\" data-end=\"574\" \/>\u2714\ufe0f Puri, kreemjas vaht puhastab \u00f5rnalt ja ei j\u00e4ta venitusi<br data-start=\"631\" data-end=\"634\" \/>\u2714\ufe0f Gl\u00fctseriin ja aloe vera aitavad s\u00e4ilitada niiskust.<br data-start=\"683\" data-end=\"686\" \/>\u2714\ufe0f Mandli\u00f5li tagab pehme ja sileda tunde.<br data-start=\"741\" data-end=\"744\" \/>\u2714\ufe0f Mikroplastide, parabeenide, silikoonide ja sulfaatide vaba.<br data-start=\"794\" data-end=\"797\" \/>\u2714\ufe0f Vegan, k\u00e4sitsi valmistatud; valmistatud Saksamaal.<br data-start=\"845\" data-end=\"848\" \/>\u2714\ufe0f V\u00e4rske, puuviljane granaat\u00f5una l\u00f5hn.<\/p>","protected":false},"featured_media":40877,"comment_status":"open","ping_status":"closed","template":"","meta":{"_acf_changed":true},"product_brand":[409],"product_cat":[384,92,300],"product_tag":[],"class_list":{"0":"post-40890","1":"product","2":"type-product","3":"status-publish","4":"has-post-thumbnail","6":"product_brand-badefee","7":"product_cat-duso-putos","8":"product_cat-groziui","9":"product_cat-kunui","11":"first","12":"instock","13":"shipping-taxable","14":"purchasable","15":"product-type-simple"},"acf":[],"tiered_pricing_type":"fixed","tiered_pricing_fixed_rules":[],"tiered_pricing_product_settings":{"layout":"default","base_unit_name":{"singular":null,"plural":null},"default_variation":null},"tiered_pricing_minimum_quantity":null,"tiered_pricing_roles_data":[],"tiered_pricing_percentage_rules":[],"_links":{"self":[{"href":"https:\/\/purama.lt\/ee\/wp-json\/wp\/v2\/product\/40890","targetHints":{"allow":["GET"]}}],"collection":[{"href":"https:\/\/purama.lt\/ee\/wp-json\/wp\/v2\/product"}],"about":[{"href":"https:\/\/purama.lt\/ee\/wp-json\/wp\/v2\/types\/product"}],"replies":[{"embeddable":true,"href":"https:\/\/purama.lt\/ee\/wp-json\/wp\/v2\/comments?post=40890"}],"wp:featuredmedia":[{"embeddable":true,"href":"https:\/\/purama.lt\/ee\/wp-json\/wp\/v2\/media\/40877"}],"wp:attachment":[{"href":"https:\/\/purama.lt\/ee\/wp-json\/wp\/v2\/media?parent=40890"}],"wp:term":[{"taxonomy":"product_brand","embeddable":true,"href":"https:\/\/purama.lt\/ee\/wp-json\/wp\/v2\/product_brand?post=40890"},{"taxonomy":"product_cat","embeddable":true,"href":"https:\/\/purama.lt\/ee\/wp-json\/wp\/v2\/product_cat?post=40890"},{"taxonomy":"product_tag","embeddable":true,"href":"https:\/\/purama.lt\/ee\/wp-json\/wp\/v2\/product_tag?post=40890"}],"curies":[{"name":"wp","href":"https:\/\/api.w.org\/{rel}","templated":true}]}}