{"id":40889,"date":"2025-10-20T08:12:04","date_gmt":"2025-10-20T06:12:04","guid":{"rendered":"https:\/\/purama.lt\/produktas\/badefee-duso-kreminis-ir-maitinamasis-duso-gelis\/"},"modified":"2026-04-14T09:24:02","modified_gmt":"2026-04-14T07:24:02","slug":"badefee-dusikreem-ja-toitev-dusigeel","status":"publish","type":"product","link":"https:\/\/purama.lt\/ee\/produktas\/badefee-duso-kreminis-ir-maitinamasis-duso-gelis\/","title":{"rendered":"BadeFee du\u0161ikreem ja toitev du\u0161igeel"},"content":{"rendered":"<p><strong>Kasutamine<\/strong><br>Kandke m\u00e4rjale nahale, masseerige \u00f5rnalt ja loputage h\u00e4sti. V\u00e4ltida kokkupuudet silmadega. Ainult v\u00e4lispidiseks kasutamiseks.<\/p>\n\n\n\n<p><strong>Koostisosad<\/strong><br>gl\u00fctseriin, vesi, sorbitool, naatriumkooko\u00fc\u00fclisethionaat, dinaatriumlaur\u00fc\u00fclsulfosuktsinaat, naatriumkloriid, aloe barbadensis'i lehtede mahl, parf\u00fc\u00fcm, prunus amygdalus dulcis \u00f5li, fenoks\u00fcetanool, et\u00fc\u00fclheks\u00fc\u00fclgl\u00fctseriin, naatriumbensoaat, kaaliumsorbaat, tetranaatriumedta, linalool, kumariin, alfa-isomet\u00fc\u00fclionoon, bens\u00fc\u00fclalkohol, limoneen.<\/p>","protected":false},"excerpt":{"rendered":"<p data-start=\"0\" data-end=\"507\"><strong>BadeFee du\u0161ikreem ja toitev du\u0161igeel:<\/strong>\u00a0 Du\u0161ivahu kohev tekstuur puhastab \u00f5rnalt ning j\u00e4tab naha pehmeks ja mugavaks. Valem - <strong data-start=\"173\" data-end=\"216\">Gl\u00fctseriin, aloe vera ja mandli\u00f5li.<\/strong>, aitab s\u00e4ilitada niiskustasakaalu ja siledust. <strong data-start=\"268\" data-end=\"347\">Mikroplastivaba, parabeenivaba, silikoonivaba, sulfaadivaba, vegan ja k\u00e4sitsi valmistatud.<\/strong> L\u00f5hn - <strong data-start=\"357\" data-end=\"379\">kookos ja \u0161okolaad<\/strong> kombinatsioon. P\u00f5hineb h\u00e4sti uuritud pehmete pindaktiivsete ainete (nt SCI, DLS) ja pehmendavate ainete s\u00fcnergial, mis tagab igap\u00e4evase puhastamise ilma venitustundeta.<\/p>\n<p data-start=\"509\" data-end=\"820\"><strong data-start=\"509\" data-end=\"532\">Miks valida<\/strong><br data-start=\"532\" data-end=\"535\" \/>\u2714\ufe0f Pehme, pehme vaht puhastab nahka \u00f5rnalt.<br data-start=\"573\" data-end=\"576\" \/>\u2714\ufe0f Gl\u00fctseriin ja aloe vera aitavad s\u00e4ilitada niiskust.<br data-start=\"625\" data-end=\"628\" \/>\u2714\ufe0f Mandli\u00f5li tagab pehmuse ja mugavuse.<br data-start=\"676\" data-end=\"679\" \/>\u2714\ufe0f Mikroplastide, parabeenide, silikoonide ja sulfaatide vaba.<br data-start=\"729\" data-end=\"732\" \/>\u2714\ufe0f Vegan, k\u00e4sitsi valmistatud; valmistatud Saksamaal.<br data-start=\"780\" data-end=\"783\" \/>\u2714\ufe0f Maitsev kookosp\u00e4hkli ja \u0161okolaadi aroom<\/p>","protected":false},"featured_media":40879,"comment_status":"open","ping_status":"closed","template":"","meta":{"_acf_changed":true},"product_brand":[409],"product_cat":[92,386,300],"product_tag":[],"class_list":{"0":"post-40889","1":"product","2":"type-product","3":"status-publish","4":"has-post-thumbnail","6":"product_brand-badefee","7":"product_cat-groziui","8":"product_cat-duso-zeles","9":"product_cat-kunui","11":"first","12":"outofstock","13":"shipping-taxable","14":"purchasable","15":"product-type-simple"},"acf":[],"tiered_pricing_type":"fixed","tiered_pricing_fixed_rules":[],"tiered_pricing_product_settings":{"layout":"default","base_unit_name":{"singular":null,"plural":null},"default_variation":null},"tiered_pricing_minimum_quantity":null,"tiered_pricing_roles_data":[],"tiered_pricing_percentage_rules":[],"_links":{"self":[{"href":"https:\/\/purama.lt\/ee\/wp-json\/wp\/v2\/product\/40889","targetHints":{"allow":["GET"]}}],"collection":[{"href":"https:\/\/purama.lt\/ee\/wp-json\/wp\/v2\/product"}],"about":[{"href":"https:\/\/purama.lt\/ee\/wp-json\/wp\/v2\/types\/product"}],"replies":[{"embeddable":true,"href":"https:\/\/purama.lt\/ee\/wp-json\/wp\/v2\/comments?post=40889"}],"wp:featuredmedia":[{"embeddable":true,"href":"https:\/\/purama.lt\/ee\/wp-json\/wp\/v2\/media\/40879"}],"wp:attachment":[{"href":"https:\/\/purama.lt\/ee\/wp-json\/wp\/v2\/media?parent=40889"}],"wp:term":[{"taxonomy":"product_brand","embeddable":true,"href":"https:\/\/purama.lt\/ee\/wp-json\/wp\/v2\/product_brand?post=40889"},{"taxonomy":"product_cat","embeddable":true,"href":"https:\/\/purama.lt\/ee\/wp-json\/wp\/v2\/product_cat?post=40889"},{"taxonomy":"product_tag","embeddable":true,"href":"https:\/\/purama.lt\/ee\/wp-json\/wp\/v2\/product_tag?post=40889"}],"curies":[{"name":"wp","href":"https:\/\/api.w.org\/{rel}","templated":true}]}}