{"id":40885,"date":"2025-10-20T08:12:00","date_gmt":"2025-10-20T06:12:00","guid":{"rendered":"https:\/\/purama.lt\/produktas\/badefee-kuno-losjonas-greipfrutas\/"},"modified":"2026-04-14T09:24:01","modified_gmt":"2026-04-14T07:24:01","slug":"badefee-kehakreem-greipfuu","status":"publish","type":"product","link":"https:\/\/purama.lt\/ee\/produktas\/badefee-kuno-losjonas-greipfrutas\/","title":{"rendered":"BadeFee kehakreem Grapefruit"},"content":{"rendered":"<p><strong>Kasutamine<\/strong><br>J\u00e4rgige pakendil olevaid juhiseid.<\/p>\n\n\n\n<p><strong>Koostisosad<\/strong><br>aqua, prunus amygdalus dulcis \u00f5li, kapr\u00fc\u00fcl\/kapriksete trigl\u00fctseriid, gl\u00fctseriin, betaiin, pol\u00fcgl\u00fctser\u00fc\u00fcl-3-met\u00fc\u00fclgl\u00fckoosidistearaat, gl\u00fctser\u00fc\u00fclstearaat, stear\u00fc\u00fclalkohol, aloe barbadensis'i lehtede mahl, parf\u00fc\u00fcm, fenoks\u00fcetanool, et\u00fc\u00fclheks\u00fc\u00fclgl\u00fctseriin, tokofer\u00fc\u00fclatsetaat, piimhape, naatriumbensoaat, kaaliumsorbaat, limoneen, linalool, geraniool, tsitronellool, tsitraal.<\/p>","protected":false},"excerpt":{"rendered":"<p data-start=\"0\" data-end=\"470\">BadeFee Body Lotion Grapefruit: kerge kehajogurt, mis imendub kiiresti ning j\u00e4tab naha pehmeks ja elastseks. Koostatud aloe vera, mandli\u00f5li, taimse gl\u00fctseriini ja betaiiniga, mis aitavad s\u00e4ilitada niiskust. <strong data-start=\"275\" data-end=\"317\">K\u00fcpsete greipide v\u00e4rskendav aroom<\/strong> t\u00f5stab igap\u00e4evast hooldust. Niisutavad ained, nagu gl\u00fctseriin ja betaiin, on teaduslikult tuntud oma v\u00f5ime poolest meelitada ja s\u00e4ilitada nahas vett.<\/p>\n<p data-start=\"472\" data-end=\"820\"><strong data-start=\"472\" data-end=\"495\">Miks valida<\/strong><br data-start=\"495\" data-end=\"498\" \/>\u2714\ufe0f Kerge, kiiresti imenduv tekstuur ilma kleepuvuseta.<br data-start=\"548\" data-end=\"551\" \/>\u2714\ufe0f Aloe vera, betaiin ja gl\u00fctseriin aitavad s\u00e4ilitada naha niiskust.<br data-start=\"615\" data-end=\"618\" \/>\u2714\ufe0f Mandli\u00f5li silub ja pehmendab nahka.<br data-start=\"662\" data-end=\"665\" \/>\u2714\ufe0f Vegan valem, silikooni- ja parabeenivaba.<br data-start=\"713\" data-end=\"716\" \/>\u2714\ufe0f Ilma plastpakendita; valmistatud Saksamaal<br data-start=\"763\" data-end=\"766\" \/>\u2714\ufe0f Puuviljane, v\u00e4rske greibinoot igap\u00e4evaseks kasutamiseks.<\/p>","protected":false},"featured_media":40874,"comment_status":"open","ping_status":"closed","template":"","meta":{"_acf_changed":false},"product_brand":[409],"product_cat":[387,92,300],"product_tag":[],"class_list":{"0":"post-40885","1":"product","2":"type-product","3":"status-publish","4":"has-post-thumbnail","6":"product_brand-badefee","7":"product_cat-kuno-losjonai","8":"product_cat-groziui","9":"product_cat-kunui","11":"first","12":"instock","13":"shipping-taxable","14":"purchasable","15":"product-type-simple"},"acf":[],"tiered_pricing_type":"fixed","tiered_pricing_fixed_rules":[],"tiered_pricing_product_settings":{"layout":"default","base_unit_name":{"singular":null,"plural":null},"default_variation":null},"tiered_pricing_minimum_quantity":null,"tiered_pricing_roles_data":[],"tiered_pricing_percentage_rules":[],"_links":{"self":[{"href":"https:\/\/purama.lt\/ee\/wp-json\/wp\/v2\/product\/40885","targetHints":{"allow":["GET"]}}],"collection":[{"href":"https:\/\/purama.lt\/ee\/wp-json\/wp\/v2\/product"}],"about":[{"href":"https:\/\/purama.lt\/ee\/wp-json\/wp\/v2\/types\/product"}],"replies":[{"embeddable":true,"href":"https:\/\/purama.lt\/ee\/wp-json\/wp\/v2\/comments?post=40885"}],"wp:featuredmedia":[{"embeddable":true,"href":"https:\/\/purama.lt\/ee\/wp-json\/wp\/v2\/media\/40874"}],"wp:attachment":[{"href":"https:\/\/purama.lt\/ee\/wp-json\/wp\/v2\/media?parent=40885"}],"wp:term":[{"taxonomy":"product_brand","embeddable":true,"href":"https:\/\/purama.lt\/ee\/wp-json\/wp\/v2\/product_brand?post=40885"},{"taxonomy":"product_cat","embeddable":true,"href":"https:\/\/purama.lt\/ee\/wp-json\/wp\/v2\/product_cat?post=40885"},{"taxonomy":"product_tag","embeddable":true,"href":"https:\/\/purama.lt\/ee\/wp-json\/wp\/v2\/product_tag?post=40885"}],"curies":[{"name":"wp","href":"https:\/\/api.w.org\/{rel}","templated":true}]}}