{"id":40884,"date":"2025-10-20T08:11:59","date_gmt":"2025-10-20T06:11:59","guid":{"rendered":"https:\/\/purama.lt\/produktas\/badefee-maitinamasis-kuno-sveitiklis-silkas\/"},"modified":"2026-04-14T09:24:01","modified_gmt":"2026-04-14T07:24:01","slug":"badefee-toitev-keha-tervendav-heeringas","status":"publish","type":"product","link":"https:\/\/purama.lt\/ee\/produktas\/badefee-maitinamasis-kuno-sveitiklis-silkas\/","title":{"rendered":"BadeFee toitev kehakoorimine Silk"},"content":{"rendered":"<p><strong>Kasutamine<\/strong><br>Niisutage nahka du\u0161i all, kandke koorijat ja masseerige seda ringjate liigutustega 1-2 minutit, keskendudes karedamatele piirkondadele. Kasutage 1-2 korda n\u00e4dalas. Loputage sooja veega. Ainult v\u00e4lispidiseks kasutamiseks.<\/p>\n\n\n\n<p><strong>Koostisosad<\/strong><br>maris sal, gl\u00fctseriin, prunus amygdalus dulcis \u00f5li, butyrospermum parkii v\u00f5i, kookosgl\u00fckosiid, tseet\u00fc\u00fclalkohol, parf\u00fc\u00fcm, fenoks\u00fcetanool, et\u00fc\u00fclheks\u00fc\u00fclgl\u00fctseriin, tokofer\u00fc\u00fclatsetaat, prunus amygdalus dulcis koorepulber, limoneen, linalool, geraniool, tsitronellool, tsitraal, ci 16255.<\/p>","protected":false},"excerpt":{"rendered":"<p data-start=\"0\" data-end=\"638\"><strong> BadeFee toitev kehakoorimine Silk:<\/strong> \u00d5rn kooriv kehakoorimine meresoola ja aprikoosi (mandli) koorikuga eemaldab surnud naharakud ning j\u00e4tab naha siledaks ja pehmeks. Rikastatud mandli\u00f5li, sheav\u00f5i ja taimse gl\u00fctseriiniga, j\u00e4tab naha ka p\u00e4rast loputamist mugavaks ja toidetud. <strong data-start=\"394\" data-end=\"452\">Mikroplastivaba, parabeeni- ja silikoonivaba, vegan.<\/strong> Toimetus: <strong data-start=\"462\" data-end=\"505\">koos Silky Cotton'i puudrilise ja v\u00e4rske aroomiga.<\/strong>. P\u00f5hineb h\u00e4sti uuritud pehmendavate ainete (mandli\u00f5li, sheav\u00f5i) omadustel, mis aitavad pehmendada ja kaitsta nahabarj\u00e4\u00e4ri.<\/p>\n<p data-start=\"640\" data-end=\"991\"><strong data-start=\"640\" data-end=\"663\">Miks valida<\/strong><br data-start=\"663\" data-end=\"666\" \/>\u2714\ufe0f 3 in 1 efekt: koorib \u00f5rnalt, pehmendab ja j\u00e4tab naha siledaks.<br data-start=\"735\" data-end=\"738\" data-is-only-node=\"\" \/>\u2714\ufe0f Meresool ja koorepulber eemaldavad t\u00f5husalt kareduse.<br data-start=\"798\" data-end=\"801\" \/>\u2714\ufe0f Mandli\u00f5li ja sheav\u00f5i toidavad nahka.<br data-start=\"854\" data-end=\"857\" \/>\u2714\ufe0f Mikroplastivaba; parabeeni ja silikooni vaba.<br data-start=\"901\" data-end=\"904\" \/>\u2714\ufe0f Saksamaal valmistatud vegan valemiga<br data-start=\"947\" data-end=\"950\" \/>\u2714\ufe0f V\u00e4rske, puhas l\u00f5hn<\/p>","protected":false},"featured_media":40868,"comment_status":"open","ping_status":"closed","template":"","meta":{"_acf_changed":true},"product_brand":[409],"product_cat":[382,92,300,500],"product_tag":[],"class_list":{"0":"post-40884","1":"product","2":"type-product","3":"status-publish","4":"has-post-thumbnail","6":"product_brand-badefee","7":"product_cat-kuno-sveitikliai","8":"product_cat-groziui","9":"product_cat-kunui","10":"product_cat-outlet","12":"first","13":"instock","14":"sale","15":"shipping-taxable","16":"purchasable","17":"product-type-simple"},"acf":[],"tiered_pricing_type":"fixed","tiered_pricing_fixed_rules":[],"tiered_pricing_product_settings":{"layout":"default","base_unit_name":{"singular":null,"plural":null},"default_variation":null},"tiered_pricing_minimum_quantity":null,"tiered_pricing_roles_data":[],"tiered_pricing_percentage_rules":[],"_links":{"self":[{"href":"https:\/\/purama.lt\/ee\/wp-json\/wp\/v2\/product\/40884","targetHints":{"allow":["GET"]}}],"collection":[{"href":"https:\/\/purama.lt\/ee\/wp-json\/wp\/v2\/product"}],"about":[{"href":"https:\/\/purama.lt\/ee\/wp-json\/wp\/v2\/types\/product"}],"replies":[{"embeddable":true,"href":"https:\/\/purama.lt\/ee\/wp-json\/wp\/v2\/comments?post=40884"}],"wp:featuredmedia":[{"embeddable":true,"href":"https:\/\/purama.lt\/ee\/wp-json\/wp\/v2\/media\/40868"}],"wp:attachment":[{"href":"https:\/\/purama.lt\/ee\/wp-json\/wp\/v2\/media?parent=40884"}],"wp:term":[{"taxonomy":"product_brand","embeddable":true,"href":"https:\/\/purama.lt\/ee\/wp-json\/wp\/v2\/product_brand?post=40884"},{"taxonomy":"product_cat","embeddable":true,"href":"https:\/\/purama.lt\/ee\/wp-json\/wp\/v2\/product_cat?post=40884"},{"taxonomy":"product_tag","embeddable":true,"href":"https:\/\/purama.lt\/ee\/wp-json\/wp\/v2\/product_tag?post=40884"}],"curies":[{"name":"wp","href":"https:\/\/api.w.org\/{rel}","templated":true}]}}