{"id":40547,"date":"2025-10-10T12:16:02","date_gmt":"2025-10-10T10:16:02","guid":{"rendered":"https:\/\/purama.lt\/?post_type=product&#038;p=40547"},"modified":"2026-04-04T09:04:43","modified_gmt":"2026-04-04T07:04:43","slug":"slavic-labs-metuulitud-b-vitamiini-kompleks","status":"publish","type":"product","link":"https:\/\/purama.lt\/ee\/produktas\/slavic-labs-metilintas-b-grupes-vitaminu-kompleksas\/","title":{"rendered":"Slavic labs Met\u00fc\u00fclitud B-vitamiinide kompleks"},"content":{"rendered":"<p><strong>Tarbimine<\/strong><br>V\u00f5tke 1 kapsel 1 kord p\u00e4evas, eelistatavalt hommikul koos veega.<br>\u00c4rge \u00fcletage soovitatud p\u00e4evast kogust; toidulisand ei asenda tasakaalustatud toitumist.<br>Ei soovitata kasutada raseduse ja imetamise ajal, alla 18-aastastele lastele; mitte kasutada koostisainete suhtes tundlikkuse korral.<\/p>\n\n\n\n<p><strong>Koostisosad<\/strong><br>pantoteenhape (kaltsiumi d-pantotenaat), tiamiin (tiamiinvesinikkloriid), koliin-divinaat, m\u00fco-inositool, riboflaviin - vitamiin b2, p-aminobensoehape (paba), vitamiin b6 (p\u00fcridoksalo-5-fosfaat), nikotiinhappeamiid (niatsiin), b2-vitamiin (riboflaviin), b2-vitamiin (riboflaviin-5\u2019-fosfaat), foolhape (((6s)-5-met\u00fc\u00fcletetrah\u00fcdrofooli gl\u00fckosamiinsool), betaiinvesinikkloriid, biotiin (d-biotiin), b12-vitamiin (met\u00fc\u00fclkobalamiin), h\u00fcdroks\u00fcprop\u00fc\u00fclmet\u00fc\u00fcltselluloos.<\/p>","protected":false},"excerpt":{"rendered":"<p data-start=\"0\" data-end=\"571\"><strong data-start=\"16\" data-end=\"54\">Slavic Labs - B-kompleks met\u00fc\u00fclitud<\/strong> - Bioaktiivne (met\u00fc\u00fclitud) B-vitamiinide kompleks energia ainevahetuse, n\u00e4rvis\u00fcsteemi ja ps\u00fchholoogiliste funktsioonide igap\u00e4evaseks toetamiseks. Valem kasutab selliseid aktiivseid vorme nagu <strong data-start=\"245\" data-end=\"271\">Met\u00fc\u00fclkobalamiin (B12)<\/strong>, <strong data-start=\"273\" data-end=\"305\">5-MTHF (foolhappe aktiivne vorm)<\/strong> ja <strong data-start=\"309\" data-end=\"323\">P-5-P (B6)<\/strong>, See teeb sellest mugava valiku neile, kes otsivad k\u00f5ige \u201evalmis\u201c B-vitamiini vorme. T\u00e4iendatud betaiini, koliini ja m\u00fco-inositooliga ning koostatud tundlikumate jaoks - gluteeni-, laktoosi-, soja-, GMO- ja suhkruvaba.<\/p>\n<p data-start=\"573\" data-end=\"854\"><strong data-start=\"573\" data-end=\"596\">Miks valida<\/strong><br data-start=\"596\" data-end=\"599\" \/><strong data-start=\"599\" data-end=\"605\">\u2714\ufe0f<\/strong> bioaktiivsed, met\u00fc\u00fclitud B-vitamiinide vormid<br data-start=\"647\" data-end=\"650\" \/><strong data-start=\"650\" data-end=\"656\">\u2714\ufe0f<\/strong> koos 5-MTHF, met\u00fc\u00fclkobalamiini ja P-5-P-ga<br data-start=\"692\" data-end=\"695\" \/><strong data-start=\"695\" data-end=\"701\">\u2714\ufe0f<\/strong> t\u00e4iendatud betaiini, koliini, m\u00fco-inositooli ja PABAga<br data-start=\"752\" data-end=\"755\" \/><strong data-start=\"755\" data-end=\"761\">\u2714\ufe0f<\/strong> Gluteenivaba, laktoosivaba, sojavaba, GMO-vaba ja suhkruvaba.<br data-start=\"804\" data-end=\"807\" \/><strong data-start=\"807\" data-end=\"813\">\u2714\ufe0f<\/strong> Mugav igap\u00e4evaseks kasutamiseks - 1 kapsel p\u00e4evas.<\/p>","protected":false},"featured_media":40548,"comment_status":"open","ping_status":"closed","template":"","meta":{"_acf_changed":true},"product_brand":[455],"product_cat":[123,260,253,252],"product_tag":[],"class_list":{"0":"post-40547","1":"product","2":"type-product","3":"status-publish","4":"has-post-thumbnail","6":"product_brand-slavic-labs","7":"product_cat-papildai-ilgaamziskumui","8":"product_cat-energijai-ir-apykaitai","9":"product_cat-imuniteto-palaikymas","10":"product_cat-imunitetui","12":"first","13":"outofstock","14":"shipping-taxable","15":"purchasable","16":"product-type-simple"},"acf":[],"tiered_pricing_type":"fixed","tiered_pricing_fixed_rules":[],"tiered_pricing_product_settings":{"layout":"default","base_unit_name":{"singular":null,"plural":null},"default_variation":null},"tiered_pricing_minimum_quantity":null,"tiered_pricing_roles_data":[],"tiered_pricing_percentage_rules":[],"_links":{"self":[{"href":"https:\/\/purama.lt\/ee\/wp-json\/wp\/v2\/product\/40547","targetHints":{"allow":["GET"]}}],"collection":[{"href":"https:\/\/purama.lt\/ee\/wp-json\/wp\/v2\/product"}],"about":[{"href":"https:\/\/purama.lt\/ee\/wp-json\/wp\/v2\/types\/product"}],"replies":[{"embeddable":true,"href":"https:\/\/purama.lt\/ee\/wp-json\/wp\/v2\/comments?post=40547"}],"wp:featuredmedia":[{"embeddable":true,"href":"https:\/\/purama.lt\/ee\/wp-json\/wp\/v2\/media\/40548"}],"wp:attachment":[{"href":"https:\/\/purama.lt\/ee\/wp-json\/wp\/v2\/media?parent=40547"}],"wp:term":[{"taxonomy":"product_brand","embeddable":true,"href":"https:\/\/purama.lt\/ee\/wp-json\/wp\/v2\/product_brand?post=40547"},{"taxonomy":"product_cat","embeddable":true,"href":"https:\/\/purama.lt\/ee\/wp-json\/wp\/v2\/product_cat?post=40547"},{"taxonomy":"product_tag","embeddable":true,"href":"https:\/\/purama.lt\/ee\/wp-json\/wp\/v2\/product_tag?post=40547"}],"curies":[{"name":"wp","href":"https:\/\/api.w.org\/{rel}","templated":true}]}}