{"id":40313,"date":"2025-10-08T08:10:53","date_gmt":"2025-10-08T06:10:53","guid":{"rendered":"https:\/\/purama.lt\/produktas\/bloodo-vitamino-d-testas\/"},"modified":"2025-11-11T14:00:05","modified_gmt":"2025-11-11T12:00:05","slug":"vere-d-vitamiini-test","status":"publish","type":"product","link":"https:\/\/purama.lt\/ee\/produktas\/bloodo-vitamino-d-testas\/","title":{"rendered":"BLOODO D-vitamiini test"},"content":{"rendered":"","protected":false},"excerpt":{"rendered":"<p>D-vitamiini test - teie tervise ja immuunsuse alus<\/p>\n<p>D-vitamiini test aitab m\u00e4\u00e4rata D-vitamiini (D2 + D3) taset teie veres. See vitamiin on oluline luutugevuse, immuuns\u00fcsteemi toimimise, vaimse tervise ja \u00fcldise heaolu jaoks. Test annab selge pildi teie organismi D-vitamiini seisundist, mis v\u00f5imaldab teil v\u00f5tta \u00f5igeid meetmeid, et v\u00e4ltida puudust v\u00f5i \u00fclej\u00e4\u00e4ki.<\/p>\n<p>Peamised eelised<\/p>\n<p>Tehakse litsentseeritud kliinilises laboratooriumis.<\/p>\n<p>Kasutatakse LC-MS\/MS meetodit, mis annab v\u00e4ga t\u00e4pse tulemuse.<\/p>\n<p>Tasuta kohaletoimetamine kogu ELis.<\/p>\n<p>Mida saate teada D-vitamiini testiga<\/p>\n<p>See test aitab teil hinnata, kas teie organismis on piisavalt p\u00e4ikesevitamiini ja annab teile v\u00f5imaluse:<\/p>\n<p>J\u00e4lgige D-vitamiini (D2+D3) seisundit.<\/p>\n<p>Tugevdab luid ja immuuns\u00fcsteemi.<\/p>\n<p>S\u00e4ilitage vaimne ja emotsionaalne tervis.<\/p>\n<p>Parandada \u00fcldist heaolu ja energiabilanssi.<\/p>\n<p>Miks on oluline j\u00e4lgida D-vitamiini taset<\/p>\n<p>D-vitamiin reguleerib kaltsiumi ja fosfori imendumist ja on seet\u00f5ttu oluline luutugevuse jaoks.<\/p>\n<p>See toetab tugevat immuuns\u00fcsteemi ja v\u00e4hendab nakkusohtu.<\/p>\n<p>Puudulikkus on seotud v\u00e4simuse, meeleolu k\u00f5ikumise ja osteoporoosi riskiga.<\/p>\n<p>Optimaalne kontsentratsioon aitab tagada heaolu igal aastaajal, eriti riikides, mis saavad v\u00e4hem p\u00e4ikesevalgust.<\/p>\n<p>Miks valida see test<\/p>\n<p>\u2714\ufe0f D-vitamiini (D2+D3) t\u00e4pne hindamine t\u00e4iustatud LC-MS\/MS abil.<br \/>\n\u2714\ufe0f V\u00f5imaldab varakult tuvastada puuduj\u00e4\u00e4ke v\u00f5i \u00fclej\u00e4\u00e4ke.<br \/>\n\u2714\ufe0f Aitab teil kohandada oma toidulisandeid ja dieeti.<br \/>\n\u2714\ufe0f Oluline luude, immuunsuse ja vaimse tervise s\u00e4ilitamiseks.<\/p>","protected":false},"featured_media":40317,"comment_status":"open","ping_status":"closed","template":"","meta":{"_acf_changed":false},"product_brand":[411],"product_cat":[97,75],"product_tag":[],"class_list":{"0":"post-40313","1":"product","2":"type-product","3":"status-publish","4":"has-post-thumbnail","6":"product_brand-bloodo","7":"product_cat-tyrimai","8":"product_cat-sveikatos-testai","10":"first","11":"instock","12":"shipping-taxable","13":"purchasable","14":"product-type-simple"},"acf":[],"tiered_pricing_type":"fixed","tiered_pricing_fixed_rules":[],"tiered_pricing_product_settings":{"layout":"default","base_unit_name":{"singular":null,"plural":null},"default_variation":null},"tiered_pricing_minimum_quantity":null,"tiered_pricing_roles_data":[],"tiered_pricing_percentage_rules":[],"_links":{"self":[{"href":"https:\/\/purama.lt\/ee\/wp-json\/wp\/v2\/product\/40313","targetHints":{"allow":["GET"]}}],"collection":[{"href":"https:\/\/purama.lt\/ee\/wp-json\/wp\/v2\/product"}],"about":[{"href":"https:\/\/purama.lt\/ee\/wp-json\/wp\/v2\/types\/product"}],"replies":[{"embeddable":true,"href":"https:\/\/purama.lt\/ee\/wp-json\/wp\/v2\/comments?post=40313"}],"wp:featuredmedia":[{"embeddable":true,"href":"https:\/\/purama.lt\/ee\/wp-json\/wp\/v2\/media\/40317"}],"wp:attachment":[{"href":"https:\/\/purama.lt\/ee\/wp-json\/wp\/v2\/media?parent=40313"}],"wp:term":[{"taxonomy":"product_brand","embeddable":true,"href":"https:\/\/purama.lt\/ee\/wp-json\/wp\/v2\/product_brand?post=40313"},{"taxonomy":"product_cat","embeddable":true,"href":"https:\/\/purama.lt\/ee\/wp-json\/wp\/v2\/product_cat?post=40313"},{"taxonomy":"product_tag","embeddable":true,"href":"https:\/\/purama.lt\/ee\/wp-json\/wp\/v2\/product_tag?post=40313"}],"curies":[{"name":"wp","href":"https:\/\/api.w.org\/{rel}","templated":true}]}}