{"id":40312,"date":"2025-10-08T08:10:52","date_gmt":"2025-10-08T06:10:52","guid":{"rendered":"https:\/\/purama.lt\/produktas\/bloodo-nad-testas\/"},"modified":"2025-11-11T14:00:28","modified_gmt":"2025-11-11T12:00:28","slug":"veri-ule-munandite","status":"publish","type":"product","link":"https:\/\/purama.lt\/ee\/produktas\/bloodo-nad-testas\/","title":{"rendered":"Vere NAD test"},"content":{"rendered":"","protected":false},"excerpt":{"rendered":"<p>NAD taseme test - rakuenergia ja vananemise kontrollimine<\/p>\n<p>NAD taseme test aitab m\u00e4\u00e4rata NAD\u207a ja NADH taset teie organismis, mis on \u00fched k\u00f5ige olulisemad koens\u00fc\u00fcmid, mis vastutavad energiatootmise, rakkude uuendamise ja vananemisprotsessi reguleerimise eest. NADi taseme j\u00e4lgimine annab teile parema \u00fclevaate teie organismi ainevahetusest ja v\u00f5imaldab teil v\u00f5tta \u00f5igeaegselt meetmeid, et elada kauem ja tervislikumalt.<\/p>\n<p>Peamised eelised<\/p>\n<p>Tehakse litsentseeritud kliinilises laboratooriumis.<\/p>\n<p>T\u00e4psuse ja usaldusv\u00e4\u00e4rsuse tagamiseks kasutatakse ens\u00fcmaatilist ts\u00fcklilist anal\u00fc\u00fcsi.<\/p>\n<p>Tasuta kohaletoimetamine kogu ELis.<\/p>\n<p>Mida saate NAD-testi k\u00e4igus teada<\/p>\n<p>See test annab \u00fcksikasjalikku teavet teie energiavarude kohta rakutasandil ja aitab:<\/p>\n<p>J\u00e4lgige rakkude energiataset.<\/p>\n<p>M\u00e4rkage varakult vananemise varajasi m\u00e4rke.<\/p>\n<p>Optimeerida energia ainevahetust organismis.<\/p>\n<p>Parandada vaimset selgust ja f\u00fc\u00fcsilist vastupidavust.<\/p>\n<p>Miks on oluline NAD taseme j\u00e4lgimine<\/p>\n<p>NAD\u207a osaleb enam kui 400 bioloogilises reaktsioonis, mis on seotud energia, DNA parandamise ja rakkude pikaealisusega.<\/p>\n<p>NAD-i taseme langus on seotud vananemise, kehvema energiatootmise ja krooniliste haiguste suurema riskiga.<\/p>\n<p>NAD-taseme j\u00e4lgimine v\u00f5imaldab individuaalselt kohandada elustiili v\u00f5i toidulisandeid (nt NMN, NR, sirtuiini aktivaatorid), et s\u00e4ilitada optimaalne ainevahetus.<\/p>\n<p>Miks valida see test<\/p>\n<p>\u2714\ufe0f Annab teile selge pildi teie rakulise energia tasemest.<br \/>\n\u2714\ufe0f V\u00f5imaldab varakult m\u00e4rgata vananemise m\u00e4rke.<br \/>\n\u2714\ufe0f Kasutab ens\u00fcmaatilist t\u00e4psusmeetodit.<br \/>\n\u2714\ufe0f Aitab personaliseerida tervishoiuteenuseid pikaealisuse tagamiseks.<\/p>","protected":false},"featured_media":40319,"comment_status":"open","ping_status":"closed","template":"","meta":{"_acf_changed":false},"product_brand":[411],"product_cat":[97,75],"product_tag":[],"class_list":{"0":"post-40312","1":"product","2":"type-product","3":"status-publish","4":"has-post-thumbnail","6":"product_brand-bloodo","7":"product_cat-tyrimai","8":"product_cat-sveikatos-testai","10":"first","11":"instock","12":"shipping-taxable","13":"purchasable","14":"product-type-simple"},"acf":[],"tiered_pricing_type":"fixed","tiered_pricing_fixed_rules":[],"tiered_pricing_product_settings":{"layout":"default","base_unit_name":{"singular":null,"plural":null},"default_variation":null},"tiered_pricing_minimum_quantity":null,"tiered_pricing_roles_data":[],"tiered_pricing_percentage_rules":[],"_links":{"self":[{"href":"https:\/\/purama.lt\/ee\/wp-json\/wp\/v2\/product\/40312","targetHints":{"allow":["GET"]}}],"collection":[{"href":"https:\/\/purama.lt\/ee\/wp-json\/wp\/v2\/product"}],"about":[{"href":"https:\/\/purama.lt\/ee\/wp-json\/wp\/v2\/types\/product"}],"replies":[{"embeddable":true,"href":"https:\/\/purama.lt\/ee\/wp-json\/wp\/v2\/comments?post=40312"}],"wp:featuredmedia":[{"embeddable":true,"href":"https:\/\/purama.lt\/ee\/wp-json\/wp\/v2\/media\/40319"}],"wp:attachment":[{"href":"https:\/\/purama.lt\/ee\/wp-json\/wp\/v2\/media?parent=40312"}],"wp:term":[{"taxonomy":"product_brand","embeddable":true,"href":"https:\/\/purama.lt\/ee\/wp-json\/wp\/v2\/product_brand?post=40312"},{"taxonomy":"product_cat","embeddable":true,"href":"https:\/\/purama.lt\/ee\/wp-json\/wp\/v2\/product_cat?post=40312"},{"taxonomy":"product_tag","embeddable":true,"href":"https:\/\/purama.lt\/ee\/wp-json\/wp\/v2\/product_tag?post=40312"}],"curies":[{"name":"wp","href":"https:\/\/api.w.org\/{rel}","templated":true}]}}