{"id":40311,"date":"2025-10-08T08:10:51","date_gmt":"2025-10-08T06:10:51","guid":{"rendered":"https:\/\/purama.lt\/produktas\/bloodo-omega-lygio-testas\/"},"modified":"2025-11-11T14:00:35","modified_gmt":"2025-11-11T12:00:35","slug":"vere-oomega-taseme-test","status":"publish","type":"product","link":"https:\/\/purama.lt\/ee\/produktas\/bloodo-omega-lygio-testas\/","title":{"rendered":"BLOODO Omega taseme test"},"content":{"rendered":"","protected":false},"excerpt":{"rendered":"<p>Oomega rasvhapete suhte test - terviklik anal\u00fc\u00fcs teie tervise kohta<\/p>\n<p>Omega-rasvhapete suhte test on p\u00f5hjalik test, millega m\u00e4\u00e4ratakse kindlaks asendamatute rasvhapete (Omega-3, Omega-6, Omega-9 jne) tase organismis ja nende omavaheline tasakaal. Nende rasvhapete suhe on oluline s\u00fcdame-veresoonkonna tervise, immuunsuse, aju toimimise ja organismi \u00fcldise vastupidavuse jaoks. Peamised eelised<\/p>\n<p>Tehakse litsentseeritud kliinilises laboratooriumis.<\/p>\n<p>T\u00e4psus on tagatud GC\/MS abil, mis v\u00f5imaldab rasvhapete tasemeid v\u00e4ga t\u00e4pselt m\u00f5\u00f5ta.<\/p>\n<p>Tasuta kohaletoimetamine kogu ELis.<\/p>\n<p>Mida n\u00e4itab Omega Ratio test<\/p>\n<p>See test ei n\u00e4ita mitte ainult oomega-rasvhapete kontsentratsiooni veres, vaid ka oomega-rasvhapete suhet organismis, mis on organismi optimaalse toimimise jaoks \u00fclioluline. See v\u00f5imaldab teil:<\/p>\n<p>Parandada s\u00fcdame funktsiooni ja alandada kolesterooli taset.<\/p>\n<p>Parandada ajufunktsiooni ja immuuns\u00fcsteemi reaktsiooni.<\/p>\n<p>V\u00e4hendavad p\u00f5letikku ja kiirendavad keha taastumist.<\/p>\n<p>Rasvhapete suhte tasakaalustamine parema \u00fcldise heaolu saavutamiseks.<\/p>\n<p>Miks on oluline omegahapete tasakaal<\/p>\n<p>Omega-3-rasvad on olulised s\u00fcdame-veresoonkonna tervise, aju ja n\u00e4rvis\u00fcsteemi jaoks.<\/p>\n<p>Omega-6 on vajalik kasvuks, energiaks ja immuunsuseks, kuid liigne kogus v\u00f5ib soodustada p\u00f5letikku.<\/p>\n<p>Omega-9 toetab s\u00fcdametalitlust, kolesterooli tasakaalu ja \u00fcldist ainevahetust.<\/p>\n<p>Nende hapete ebapiisav suhe v\u00f5ib suurendada s\u00fcdamehaiguste, p\u00f5letikuliste protsesside v\u00f5i kognitiivsete h\u00e4irete riski.<\/p>\n<p>Miks valida see test<\/p>\n<p>\u2714\ufe0f N\u00e4itab mitte ainult omegahapete kogust, vaid ka nende tasakaalu.<br \/>\n\u2714\ufe0f Viiakse l\u00e4bi kasutades GC\/MS k\u00f5rge t\u00e4psusega tehnoloogiat.<br \/>\n\u2714\ufe0f Aitab teil kohandada oma toitumist ja toidulisandite tarbimist vastavalt teie individuaalsetele vajadustele.<br \/>\n\u2714\ufe0f See on eriti oluline s\u00fcdame, aju ja immuuns\u00fcsteemi pikaajalise tervise seisukohalt.<\/p>","protected":false},"featured_media":40316,"comment_status":"open","ping_status":"closed","template":"","meta":{"_acf_changed":false},"product_brand":[411],"product_cat":[97,75],"product_tag":[],"class_list":{"0":"post-40311","1":"product","2":"type-product","3":"status-publish","4":"has-post-thumbnail","6":"product_brand-bloodo","7":"product_cat-tyrimai","8":"product_cat-sveikatos-testai","10":"first","11":"instock","12":"shipping-taxable","13":"purchasable","14":"product-type-simple"},"acf":[],"tiered_pricing_type":"fixed","tiered_pricing_fixed_rules":[],"tiered_pricing_product_settings":{"layout":"default","base_unit_name":{"singular":null,"plural":null},"default_variation":null},"tiered_pricing_minimum_quantity":null,"tiered_pricing_roles_data":[],"tiered_pricing_percentage_rules":[],"_links":{"self":[{"href":"https:\/\/purama.lt\/ee\/wp-json\/wp\/v2\/product\/40311","targetHints":{"allow":["GET"]}}],"collection":[{"href":"https:\/\/purama.lt\/ee\/wp-json\/wp\/v2\/product"}],"about":[{"href":"https:\/\/purama.lt\/ee\/wp-json\/wp\/v2\/types\/product"}],"replies":[{"embeddable":true,"href":"https:\/\/purama.lt\/ee\/wp-json\/wp\/v2\/comments?post=40311"}],"wp:featuredmedia":[{"embeddable":true,"href":"https:\/\/purama.lt\/ee\/wp-json\/wp\/v2\/media\/40316"}],"wp:attachment":[{"href":"https:\/\/purama.lt\/ee\/wp-json\/wp\/v2\/media?parent=40311"}],"wp:term":[{"taxonomy":"product_brand","embeddable":true,"href":"https:\/\/purama.lt\/ee\/wp-json\/wp\/v2\/product_brand?post=40311"},{"taxonomy":"product_cat","embeddable":true,"href":"https:\/\/purama.lt\/ee\/wp-json\/wp\/v2\/product_cat?post=40311"},{"taxonomy":"product_tag","embeddable":true,"href":"https:\/\/purama.lt\/ee\/wp-json\/wp\/v2\/product_tag?post=40311"}],"curies":[{"name":"wp","href":"https:\/\/api.w.org\/{rel}","templated":true}]}}