{"id":40310,"date":"2025-10-08T08:10:50","date_gmt":"2025-10-08T06:10:50","guid":{"rendered":"https:\/\/purama.lt\/produktas\/bloodo-hemoglobino-a1c-testas\/"},"modified":"2025-11-11T14:00:41","modified_gmt":"2025-11-11T12:00:41","slug":"vere-hemoglobiini-a1c-test","status":"publish","type":"product","link":"https:\/\/purama.lt\/ee\/produktas\/bloodo-hemoglobino-a1c-testas\/","title":{"rendered":"Vere hemoglobiini A1C test"},"content":{"rendered":"","protected":false},"excerpt":{"rendered":"<p>Hemoglobiin A1c (HbA1c) test on usaldusv\u00e4\u00e4rne viis hinnata teie keskmist veresuhkru taset viimase 2-3 kuu jooksul. Test v\u00f5imaldab objektiivsemalt j\u00e4lgida gl\u00fckoosikontrolli kui tavalised hetkesuhkru m\u00f5\u00f5tmised. HbA1c n\u00e4itaja on eriti oluline diabeedi eelsoodumuse ja diabeedi diagnoosimisel, samuti ravi t\u00f5hususe ja t\u00fcsistuste riski hindamisel. Mida saate teada HbA1c-testist<\/p>\n<p>See uuring annab \u00fcksikasjaliku \u00fclevaate gl\u00fckoositaseme pikaajalistest k\u00f5ikumistest organismis ja v\u00f5imaldab:<\/p>\n<p>J\u00e4lgige pikaajalist suhkrukontrolli.<\/p>\n<p>Diabeedi v\u00f5i diabeedi eelsoodumuse varajane avastamine.<\/p>\n<p>Diabeedi ravi ja ravi optimeerimine.<\/p>\n<p>V\u00e4hendada k\u00f5rge suhkru tarbimisega seotud t\u00fcsistuste riski.<\/p>\n<p>Tulemuste t\u00f5lgendamine<\/p>\n<p>&lt; 5,7 % - normaalne gl\u00fckoosisisaldus.<\/p>\n<p>5,7-6,4 % - prediabeet (suurenenud diabeedirisk).<\/p>\n<p>\u2265 6,5 % - diabeet (diagnoosi kinnitab korduvanal\u00fc\u00fcs).<\/p>\n<p>Diabeetikutele soovitatakse \u00fcldiselt hoida HbA1c v\u00e4\u00e4rtused &lt; 7 %, kuid individuaalsed eesm\u00e4rgid v\u00f5ivad erineda.<\/p>\n<p>Miks valida see test<\/p>\n<p>\u2714\ufe0f Stabiilne ja t\u00e4pne n\u00e4itaja pikaajalise suhkru kontrollimiseks.<br \/>\n\u2714\ufe0f Kasutatakse k\u00f5rgeima t\u00e4psusega HPLC-tehnoloogiat.<br \/>\n\u2714\ufe0f Sobib nii prof\u00fclaktikaks kui ka diabeediks.<br \/>\n\u2714\ufe0f Aitab v\u00e4ltida t\u00fcsistusi ja parandada elukvaliteeti.<\/p>","protected":false},"featured_media":40318,"comment_status":"open","ping_status":"closed","template":"","meta":{"_acf_changed":false},"product_brand":[411],"product_cat":[97,75],"product_tag":[],"class_list":{"0":"post-40310","1":"product","2":"type-product","3":"status-publish","4":"has-post-thumbnail","6":"product_brand-bloodo","7":"product_cat-tyrimai","8":"product_cat-sveikatos-testai","10":"first","11":"instock","12":"shipping-taxable","13":"purchasable","14":"product-type-simple"},"acf":[],"tiered_pricing_type":"fixed","tiered_pricing_fixed_rules":[],"tiered_pricing_product_settings":{"layout":"default","base_unit_name":{"singular":null,"plural":null},"default_variation":null},"tiered_pricing_minimum_quantity":null,"tiered_pricing_roles_data":[],"tiered_pricing_percentage_rules":[],"_links":{"self":[{"href":"https:\/\/purama.lt\/ee\/wp-json\/wp\/v2\/product\/40310","targetHints":{"allow":["GET"]}}],"collection":[{"href":"https:\/\/purama.lt\/ee\/wp-json\/wp\/v2\/product"}],"about":[{"href":"https:\/\/purama.lt\/ee\/wp-json\/wp\/v2\/types\/product"}],"replies":[{"embeddable":true,"href":"https:\/\/purama.lt\/ee\/wp-json\/wp\/v2\/comments?post=40310"}],"wp:featuredmedia":[{"embeddable":true,"href":"https:\/\/purama.lt\/ee\/wp-json\/wp\/v2\/media\/40318"}],"wp:attachment":[{"href":"https:\/\/purama.lt\/ee\/wp-json\/wp\/v2\/media?parent=40310"}],"wp:term":[{"taxonomy":"product_brand","embeddable":true,"href":"https:\/\/purama.lt\/ee\/wp-json\/wp\/v2\/product_brand?post=40310"},{"taxonomy":"product_cat","embeddable":true,"href":"https:\/\/purama.lt\/ee\/wp-json\/wp\/v2\/product_cat?post=40310"},{"taxonomy":"product_tag","embeddable":true,"href":"https:\/\/purama.lt\/ee\/wp-json\/wp\/v2\/product_tag?post=40310"}],"curies":[{"name":"wp","href":"https:\/\/api.w.org\/{rel}","templated":true}]}}