{"id":39301,"date":"2025-09-16T08:11:08","date_gmt":"2025-09-16T06:11:08","guid":{"rendered":"https:\/\/purama.lt\/produktas\/medicube-senejima-reguliuojantis-veido-serumas\/"},"modified":"2026-04-10T13:03:31","modified_gmt":"2026-04-10T11:03:31","slug":"medicube-vananemist-takistav-naoseerum","status":"publish","type":"product","link":"https:\/\/purama.lt\/ee\/produktas\/medicube-senejima-reguliuojantis-veido-serumas\/","title":{"rendered":"Medicube Zero Pore Serum 2.0 vananemisvastane n\u00e4oseerum"},"content":{"rendered":"<p><strong>Peamised koostisosad:<\/strong> Seeneekstrakt (Fomes officinalis) - pooride pinguldamiseks, Camellia japonica ekstrakt - antioks\u00fcdant, tsitrusviljade ekstraktid, niisutavad koostisained: gl\u00fctseriin, pehmendavad ained, dimetikoon.<\/p>","protected":false},"excerpt":{"rendered":"<p data-start=\"0\" data-end=\"144\"><strong>Medicube Zero Pore Serum 2.0:<\/strong> Uuendatud koostis aitab kontrollida liigset rasu, v\u00e4hendada pooride v\u00e4limust ja j\u00e4tta nahale mati ja v\u00e4rske tunde.<\/p>\n<p data-start=\"146\" data-end=\"333\"><strong data-start=\"146\" data-end=\"170\">Miks valida:<\/strong><br data-start=\"170\" data-end=\"173\" \/>\u2714\ufe0f Reguleerib talitootmist, v\u00e4hendab l\u00e4iget.<br data-start=\"222\" data-end=\"225\" data-is-only-node=\"\" \/>\u2714\ufe0f V\u00e4hendab visuaalselt pooride suurust<br data-start=\"256\" data-end=\"259\" \/>\u2714\ufe0f Niisutab ilma nahka koormamata.<br data-start=\"288\" data-end=\"291\" \/>\u2714\ufe0f Rahustab nahka ja annab v\u00e4rskuse tunde.<\/p>","protected":false},"featured_media":39309,"comment_status":"open","ping_status":"closed","template":"","meta":{"_acf_changed":false},"product_brand":[438],"product_cat":[92,500,56,59],"product_tag":[],"class_list":{"0":"post-39301","1":"product","2":"type-product","3":"status-publish","4":"has-post-thumbnail","6":"product_brand-medicube","7":"product_cat-groziui","8":"product_cat-outlet","9":"product_cat-veido-serumai","10":"product_cat-veidui","12":"first","13":"instock","14":"sale","15":"shipping-taxable","16":"purchasable","17":"product-type-simple"},"acf":[],"tiered_pricing_type":"fixed","tiered_pricing_fixed_rules":[],"tiered_pricing_product_settings":{"layout":"default","base_unit_name":{"singular":null,"plural":null},"default_variation":null},"tiered_pricing_minimum_quantity":null,"tiered_pricing_roles_data":[],"tiered_pricing_percentage_rules":[],"_links":{"self":[{"href":"https:\/\/purama.lt\/ee\/wp-json\/wp\/v2\/product\/39301","targetHints":{"allow":["GET"]}}],"collection":[{"href":"https:\/\/purama.lt\/ee\/wp-json\/wp\/v2\/product"}],"about":[{"href":"https:\/\/purama.lt\/ee\/wp-json\/wp\/v2\/types\/product"}],"replies":[{"embeddable":true,"href":"https:\/\/purama.lt\/ee\/wp-json\/wp\/v2\/comments?post=39301"}],"wp:featuredmedia":[{"embeddable":true,"href":"https:\/\/purama.lt\/ee\/wp-json\/wp\/v2\/media\/39309"}],"wp:attachment":[{"href":"https:\/\/purama.lt\/ee\/wp-json\/wp\/v2\/media?parent=39301"}],"wp:term":[{"taxonomy":"product_brand","embeddable":true,"href":"https:\/\/purama.lt\/ee\/wp-json\/wp\/v2\/product_brand?post=39301"},{"taxonomy":"product_cat","embeddable":true,"href":"https:\/\/purama.lt\/ee\/wp-json\/wp\/v2\/product_cat?post=39301"},{"taxonomy":"product_tag","embeddable":true,"href":"https:\/\/purama.lt\/ee\/wp-json\/wp\/v2\/product_tag?post=39301"}],"curies":[{"name":"wp","href":"https:\/\/api.w.org\/{rel}","templated":true}]}}