{"id":38858,"date":"2025-08-29T14:45:42","date_gmt":"2025-08-29T14:45:42","guid":{"rendered":"https:\/\/purama.lt\/produktas\/matcha-co-matcha-su-kolagenu-sokolado-skonio\/"},"modified":"2026-04-09T00:47:18","modified_gmt":"2026-04-08T22:47:18","slug":"matcha-co-matcha-koos-kollageeni-sokolaadimaitsega","status":"publish","type":"product","link":"https:\/\/purama.lt\/ee\/produktas\/matcha-co-matcha-su-kolagenu-sokolado-skonio\/","title":{"rendered":"Matcha &amp; Co Matcha kollageeniga \u0161okolaadi maitsega"},"content":{"rendered":"","protected":false},"excerpt":{"rendered":"<p>Matcha energia ja kollageeni kasulikkus koos meeldiva \u0161okolaadimaitsega on suurep\u00e4rane viis p\u00e4eva alustamiseks v\u00f5i treeningust taastumiseks. Suhkruvaba, loodusliku kakaomaitsega.<\/p>\n<p><strong>Miks valida:<\/strong><br \/>\n\u2714 Rikkaliku \u0161okolaadi ja matcha kombinatsioon<br \/>\n\u2714 Merekollageen - nahale, juustele, k\u00fc\u00fcntele<br \/>\n\u2714 Madala kalorsusega, gluteenivaba ja suhkrulisandita<br \/>\n\u2714 Ideaalne v\u00f5tta \u00fcksi v\u00f5i jookidesse segatuna<\/p>","protected":false},"featured_media":38849,"comment_status":"open","ping_status":"closed","template":"","meta":{"_acf_changed":true},"product_brand":[437],"product_cat":[60,165,500],"product_tag":[],"class_list":{"0":"post-38858","1":"product","2":"type-product","3":"status-publish","4":"has-post-thumbnail","6":"product_brand-matcha-co","7":"product_cat-mitybai","8":"product_cat-gerimai","9":"product_cat-outlet","11":"first","12":"instock","13":"sale","14":"shipping-taxable","15":"purchasable","16":"product-type-simple"},"acf":[],"tiered_pricing_type":"fixed","tiered_pricing_fixed_rules":[],"tiered_pricing_product_settings":{"layout":"default","base_unit_name":{"singular":null,"plural":null},"default_variation":null},"tiered_pricing_minimum_quantity":null,"tiered_pricing_roles_data":[],"tiered_pricing_percentage_rules":[],"_links":{"self":[{"href":"https:\/\/purama.lt\/ee\/wp-json\/wp\/v2\/product\/38858","targetHints":{"allow":["GET"]}}],"collection":[{"href":"https:\/\/purama.lt\/ee\/wp-json\/wp\/v2\/product"}],"about":[{"href":"https:\/\/purama.lt\/ee\/wp-json\/wp\/v2\/types\/product"}],"replies":[{"embeddable":true,"href":"https:\/\/purama.lt\/ee\/wp-json\/wp\/v2\/comments?post=38858"}],"wp:featuredmedia":[{"embeddable":true,"href":"https:\/\/purama.lt\/ee\/wp-json\/wp\/v2\/media\/38849"}],"wp:attachment":[{"href":"https:\/\/purama.lt\/ee\/wp-json\/wp\/v2\/media?parent=38858"}],"wp:term":[{"taxonomy":"product_brand","embeddable":true,"href":"https:\/\/purama.lt\/ee\/wp-json\/wp\/v2\/product_brand?post=38858"},{"taxonomy":"product_cat","embeddable":true,"href":"https:\/\/purama.lt\/ee\/wp-json\/wp\/v2\/product_cat?post=38858"},{"taxonomy":"product_tag","embeddable":true,"href":"https:\/\/purama.lt\/ee\/wp-json\/wp\/v2\/product_tag?post=38858"}],"curies":[{"name":"wp","href":"https:\/\/api.w.org\/{rel}","templated":true}]}}