{"id":38855,"date":"2025-08-29T14:45:40","date_gmt":"2025-08-29T14:45:40","guid":{"rendered":"https:\/\/purama.lt\/produktas\/matcha-co-premium-klases-matcha-arbata\/"},"modified":"2026-04-14T08:55:20","modified_gmt":"2026-04-14T06:55:20","slug":"matcha-co-premium-matcha-tee","status":"publish","type":"product","link":"https:\/\/purama.lt\/ee\/produktas\/matcha-co-premium-klases-matcha-arbata\/","title":{"rendered":"Matcha &amp; Co Premium klassi matcha tee"},"content":{"rendered":"","protected":false},"excerpt":{"rendered":"<p>Esmaklassiline tseremoniaalne matcha esimesest saagist Uji Jaapanis. Intensiivne roheline v\u00e4rvus, peen magusus ja puudub kibedus - ideaalne tee autentse tseremoniaalse elamuse v\u00f5i gurmeelatse jaoks. Jahvatatud kiviveskitega k\u00e4sitsi korjatud lehtedest.<\/p>\n<p><strong>Miks valida:<\/strong><br \/>\n\u2714 Tseremoniaalne kvaliteet - alates esimesest saagist<br \/>\n\u2714 Hele v\u00e4rvus ja mahe maitse<br \/>\n\u2714 \u00c4\u00e4rmiselt peeneks jahvatatud - lahustub ilma teralisuseta<br \/>\n\u2714 Ideaalne nii kuuma kui ka k\u00fclma jaoks<\/p>","protected":false},"featured_media":38848,"comment_status":"open","ping_status":"closed","template":"","meta":{"_acf_changed":true},"product_brand":[437],"product_cat":[60,57,165],"product_tag":[],"class_list":{"0":"post-38855","1":"product","2":"type-product","3":"status-publish","4":"has-post-thumbnail","6":"product_brand-matcha-co","7":"product_cat-mitybai","8":"product_cat-akcijos","9":"product_cat-gerimai","11":"first","12":"instock","13":"sale","14":"shipping-taxable","15":"purchasable","16":"product-type-simple"},"acf":[],"tiered_pricing_type":"fixed","tiered_pricing_fixed_rules":[],"tiered_pricing_product_settings":{"layout":"default","base_unit_name":{"singular":null,"plural":null},"default_variation":null},"tiered_pricing_minimum_quantity":null,"tiered_pricing_roles_data":[],"tiered_pricing_percentage_rules":[],"_links":{"self":[{"href":"https:\/\/purama.lt\/ee\/wp-json\/wp\/v2\/product\/38855","targetHints":{"allow":["GET"]}}],"collection":[{"href":"https:\/\/purama.lt\/ee\/wp-json\/wp\/v2\/product"}],"about":[{"href":"https:\/\/purama.lt\/ee\/wp-json\/wp\/v2\/types\/product"}],"replies":[{"embeddable":true,"href":"https:\/\/purama.lt\/ee\/wp-json\/wp\/v2\/comments?post=38855"}],"wp:featuredmedia":[{"embeddable":true,"href":"https:\/\/purama.lt\/ee\/wp-json\/wp\/v2\/media\/38848"}],"wp:attachment":[{"href":"https:\/\/purama.lt\/ee\/wp-json\/wp\/v2\/media?parent=38855"}],"wp:term":[{"taxonomy":"product_brand","embeddable":true,"href":"https:\/\/purama.lt\/ee\/wp-json\/wp\/v2\/product_brand?post=38855"},{"taxonomy":"product_cat","embeddable":true,"href":"https:\/\/purama.lt\/ee\/wp-json\/wp\/v2\/product_cat?post=38855"},{"taxonomy":"product_tag","embeddable":true,"href":"https:\/\/purama.lt\/ee\/wp-json\/wp\/v2\/product_tag?post=38855"}],"curies":[{"name":"wp","href":"https:\/\/api.w.org\/{rel}","templated":true}]}}