{"id":38854,"date":"2025-08-29T14:45:39","date_gmt":"2025-08-29T14:45:39","guid":{"rendered":"https:\/\/purama.lt\/produktas\/matcha-co-ekologiska-matcha-arbata\/"},"modified":"2026-04-14T08:55:53","modified_gmt":"2026-04-14T06:55:53","slug":"matcha-co-orgaaniline-matcha-tee","status":"publish","type":"product","link":"https:\/\/purama.lt\/ee\/produktas\/matcha-co-ekologiska-matcha-arbata\/","title":{"rendered":"Matcha &amp; Co Orgaaniline matcha tee"},"content":{"rendered":"","protected":false},"excerpt":{"rendered":"<p>100 % Orgaaniline Jaapani matcha Uji piirkonnast on suurep\u00e4rane valik igap\u00e4evaseks tarbimiseks. T\u00e4nu loodusliku rohelise tee tugevusele ja mahedale maitsele annab see matcha energiat, parandab keskendumisv\u00f5imet ja toetab antioks\u00fcdantide kaitset. Sobib hommikuse rituaali v\u00f5i tervislike jookide v\u00f5i magustoitude koostisosana.<\/p>\n<p><strong>Miks valida:<\/strong><br \/>\n\u2714 Sertifitseeritud orgaaniline<br \/>\n\u2714 Rikkalikult antioks\u00fcdante (EGCG)<br \/>\n\u2714 Looduslik energiaallikas ilma kofeiinita<br \/>\n\u2714 Sobib veganitele ja gluteenivabadele inimestele<\/p>","protected":false},"featured_media":38851,"comment_status":"open","ping_status":"closed","template":"","meta":{"_acf_changed":false},"product_brand":[437],"product_cat":[60,57,165],"product_tag":[],"class_list":{"0":"post-38854","1":"product","2":"type-product","3":"status-publish","4":"has-post-thumbnail","6":"product_brand-matcha-co","7":"product_cat-mitybai","8":"product_cat-akcijos","9":"product_cat-gerimai","11":"first","12":"instock","13":"sale","14":"shipping-taxable","15":"purchasable","16":"product-type-simple"},"acf":[],"tiered_pricing_type":"fixed","tiered_pricing_fixed_rules":[],"tiered_pricing_product_settings":{"layout":"default","base_unit_name":{"singular":null,"plural":null},"default_variation":null},"tiered_pricing_minimum_quantity":null,"tiered_pricing_roles_data":[],"tiered_pricing_percentage_rules":[],"_links":{"self":[{"href":"https:\/\/purama.lt\/ee\/wp-json\/wp\/v2\/product\/38854","targetHints":{"allow":["GET"]}}],"collection":[{"href":"https:\/\/purama.lt\/ee\/wp-json\/wp\/v2\/product"}],"about":[{"href":"https:\/\/purama.lt\/ee\/wp-json\/wp\/v2\/types\/product"}],"replies":[{"embeddable":true,"href":"https:\/\/purama.lt\/ee\/wp-json\/wp\/v2\/comments?post=38854"}],"wp:featuredmedia":[{"embeddable":true,"href":"https:\/\/purama.lt\/ee\/wp-json\/wp\/v2\/media\/38851"}],"wp:attachment":[{"href":"https:\/\/purama.lt\/ee\/wp-json\/wp\/v2\/media?parent=38854"}],"wp:term":[{"taxonomy":"product_brand","embeddable":true,"href":"https:\/\/purama.lt\/ee\/wp-json\/wp\/v2\/product_brand?post=38854"},{"taxonomy":"product_cat","embeddable":true,"href":"https:\/\/purama.lt\/ee\/wp-json\/wp\/v2\/product_cat?post=38854"},{"taxonomy":"product_tag","embeddable":true,"href":"https:\/\/purama.lt\/ee\/wp-json\/wp\/v2\/product_tag?post=38854"}],"curies":[{"name":"wp","href":"https:\/\/api.w.org\/{rel}","templated":true}]}}