{"id":38632,"date":"2025-08-22T10:28:19","date_gmt":"2025-08-22T10:28:19","guid":{"rendered":"https:\/\/purama.lt\/?post_type=product&#038;p=38632"},"modified":"2026-04-13T16:37:59","modified_gmt":"2026-04-13T14:37:59","slug":"purama-silikoonist-naokarbid","status":"publish","type":"product","link":"https:\/\/purama.lt\/ee\/produktas\/purama-silikonines-veido-taureles\/","title":{"rendered":"PURAMA silikoonist n\u00e4okarbid"},"content":{"rendered":"<p><strong>Kuidas kasutada:<\/strong> Valmistage oma nahk ette, pestes n\u00e4gu ja patsutades seda \u00f5rnalt kuivaks. Kandke peale veidi \u00f5li v\u00f5i seerumit, et tassid libiseksid peale ilma h\u00f5\u00f5rumata. Alustage kaela masseerimisega - m\u00e4\u00e4rige piirkonda, jaotage kergelt kreemi, et \"avada\" l\u00fcmfiteed. Masseerige n\u00e4gu silitades - pigistage \u00f5rnalt, asetage nahale, laske lahti, seej\u00e4rel silitage alt \u00fcles v\u00f5i k\u00fcljelt. \u00c4rge hoidke midagi pikalt \u00fches kohas. Kasutage \u00f5iget suurust - v\u00e4iksemaid kupeed silmade, \u00fclemise huule jaoks; keskmise suurusega kupeed p\u00f5skede, kaela, dekoltee jaoks. Sulgemiseks silitage s\u00f5rmeluule poole, et lasta kompositsioonil \u00e4ra voolata ja l\u00fcmfilihasel paremini liikuda. Sagedus - kasutage 2-3 korda n\u00e4dalas, 3-5 liigutust iga piirkonna kohta. Kui teie nahk on tundlik, alustage v\u00e4hemate liigutustega. P\u00e4rast ravi - \u00e4rge kandke paar tundi meiki, v\u00e4ltige kuuma vanni ja p\u00e4ikest ning laske nahal taastuda.<\/p>","protected":false},"excerpt":{"rendered":"<p><strong>PURAMA silikoonist n\u00e4okarpide komplekt<\/strong> - on kaasaegne, ohutu ja t\u00f5hus viis oma naha loomulikuks parandamiseks. Valmistatud k\u00f5rgeima kvaliteediga meditsiinilisest silikoonist, on need tassid: h\u00fcpoallergeensed, ftalaat-, lateksi- ja BPA-vabad - \u00f5rnad isegi k\u00f5ige tundlikumale nahale, vastavad ilu- ja heaolustandarditele; paindlikud ja vastupidavad - kauakestvad, ei purune nagu klaasist tassid; komplektis on kaks erineva suurusega tassit, mis on spetsiaalselt kohandatud n\u00e4o, kaela ja dekoltee jaoks, v\u00f5imaldades t\u00e4pset ja meeldivat massaa\u017ei erinevatele nahapiirkondadele. <\/p>\n<p><strong>Miks valida?<br \/><\/strong>\u2714\ufe0f Stimuleerib l\u00fcmfi- ja vereringet - v\u00e4hendab n\u00e4o paistetust, helendab tumedaid ringe ja annab loomuliku \"t\u00f5stva\" efekti.<br data-start=\"122\" data-end=\"125\" \/>\u2714\ufe0f Stimuleerib kollageeni ja elastiini tootmist - silub kortse, taastab naha tugevuse ja annab terve s\u00e4ra.<br data-start=\"235\" data-end=\"238\" \/>\u2714\ufe0f Sihtotstarbeline hooldus eri suurusega tassidega - v\u00e4ikesed tassid sobivad ideaalselt silmadele ja huultele, suuremad p\u00f5skedele, kaelale ja dekolteele.<br data-start=\"378\" data-end=\"381\" \/>\u2714\ufe0f Ohutu ja meeldiv kasutada - pehme silikoon ei tekita muljumist ja vaakumi tugevust saab reguleerida surve avaldamisega.<br data-start=\"494\" data-end=\"497\" \/>\u2714\ufe0f Lihtne hooldada - pese lihtsalt sooja vee ja seebiga p\u00e4rast kasutamist ning kuivata.<\/p>","protected":false},"featured_media":38637,"comment_status":"open","ping_status":"closed","template":"","meta":{"_acf_changed":false},"product_brand":[405],"product_cat":[283,57,288,92],"product_tag":[],"class_list":{"0":"post-38632","1":"product","2":"type-product","3":"status-publish","4":"has-post-thumbnail","6":"product_brand-purama","7":"product_cat-sveikatingumo-prietaisai","8":"product_cat-akcijos","9":"product_cat-grozio-ir-odos-prieziura","10":"product_cat-groziui","12":"first","13":"instock","14":"sale","15":"shipping-taxable","16":"purchasable","17":"product-type-simple"},"acf":[],"tiered_pricing_type":"fixed","tiered_pricing_fixed_rules":[],"tiered_pricing_product_settings":{"layout":"default","base_unit_name":{"singular":null,"plural":null},"default_variation":null},"tiered_pricing_minimum_quantity":null,"tiered_pricing_roles_data":[],"tiered_pricing_percentage_rules":[],"_links":{"self":[{"href":"https:\/\/purama.lt\/ee\/wp-json\/wp\/v2\/product\/38632","targetHints":{"allow":["GET"]}}],"collection":[{"href":"https:\/\/purama.lt\/ee\/wp-json\/wp\/v2\/product"}],"about":[{"href":"https:\/\/purama.lt\/ee\/wp-json\/wp\/v2\/types\/product"}],"replies":[{"embeddable":true,"href":"https:\/\/purama.lt\/ee\/wp-json\/wp\/v2\/comments?post=38632"}],"wp:featuredmedia":[{"embeddable":true,"href":"https:\/\/purama.lt\/ee\/wp-json\/wp\/v2\/media\/38637"}],"wp:attachment":[{"href":"https:\/\/purama.lt\/ee\/wp-json\/wp\/v2\/media?parent=38632"}],"wp:term":[{"taxonomy":"product_brand","embeddable":true,"href":"https:\/\/purama.lt\/ee\/wp-json\/wp\/v2\/product_brand?post=38632"},{"taxonomy":"product_cat","embeddable":true,"href":"https:\/\/purama.lt\/ee\/wp-json\/wp\/v2\/product_cat?post=38632"},{"taxonomy":"product_tag","embeddable":true,"href":"https:\/\/purama.lt\/ee\/wp-json\/wp\/v2\/product_tag?post=38632"}],"curies":[{"name":"wp","href":"https:\/\/api.w.org\/{rel}","templated":true}]}}