{"id":38143,"date":"2025-08-08T12:25:56","date_gmt":"2025-08-08T12:25:56","guid":{"rendered":"https:\/\/purama.lt\/?post_type=product&#038;p=38143"},"modified":"2025-11-11T16:40:52","modified_gmt":"2025-11-11T14:40:52","slug":"higherdose-laetav-vaskkorpusne-septiline-paak","status":"publish","type":"product","link":"https:\/\/purama.lt\/ee\/produktas\/higherdose-pakraunantis-varinis-kuno-sepetys\/","title":{"rendered":"HigherDOSE laetav vasest kehahari"},"content":{"rendered":"<p><strong>Kasutamise meetod:<\/strong><br>Kasutage kuivale nahale enne du\u0161i all k\u00e4imist v\u00f5i suplust. P\u00fchkige \u00f5rnalt jalgadest s\u00fcdame suunas ja k\u00e4telt \u00f5lgade suunas. Hoolitsege 3-5 minutit, et aktiveerida vereringet. P\u00e4rast seda du\u0161\u0161i all ja niisutage nahka kreemi v\u00f5i \u00f5liga.<\/p>","protected":false},"excerpt":{"rendered":"<p><strong>HigherDOSE laetav vasest kehahari<\/strong> - on kaasaegne kuiv koorimisvahend, mis \u00fchendab iidseid detoksikatsioonipraktikaid kaasaegse tehnoloogiaga. Spetsiaalselt disainitud vask ja looduslikud harjased on laetud staatilise elektriga, mis stimuleerib \u00f5rnalt nahka, parandab vereringet, eemaldab surnud rakud ja aitab leevendada lihaspingeid ja stressi. Harja sobib ideaalselt kasutamiseks nii hommikul keha ja vaimu \u00e4ratamiseks kui ka \u00f5htul, et l\u00f5\u00f5gastuda ja rahuneda p\u00e4rast p\u00e4evat\u00f6\u00f6d. Vase looduslikud omadused aitavad neutraliseerida negatiivseid ioone, pakkudes s\u00fcgavat energialaengut ja v\u00e4rsket nahka. <\/p>\n<p><strong>Miks valida?<\/strong><br \/>\u2714\ufe0f Vaskharjade j\u00f5ud - masseerib \u00f5rnalt ja stimuleerib energiavoolu, neutraliseerides vabu radikaale.<br data-start=\"110\" data-end=\"113\" \/>\u2714\ufe0f Looduslikud taimset p\u00e4ritolu harjased - eemaldab t\u00f5husalt surnud naharakud, j\u00e4ttes naha pehmeks ja siledaks.<br data-start=\"227\" data-end=\"230\" \/>\u2714\ufe0f Detoksikatsiooni toetus - stimuleerib l\u00fcmfivoolu, et aidata eemaldada toksiine kehast.<br data-start=\"329\" data-end=\"332\" \/>\u2714\ufe0f See staatilise energiaga laetud hari on eriline eelis, mis annab eriti stimuleeriva efekti.<\/p>","protected":false},"featured_media":38144,"comment_status":"open","ping_status":"closed","template":"","meta":{"_acf_changed":false},"product_brand":[430],"product_cat":[282,288,92,287,283],"product_tag":[],"class_list":{"0":"post-38143","1":"product","2":"type-product","3":"status-publish","4":"has-post-thumbnail","6":"product_brand-higherdose","7":"product_cat-longevity-prietaisai","8":"product_cat-grozio-ir-odos-prieziura","9":"product_cat-groziui","10":"product_cat-masazuokliai","11":"product_cat-sveikatingumo-prietaisai","13":"first","14":"instock","15":"shipping-taxable","16":"purchasable","17":"product-type-simple"},"acf":[],"tiered_pricing_type":"fixed","tiered_pricing_fixed_rules":[],"tiered_pricing_product_settings":{"layout":"default","base_unit_name":{"singular":null,"plural":null},"default_variation":null},"tiered_pricing_minimum_quantity":null,"tiered_pricing_roles_data":[],"tiered_pricing_percentage_rules":[],"_links":{"self":[{"href":"https:\/\/purama.lt\/ee\/wp-json\/wp\/v2\/product\/38143","targetHints":{"allow":["GET"]}}],"collection":[{"href":"https:\/\/purama.lt\/ee\/wp-json\/wp\/v2\/product"}],"about":[{"href":"https:\/\/purama.lt\/ee\/wp-json\/wp\/v2\/types\/product"}],"replies":[{"embeddable":true,"href":"https:\/\/purama.lt\/ee\/wp-json\/wp\/v2\/comments?post=38143"}],"wp:featuredmedia":[{"embeddable":true,"href":"https:\/\/purama.lt\/ee\/wp-json\/wp\/v2\/media\/38144"}],"wp:attachment":[{"href":"https:\/\/purama.lt\/ee\/wp-json\/wp\/v2\/media?parent=38143"}],"wp:term":[{"taxonomy":"product_brand","embeddable":true,"href":"https:\/\/purama.lt\/ee\/wp-json\/wp\/v2\/product_brand?post=38143"},{"taxonomy":"product_cat","embeddable":true,"href":"https:\/\/purama.lt\/ee\/wp-json\/wp\/v2\/product_cat?post=38143"},{"taxonomy":"product_tag","embeddable":true,"href":"https:\/\/purama.lt\/ee\/wp-json\/wp\/v2\/product_tag?post=38143"}],"curies":[{"name":"wp","href":"https:\/\/api.w.org\/{rel}","templated":true}]}}