{"id":38095,"date":"2025-08-08T09:34:32","date_gmt":"2025-08-08T09:34:32","guid":{"rendered":"https:\/\/purama.lt\/?post_type=product&#038;p=38095"},"modified":"2026-04-29T21:05:10","modified_gmt":"2026-04-29T19:05:10","slug":"lubets-ejakulatsioonigeel-meestele","status":"publish","type":"product","link":"https:\/\/purama.lt\/ee\/produktas\/lubets-ejakuliacija-letinantis-gelis-vyrams\/","title":{"rendered":"Lubets Ejakulatsiooni aeglustav geel meestele"},"content":{"rendered":"<p><strong>Kuidas kasutada:<\/strong> Enne vahekorda kandke peenise p\u00e4he v\u00f5i soovitud piirkonda \u00f5huke kiht geeli. Oodake 3-5 minutit, et viivitusm\u00f5ju avalduks. Kasutage koos kondoomiga v\u00f5i ilma.<\/p>","protected":false},"excerpt":{"rendered":"<p>See keskkonnas\u00f5bralik geel aitab pikendada seksuaalvahekorda, ilma et see ohverdaks tundlikkust. Sellel on meeldiv ingveri ja laimi l\u00f5hn, veep\u00f5hi ja pehme vahu tekstuur. Dermatoloogiliselt testitud, pH-s\u00f5bralik, \u00fchildub kondoomide ja seksim\u00e4nguasjadega. Pakendis 10 tk 4 ml (kokku 40 ml). <\/p>\n<p><strong>Miks valida?<br \/><\/strong>\u2714\ufe0f Aitab teil kauem kontrolli all p\u00fcsida ja pikendada oma naudingut.<br data-start=\"57\" data-end=\"60\" \/>\u2714\ufe0f 99 % Looduslikud koostisosad - aaloe vera, humal, ingver, kaer, \u017een\u0161enn, mentool.<br data-start=\"149\" data-end=\"152\" \/>\u2714\ufe0f Vegan, orgaaniline, valmistatud Hispaanias.<br data-start=\"202\" data-end=\"205\" \/>\u2714\ufe0f Ohutu kasutamiseks koos kondoomide ja m\u00e4nguasjadega.<\/p>","protected":false},"featured_media":38092,"comment_status":"open","ping_status":"closed","template":"","meta":{"_acf_changed":false},"product_brand":[436],"product_cat":[276,277],"product_tag":[],"class_list":{"0":"post-38095","1":"product","2":"type-product","3":"status-publish","4":"has-post-thumbnail","6":"product_brand-lubets","7":"product_cat-seksualinei-sveikatai","8":"product_cat-vyrams","10":"first","11":"instock","12":"shipping-taxable","13":"purchasable","14":"product-type-simple"},"acf":[],"tiered_pricing_type":"fixed","tiered_pricing_fixed_rules":[],"tiered_pricing_product_settings":{"layout":"default","base_unit_name":{"singular":null,"plural":null},"default_variation":null},"tiered_pricing_minimum_quantity":null,"tiered_pricing_roles_data":[],"tiered_pricing_percentage_rules":[],"_links":{"self":[{"href":"https:\/\/purama.lt\/ee\/wp-json\/wp\/v2\/product\/38095","targetHints":{"allow":["GET"]}}],"collection":[{"href":"https:\/\/purama.lt\/ee\/wp-json\/wp\/v2\/product"}],"about":[{"href":"https:\/\/purama.lt\/ee\/wp-json\/wp\/v2\/types\/product"}],"replies":[{"embeddable":true,"href":"https:\/\/purama.lt\/ee\/wp-json\/wp\/v2\/comments?post=38095"}],"wp:featuredmedia":[{"embeddable":true,"href":"https:\/\/purama.lt\/ee\/wp-json\/wp\/v2\/media\/38092"}],"wp:attachment":[{"href":"https:\/\/purama.lt\/ee\/wp-json\/wp\/v2\/media?parent=38095"}],"wp:term":[{"taxonomy":"product_brand","embeddable":true,"href":"https:\/\/purama.lt\/ee\/wp-json\/wp\/v2\/product_brand?post=38095"},{"taxonomy":"product_cat","embeddable":true,"href":"https:\/\/purama.lt\/ee\/wp-json\/wp\/v2\/product_cat?post=38095"},{"taxonomy":"product_tag","embeddable":true,"href":"https:\/\/purama.lt\/ee\/wp-json\/wp\/v2\/product_tag?post=38095"}],"curies":[{"name":"wp","href":"https:\/\/api.w.org\/{rel}","templated":true}]}}