{"id":38093,"date":"2025-08-08T09:30:28","date_gmt":"2025-08-08T09:30:28","guid":{"rendered":"https:\/\/purama.lt\/?post_type=product&#038;p=38093"},"modified":"2026-02-17T10:01:22","modified_gmt":"2026-02-17T08:01:22","slug":"lubets-orgasmi-tugevdaja-meestele","status":"publish","type":"product","link":"https:\/\/purama.lt\/ee\/produktas\/lubets-orgazmo-stiprinimo-priemone-vyrams\/","title":{"rendered":"Lubets Orgasmi tugevdaja meestele"},"content":{"rendered":"<p><strong>Kuidas kasutada:<\/strong><br>Kandke v\u00e4ike kogus pihustit peenise p\u00e4he ja\/v\u00f5i muule tundlikule piirkonnale enne vahekorda. Oodake 2-3 minutit, et toode imenduks.<\/p>","protected":false},"excerpt":{"rendered":"<p>See sprei suurendab peenise pea tundlikkust, suurendades seksuaalset soovi ja naudingut. Sellel on veep\u00f5hi, pehme vahu tekstuur, siidine tunne ja meeldiv ingveril\u00f5hn. Dermatoloogiliselt testitud, \u00fchildub kondoomide ja seksim\u00e4nguasjadega. Pakendis 10 tk 4 ml (kokku 40 ml). <\/p>\n<p><strong>Miks valida?<\/strong><br data-start=\"190\" data-end=\"193\" \/>\u2714\ufe0f Suurendab tundlikkust ja suurendab orgasmi intensiivsust.<br data-start=\"247\" data-end=\"250\" \/>\u2714\ufe0f 89 % looduslik p\u00e4ritolu, 86 % orgaaniline koostis<br data-start=\"300\" data-end=\"303\" \/>\u2714\ufe0f Sisaldab arginiini, mandli-, baobab- ja kardemon\u00f5li.<br data-start=\"365\" data-end=\"368\" data-is-only-node=\"\" \/>\u2714\ufe0f Kondoomide ja m\u00e4nguasjadega \u00fchilduv veep\u00f5hi \u00a0<\/p>","protected":false},"featured_media":38091,"comment_status":"open","ping_status":"closed","template":"","meta":{"_acf_changed":false},"product_brand":[436],"product_cat":[276,277],"product_tag":[],"class_list":{"0":"post-38093","1":"product","2":"type-product","3":"status-publish","4":"has-post-thumbnail","6":"product_brand-lubets","7":"product_cat-seksualinei-sveikatai","8":"product_cat-vyrams","10":"first","11":"outofstock","12":"shipping-taxable","13":"purchasable","14":"product-type-simple"},"acf":[],"tiered_pricing_type":"fixed","tiered_pricing_fixed_rules":[],"tiered_pricing_product_settings":{"layout":"default","base_unit_name":{"singular":null,"plural":null},"default_variation":null},"tiered_pricing_minimum_quantity":null,"tiered_pricing_roles_data":[],"tiered_pricing_percentage_rules":[],"_links":{"self":[{"href":"https:\/\/purama.lt\/ee\/wp-json\/wp\/v2\/product\/38093","targetHints":{"allow":["GET"]}}],"collection":[{"href":"https:\/\/purama.lt\/ee\/wp-json\/wp\/v2\/product"}],"about":[{"href":"https:\/\/purama.lt\/ee\/wp-json\/wp\/v2\/types\/product"}],"replies":[{"embeddable":true,"href":"https:\/\/purama.lt\/ee\/wp-json\/wp\/v2\/comments?post=38093"}],"wp:featuredmedia":[{"embeddable":true,"href":"https:\/\/purama.lt\/ee\/wp-json\/wp\/v2\/media\/38091"}],"wp:attachment":[{"href":"https:\/\/purama.lt\/ee\/wp-json\/wp\/v2\/media?parent=38093"}],"wp:term":[{"taxonomy":"product_brand","embeddable":true,"href":"https:\/\/purama.lt\/ee\/wp-json\/wp\/v2\/product_brand?post=38093"},{"taxonomy":"product_cat","embeddable":true,"href":"https:\/\/purama.lt\/ee\/wp-json\/wp\/v2\/product_cat?post=38093"},{"taxonomy":"product_tag","embeddable":true,"href":"https:\/\/purama.lt\/ee\/wp-json\/wp\/v2\/product_tag?post=38093"}],"curies":[{"name":"wp","href":"https:\/\/api.w.org\/{rel}","templated":true}]}}