{"id":37959,"date":"2025-08-05T06:13:00","date_gmt":"2025-08-05T06:13:00","guid":{"rendered":"https:\/\/purama.lt\/?post_type=product&#038;p=37959"},"modified":"2026-04-03T10:31:12","modified_gmt":"2026-04-03T08:31:12","slug":"kojines-lihtsalt-jooksevad-rohelised-spordid","status":"publish","type":"product","link":"https:\/\/purama.lt\/ee\/produktas\/kojines-just-run-green-sporcks\/","title":{"rendered":"SPORCKS Just Run Rohelised spordisokid"},"content":{"rendered":"<p>Kas otsite rohkem? Vaadake t\u00e4ielikku <a href=\"\/ee\/tootesildid\/sporcks\/\">Sporcki sortiment<\/a>.<\/p>","protected":false},"excerpt":{"rendered":"<p data-start=\"127\" data-end=\"208\"><strong data-start=\"131\" data-end=\"208\">SPORCKS Just Run Green <\/strong>&#8211; Kojin\u0117s, sukurtos ilgoms distancijoms \u2013 stabilumui, komfortui ir apsaugai. Patirkite tikr\u0105 komfort\u0105 su kojin\u0117mis, kurios prisitaiko prie j\u016bs\u0173 p\u0117dos judesi\u0173 ir u\u017etikrina atram\u0105 ten, kur jos labiausiai reikia. <strong data-start=\"343\" data-end=\"394\">Tugevdatud alad \u00fcmber pahkluu ja pehmendused<\/strong> tagab stabiilsuse ja v\u00e4hendab vigastuste ohtu intensiivsete jooksude ajal.\u00a0<strong data-start=\"465\" data-end=\"492\">Tasakaalustatud surve<\/strong> stimuleerib vereringet, v\u00e4hendab v\u00e4simust ja p\u00f5letikku, samas kui pehme <strong data-start=\"553\" data-end=\"582\">COOLMAX\u00ae froteekangas<\/strong> L\u00f6\u00f6gisummutus kanna ja varvaste piirkonnas tagab erakordse hingavuse. Need sokid aitavad v\u00e4ltida villid, hoiavad teid kuivana ja tagavad maksimaalse mugavuse esimesest kuni viimase kilomeetrini.<\/p>\n<p><strong data-start=\"790\" data-end=\"814\">Miks valida?<br \/>\n<\/strong>\u2714\ufe0f P\u00f5lle ja talla tugi suurema stabiilsuse ja kaitse tagamiseks.<br data-start=\"889\" data-end=\"892\" \/>\u2714\ufe0f Tasakaalustatud r\u00f5hk - parem verevarustus, v\u00e4hem p\u00f5letikke<br data-start=\"956\" data-end=\"959\" \/>\u2714\ufe0f COOLMAX\u00ae froteekangas - pehme puudutus ja l\u00f6\u00f6gisummutus.<br data-start=\"1034\" data-end=\"1037\" \/>\u2714\ufe0f Kaitse villide eest - isegi p\u00e4rast pikka jooksu<br data-start=\"1088\" data-end=\"1091\" \/>\u2714\ufe0f Hingav v\u00f5rk - s\u00e4ilitab optimaalse jalatemperatuuri.<br data-start=\"1153\" data-end=\"1156\" \/>\u2714\ufe0f Efektiivne niiskuse \u00fclekandmine - hoiab jalad kuivana.<br data-start=\"1208\" data-end=\"1211\" \/>\u2714\ufe0f Pehme, meeldiv kangas - maksimaalne mugavus igal sammul.<br data-start=\"1284\" data-end=\"1287\" \/>\u2714\ufe0f 100 % valmistatud Hispaanias - kvaliteet, mida v\u00f5id usaldada.<\/p>","protected":false},"featured_media":37961,"comment_status":"open","ping_status":"closed","template":"","meta":{"_acf_changed":false},"product_brand":[246],"product_cat":[98,102],"product_tag":[],"class_list":{"0":"post-37959","1":"product","2":"type-product","3":"status-publish","4":"has-post-thumbnail","6":"product_brand-sporcks","7":"product_cat-sportui","8":"product_cat-kojines","10":"first","11":"outofstock","12":"shipping-taxable","13":"purchasable","14":"product-type-variable"},"acf":[],"tiered_pricing_type":"fixed","tiered_pricing_fixed_rules":[],"tiered_pricing_product_settings":{"layout":"default","base_unit_name":{"singular":null,"plural":null},"default_variation":null},"tiered_pricing_minimum_quantity":null,"tiered_pricing_roles_data":[],"tiered_pricing_percentage_rules":[],"_links":{"self":[{"href":"https:\/\/purama.lt\/ee\/wp-json\/wp\/v2\/product\/37959","targetHints":{"allow":["GET"]}}],"collection":[{"href":"https:\/\/purama.lt\/ee\/wp-json\/wp\/v2\/product"}],"about":[{"href":"https:\/\/purama.lt\/ee\/wp-json\/wp\/v2\/types\/product"}],"replies":[{"embeddable":true,"href":"https:\/\/purama.lt\/ee\/wp-json\/wp\/v2\/comments?post=37959"}],"wp:featuredmedia":[{"embeddable":true,"href":"https:\/\/purama.lt\/ee\/wp-json\/wp\/v2\/media\/37961"}],"wp:attachment":[{"href":"https:\/\/purama.lt\/ee\/wp-json\/wp\/v2\/media?parent=37959"}],"wp:term":[{"taxonomy":"product_brand","embeddable":true,"href":"https:\/\/purama.lt\/ee\/wp-json\/wp\/v2\/product_brand?post=37959"},{"taxonomy":"product_cat","embeddable":true,"href":"https:\/\/purama.lt\/ee\/wp-json\/wp\/v2\/product_cat?post=37959"},{"taxonomy":"product_tag","embeddable":true,"href":"https:\/\/purama.lt\/ee\/wp-json\/wp\/v2\/product_tag?post=37959"}],"curies":[{"name":"wp","href":"https:\/\/api.w.org\/{rel}","templated":true}]}}