{"id":37956,"date":"2025-08-05T06:02:59","date_gmt":"2025-08-05T06:02:59","guid":{"rendered":"https:\/\/purama.lt\/?post_type=product&#038;p=37956"},"modified":"2026-04-04T10:32:14","modified_gmt":"2026-04-04T08:32:14","slug":"kojines-keep-going-green-sporcks","status":"publish","type":"product","link":"https:\/\/purama.lt\/ee\/produktas\/kojines-keep-going-green-sporcks\/","title":{"rendered":"SPORCKS Keep Going Green spordisokid"},"content":{"rendered":"<p>Kas otsite rohkem? Vaadake t\u00e4ielikku <a href=\"\/ee\/tootesildid\/sporcks\/\">Sporcki sortiment<\/a>.<\/p>\n\n\n\n<p><\/p>","protected":false},"excerpt":{"rendered":"<p data-start=\"137\" data-end=\"226\"><strong data-start=\"141\" data-end=\"226\">SPORCKS Keep Going Green: Pa\u017eangios kompresin\u0117s b\u0117gimo kojin\u0117s \u2013 maksimalus komfortas kiekviename kilometre. <\/strong>Otsid sokki, mis mitte ainult ei istu nagu teine nahk, vaid ka muudab sinu jooksukogemust reaalselt? Need <strong data-start=\"337\" data-end=\"365\">tehnilised jooksusokid<\/strong> m\u00f5eldud sportlastele, kes hindavad mitte ainult mugavust, vaid ka funktsionaalsust. Tugevdatud tugitsoonid, t\u00f5hus niiskusjuhtimine ja erakordne pehmus - k\u00f5ik see on loodud selleks, et aidata teil joosta kaugemale, tunda end kergemalt ja v\u00e4ltida ebamugavustunnet. Sest <strong data-start=\"623\" data-end=\"657\">keskmine kokkusurumine<\/strong> need aitavad s\u00e4ilitada vereringet, v\u00e4hendavad lihasv\u00e4simust ja turset ning spetsiaalsed <strong data-start=\"741\" data-end=\"770\">COOLMAX\u00ae froteekangas<\/strong> kanna ja varvaste piirkonnas, et absorbeerida l\u00f6\u00f6ki ja aidata v\u00e4ltida villidele tekkimist. Hingav v\u00f5rk hoiab naha optimaalses temperatuuris isegi siis, kui higi voolab vabalt. Sobivad nii intensiivseteks treeningblokkideks kui ka pikkadeks v\u00f5istlusteks.<\/p>\n<p><strong data-start=\"1009\" data-end=\"1033\">Miks valida?<br \/>\n<\/strong>\u2714\ufe0f Suurem stabiilsus jooksmisel - kaitseb pahkluid ja h\u00fcppeliigeseid.<br data-start=\"1100\" data-end=\"1103\" \/>\u2714\ufe0f Parem vereringe - v\u00e4hem v\u00e4simust ja turseid p\u00e4rast treeningut.<br data-start=\"1168\" data-end=\"1171\" \/>\u2714\ufe0f \u00dclimugav ja pehme COOLMAX\u00ae kangas - kaitseb villide eest.<br data-start=\"1236\" data-end=\"1239\" \/>\u2714\ufe0f Suurep\u00e4rane ventilatsioon - hingav v\u00f5rk aitab reguleerida soojust.<br data-start=\"1310\" data-end=\"1313\" \/>\u2714\ufe0f Kiiresti kuivav - jalad j\u00e4\u00e4vad kuivaks ka k\u00f5ige pikematel vahemaadel.<br data-start=\"1385\" data-end=\"1388\" \/>\u2714\ufe0f Luksuslik pehmus - tunnete erinevust juba esimesel korral, kui panete selle selga.<br data-start=\"1452\" data-end=\"1455\" \/>\u2714\ufe0f Made in Spain - kvaliteet, mida v\u00f5id usaldada.<\/p>","protected":false},"featured_media":37957,"comment_status":"open","ping_status":"closed","template":"","meta":{"_acf_changed":false},"product_brand":[246],"product_cat":[102,57,98],"product_tag":[],"class_list":{"0":"post-37956","1":"product","2":"type-product","3":"status-publish","4":"has-post-thumbnail","6":"product_brand-sporcks","7":"product_cat-kojines","8":"product_cat-akcijos","9":"product_cat-sportui","11":"first","12":"instock","13":"sale","14":"shipping-taxable","15":"purchasable","16":"product-type-variable"},"acf":[],"tiered_pricing_type":"fixed","tiered_pricing_fixed_rules":[],"tiered_pricing_product_settings":{"layout":"default","base_unit_name":{"singular":null,"plural":null},"default_variation":null},"tiered_pricing_minimum_quantity":null,"tiered_pricing_roles_data":[],"tiered_pricing_percentage_rules":[],"_links":{"self":[{"href":"https:\/\/purama.lt\/ee\/wp-json\/wp\/v2\/product\/37956","targetHints":{"allow":["GET"]}}],"collection":[{"href":"https:\/\/purama.lt\/ee\/wp-json\/wp\/v2\/product"}],"about":[{"href":"https:\/\/purama.lt\/ee\/wp-json\/wp\/v2\/types\/product"}],"replies":[{"embeddable":true,"href":"https:\/\/purama.lt\/ee\/wp-json\/wp\/v2\/comments?post=37956"}],"wp:featuredmedia":[{"embeddable":true,"href":"https:\/\/purama.lt\/ee\/wp-json\/wp\/v2\/media\/37957"}],"wp:attachment":[{"href":"https:\/\/purama.lt\/ee\/wp-json\/wp\/v2\/media?parent=37956"}],"wp:term":[{"taxonomy":"product_brand","embeddable":true,"href":"https:\/\/purama.lt\/ee\/wp-json\/wp\/v2\/product_brand?post=37956"},{"taxonomy":"product_cat","embeddable":true,"href":"https:\/\/purama.lt\/ee\/wp-json\/wp\/v2\/product_cat?post=37956"},{"taxonomy":"product_tag","embeddable":true,"href":"https:\/\/purama.lt\/ee\/wp-json\/wp\/v2\/product_tag?post=37956"}],"curies":[{"name":"wp","href":"https:\/\/api.w.org\/{rel}","templated":true}]}}