{"id":37825,"date":"2025-08-01T10:54:30","date_gmt":"2025-08-01T10:54:30","guid":{"rendered":"https:\/\/purama.lt\/produktas\/ohgood-baltymu-milteliai-sokolado-ir-zemes-riesutu-sviesto-skonio\/"},"modified":"2026-03-19T16:33:33","modified_gmt":"2026-03-19T14:33:33","slug":"ohgood-valgupulber-sokolaadi-ja-maapahklivoi-maitsega","status":"publish","type":"product","link":"https:\/\/purama.lt\/ee\/produktas\/ohgood-baltymu-milteliai-sokolado-ir-zemes-riesutu-sviesto-skonio\/","title":{"rendered":"OH!GOOD Valgupulber \u0161okolaadi ja maap\u00e4hkliv\u00f5i maitsega"},"content":{"rendered":"","protected":false},"excerpt":{"rendered":"<p>See maitse on t\u00f5eline klassika: rikkalik \u0161okolaad ja maap\u00e4hkliv\u00f5i \u00fches. \"Oh!Good\" valgupulber annab sinu organismile vajaliku valgu ja on maiuspala neile, kes soovivad \u00fchendada sportliku eesm\u00e4rgi oma lemmikmaitsega.<\/p>\n<p><strong>Miks valida:<\/strong><br \/>\n\u2714 \u0160okolaadi ja p\u00e4hkliv\u00f5i maitsvad kombinatsioonid<br \/>\n\u2714 Madal suhkrusisaldus, k\u00f5rge valgusisaldus<br \/>\n\u2714 Toetab lihasmassi ja taastumist<br \/>\n\u2714 Sobib nii smuutide kui ka valgu desserdite jaoks.<br \/>\n\u2714 Ilma kunstlike magusainete ja lisaaineteta<\/p>","protected":false},"featured_media":37832,"comment_status":"open","ping_status":"closed","template":"","meta":{"_acf_changed":true},"product_brand":[447],"product_cat":[60,296,500,298],"product_tag":[],"class_list":{"0":"post-37825","1":"product","2":"type-product","3":"status-publish","4":"has-post-thumbnail","6":"product_brand-ohgood","7":"product_cat-mitybai","8":"product_cat-baltyminiai-kokteiliai","9":"product_cat-outlet","10":"product_cat-sveikas-maistas","12":"first","13":"instock","14":"sale","15":"shipping-taxable","16":"purchasable","17":"product-type-simple"},"acf":[],"tiered_pricing_type":"fixed","tiered_pricing_fixed_rules":[],"tiered_pricing_product_settings":{"layout":"default","base_unit_name":{"singular":null,"plural":null},"default_variation":null},"tiered_pricing_minimum_quantity":null,"tiered_pricing_roles_data":[],"tiered_pricing_percentage_rules":[],"_links":{"self":[{"href":"https:\/\/purama.lt\/ee\/wp-json\/wp\/v2\/product\/37825","targetHints":{"allow":["GET"]}}],"collection":[{"href":"https:\/\/purama.lt\/ee\/wp-json\/wp\/v2\/product"}],"about":[{"href":"https:\/\/purama.lt\/ee\/wp-json\/wp\/v2\/types\/product"}],"replies":[{"embeddable":true,"href":"https:\/\/purama.lt\/ee\/wp-json\/wp\/v2\/comments?post=37825"}],"wp:featuredmedia":[{"embeddable":true,"href":"https:\/\/purama.lt\/ee\/wp-json\/wp\/v2\/media\/37832"}],"wp:attachment":[{"href":"https:\/\/purama.lt\/ee\/wp-json\/wp\/v2\/media?parent=37825"}],"wp:term":[{"taxonomy":"product_brand","embeddable":true,"href":"https:\/\/purama.lt\/ee\/wp-json\/wp\/v2\/product_brand?post=37825"},{"taxonomy":"product_cat","embeddable":true,"href":"https:\/\/purama.lt\/ee\/wp-json\/wp\/v2\/product_cat?post=37825"},{"taxonomy":"product_tag","embeddable":true,"href":"https:\/\/purama.lt\/ee\/wp-json\/wp\/v2\/product_tag?post=37825"}],"curies":[{"name":"wp","href":"https:\/\/api.w.org\/{rel}","templated":true}]}}