{"id":37820,"date":"2025-08-01T10:54:29","date_gmt":"2025-08-01T10:54:29","guid":{"rendered":"https:\/\/purama.lt\/produktas\/ohgood-baltymu-milteliai-vaniles-skonio\/"},"modified":"2026-01-08T11:32:23","modified_gmt":"2026-01-08T09:32:23","slug":"ohgood-valgupulber-vanilje-maitse","status":"publish","type":"product","link":"https:\/\/purama.lt\/ee\/produktas\/ohgood-baltymu-milteliai-vaniles-skonio\/","title":{"rendered":"OH!GOOD Valgupulber Vanilje maitse"},"content":{"rendered":"","protected":false},"excerpt":{"rendered":"<p>Mahe ja mitmek\u00fclgne vanillimaitse sobib h\u00e4sti nii kokteilide kui ka k\u00fcpsetiste juurde. \u201eOh!Good\u201c valgupulber aitab t\u00e4iendada oma dieeti kvaliteetse valguga lihaste s\u00e4ilitamiseks, taastumiseks ja \u00fcldiseks energiaks.<\/p>\n<p><strong>Miks valida:<\/strong><br \/>\n\u2714 Kerge vanillimaitse - sobib koos erinevate koostisosadega.<br \/>\n\u2714 Lihtne kasutada smuutides, putrudes v\u00f5i k\u00fcpsetistes<br \/>\n\u2714 Kvaliteetne valguallikas<br \/>\n\u2714 Ei ole lisatud suhkruid<br \/>\n\u2714 Sobib neile, kes treenivad ja toituvad tervislikult<\/p>","protected":false},"featured_media":37833,"comment_status":"open","ping_status":"closed","template":"","meta":{"_acf_changed":true},"product_brand":[447],"product_cat":[60,296,298],"product_tag":[],"class_list":{"0":"post-37820","1":"product","2":"type-product","3":"status-publish","4":"has-post-thumbnail","6":"product_brand-ohgood","7":"product_cat-mitybai","8":"product_cat-baltyminiai-kokteiliai","9":"product_cat-sveikas-maistas","11":"first","12":"instock","13":"shipping-taxable","14":"purchasable","15":"product-type-simple"},"acf":[],"tiered_pricing_type":"fixed","tiered_pricing_fixed_rules":[],"tiered_pricing_product_settings":{"layout":"default","base_unit_name":{"singular":null,"plural":null},"default_variation":null},"tiered_pricing_minimum_quantity":null,"tiered_pricing_roles_data":[],"tiered_pricing_percentage_rules":[],"_links":{"self":[{"href":"https:\/\/purama.lt\/ee\/wp-json\/wp\/v2\/product\/37820","targetHints":{"allow":["GET"]}}],"collection":[{"href":"https:\/\/purama.lt\/ee\/wp-json\/wp\/v2\/product"}],"about":[{"href":"https:\/\/purama.lt\/ee\/wp-json\/wp\/v2\/types\/product"}],"replies":[{"embeddable":true,"href":"https:\/\/purama.lt\/ee\/wp-json\/wp\/v2\/comments?post=37820"}],"wp:featuredmedia":[{"embeddable":true,"href":"https:\/\/purama.lt\/ee\/wp-json\/wp\/v2\/media\/37833"}],"wp:attachment":[{"href":"https:\/\/purama.lt\/ee\/wp-json\/wp\/v2\/media?parent=37820"}],"wp:term":[{"taxonomy":"product_brand","embeddable":true,"href":"https:\/\/purama.lt\/ee\/wp-json\/wp\/v2\/product_brand?post=37820"},{"taxonomy":"product_cat","embeddable":true,"href":"https:\/\/purama.lt\/ee\/wp-json\/wp\/v2\/product_cat?post=37820"},{"taxonomy":"product_tag","embeddable":true,"href":"https:\/\/purama.lt\/ee\/wp-json\/wp\/v2\/product_tag?post=37820"}],"curies":[{"name":"wp","href":"https:\/\/api.w.org\/{rel}","templated":true}]}}