{"id":37819,"date":"2025-08-01T10:54:29","date_gmt":"2025-08-01T10:54:29","guid":{"rendered":"https:\/\/purama.lt\/produktas\/ohgood-baltymu-batonelis-avieciu-ir-sokolado-skonio\/"},"modified":"2026-04-08T16:30:59","modified_gmt":"2026-04-08T14:30:59","slug":"ohgood-valguribaari-vaarika-ja-sokolaadi-maitsega","status":"publish","type":"product","link":"https:\/\/purama.lt\/ee\/produktas\/ohgood-baltymu-batonelis-avieciu-ir-sokolado-skonio\/","title":{"rendered":"OH!GOOD Proteiinibatoon Vaarika ja \u0161okolaadi maitsega"},"content":{"rendered":"","protected":false},"excerpt":{"rendered":"<p>Maitsev ja toitev alternatiiv tavap\u00e4rastele maiustustele on vaarika- ja \u0161okolaadimaitseline Oh!Good patukas, mis mitte ainult ei t\u00e4ida, vaid pakub ka valku, kui seda k\u00f5ige rohkem vajate. Sobib aktiivsetele inimestele, treeninguj\u00e4rgse vahepalana v\u00f5i s\u00f6\u00f6gikordade vahel.<\/p>\n<p><strong>Miks valida:<\/strong><br \/>\n\u2714 Suurep\u00e4rane valguallikas teel, t\u00f6\u00f6l v\u00f5i p\u00e4rast sporti<br \/>\n\u2714 Madal suhkrusisaldus - rohkem kasulikke aineid<br \/>\n\u2714 Maitsev kombinatsioon: v\u00e4rsked vaarikad ja rikkalik \u0161okolaad<br \/>\n\u2714 Sobib h\u00f5lpsasti taskusse v\u00f5i spordikotti<br \/>\n\u2714 Gluteeni- ja palmi\u00f5livaba<\/p>","protected":false},"featured_media":37827,"comment_status":"open","ping_status":"closed","template":"","meta":{"_acf_changed":true},"product_brand":[447],"product_cat":[60,297,298],"product_tag":[],"class_list":{"0":"post-37819","1":"product","2":"type-product","3":"status-publish","4":"has-post-thumbnail","6":"product_brand-ohgood","7":"product_cat-mitybai","8":"product_cat-baltyminiai-batoneliai","9":"product_cat-sveikas-maistas","11":"first","12":"instock","13":"shipping-taxable","14":"purchasable","15":"product-type-simple"},"acf":[],"tiered_pricing_type":"fixed","tiered_pricing_fixed_rules":[],"tiered_pricing_product_settings":{"layout":"default","base_unit_name":{"singular":null,"plural":null},"default_variation":null},"tiered_pricing_minimum_quantity":null,"tiered_pricing_roles_data":[],"tiered_pricing_percentage_rules":[],"_links":{"self":[{"href":"https:\/\/purama.lt\/ee\/wp-json\/wp\/v2\/product\/37819","targetHints":{"allow":["GET"]}}],"collection":[{"href":"https:\/\/purama.lt\/ee\/wp-json\/wp\/v2\/product"}],"about":[{"href":"https:\/\/purama.lt\/ee\/wp-json\/wp\/v2\/types\/product"}],"replies":[{"embeddable":true,"href":"https:\/\/purama.lt\/ee\/wp-json\/wp\/v2\/comments?post=37819"}],"wp:featuredmedia":[{"embeddable":true,"href":"https:\/\/purama.lt\/ee\/wp-json\/wp\/v2\/media\/37827"}],"wp:attachment":[{"href":"https:\/\/purama.lt\/ee\/wp-json\/wp\/v2\/media?parent=37819"}],"wp:term":[{"taxonomy":"product_brand","embeddable":true,"href":"https:\/\/purama.lt\/ee\/wp-json\/wp\/v2\/product_brand?post=37819"},{"taxonomy":"product_cat","embeddable":true,"href":"https:\/\/purama.lt\/ee\/wp-json\/wp\/v2\/product_cat?post=37819"},{"taxonomy":"product_tag","embeddable":true,"href":"https:\/\/purama.lt\/ee\/wp-json\/wp\/v2\/product_tag?post=37819"}],"curies":[{"name":"wp","href":"https:\/\/api.w.org\/{rel}","templated":true}]}}