{"id":37817,"date":"2025-08-01T10:54:29","date_gmt":"2025-08-01T10:54:29","guid":{"rendered":"https:\/\/purama.lt\/produktas\/d-lab-keratino-maisto-papildas-plauku-stiprinimui-ir-atkurimui\/"},"modified":"2026-03-31T10:47:23","modified_gmt":"2026-03-31T08:47:23","slug":"d-lab-keratiini-toidulisand-juuste-tugevdamiseks-ja-taastamiseks","status":"publish","type":"product","link":"https:\/\/purama.lt\/ee\/produktas\/d-lab-keratino-maisto-papildas-plauku-stiprinimui-ir-atkurimui\/","title":{"rendered":"D-LAB Keratin toidulisand juuste tugevdamiseks ja taastamiseks"},"content":{"rendered":"","protected":false},"excerpt":{"rendered":"<p>Intensiivne koostis biotiini, keratiini, tsingi ja bambuse ekstraktiga - taastab kahjustatud juuksed, edendades kasvu ja tugevust juurest kuni otsteni.<\/p>\n<p><strong>Miks valida:<\/strong><br \/>\n\u2713 Taastab juuste struktuuri seestpoolt<br \/>\n\u2713 soodustab kiiremat kasvu ja v\u00e4hendab juuste v\u00e4ljalangemist<br \/>\n\u2713 S\u00e4ilitab juuste s\u00e4ra ja elastsust<br \/>\n\u2713 Sobib p\u00e4rast v\u00e4rvimist v\u00f5i keemilist t\u00f6\u00f6tlemist.<br \/>\n\u2713 Tulemused 1-2 kuu jooksul<\/p>","protected":false},"featured_media":37795,"comment_status":"open","ping_status":"closed","template":"","meta":{"_acf_changed":false},"product_brand":[419],"product_cat":[123,273,274,275],"product_tag":[],"class_list":{"0":"post-37817","1":"product","2":"type-product","3":"status-publish","4":"has-post-thumbnail","6":"product_brand-d-lab","7":"product_cat-papildai-ilgaamziskumui","8":"product_cat-odai-plaukams-nagams","9":"product_cat-odos-jaunyste","10":"product_cat-plauku-ir-nagu-prieziura","12":"first","13":"instock","14":"shipping-taxable","15":"purchasable","16":"product-type-simple"},"acf":[],"tiered_pricing_type":"fixed","tiered_pricing_fixed_rules":[],"tiered_pricing_product_settings":{"layout":"default","base_unit_name":{"singular":null,"plural":null},"default_variation":null},"tiered_pricing_minimum_quantity":null,"tiered_pricing_roles_data":[],"tiered_pricing_percentage_rules":[],"_links":{"self":[{"href":"https:\/\/purama.lt\/ee\/wp-json\/wp\/v2\/product\/37817","targetHints":{"allow":["GET"]}}],"collection":[{"href":"https:\/\/purama.lt\/ee\/wp-json\/wp\/v2\/product"}],"about":[{"href":"https:\/\/purama.lt\/ee\/wp-json\/wp\/v2\/types\/product"}],"replies":[{"embeddable":true,"href":"https:\/\/purama.lt\/ee\/wp-json\/wp\/v2\/comments?post=37817"}],"wp:featuredmedia":[{"embeddable":true,"href":"https:\/\/purama.lt\/ee\/wp-json\/wp\/v2\/media\/37795"}],"wp:attachment":[{"href":"https:\/\/purama.lt\/ee\/wp-json\/wp\/v2\/media?parent=37817"}],"wp:term":[{"taxonomy":"product_brand","embeddable":true,"href":"https:\/\/purama.lt\/ee\/wp-json\/wp\/v2\/product_brand?post=37817"},{"taxonomy":"product_cat","embeddable":true,"href":"https:\/\/purama.lt\/ee\/wp-json\/wp\/v2\/product_cat?post=37817"},{"taxonomy":"product_tag","embeddable":true,"href":"https:\/\/purama.lt\/ee\/wp-json\/wp\/v2\/product_tag?post=37817"}],"curies":[{"name":"wp","href":"https:\/\/api.w.org\/{rel}","templated":true}]}}