{"id":37811,"date":"2025-08-01T10:54:28","date_gmt":"2025-08-01T10:54:28","guid":{"rendered":"https:\/\/purama.lt\/produktas\/d-lab-metabolizmo-aktyvatorius-medziagu-apykaitai-ir-lieknejimui\/"},"modified":"2026-03-31T10:47:34","modified_gmt":"2026-03-31T08:47:34","slug":"d-lab-metaboolne-aktivaator-ainevahetuseks-ja-salendamiseks","status":"publish","type":"product","link":"https:\/\/purama.lt\/ee\/produktas\/d-lab-metabolizmo-aktyvatorius-medziagu-apykaitai-ir-lieknejimui\/","title":{"rendered":"D-LAB metaboolne aktivaator ainevahetuse ja salendumise jaoks"},"content":{"rendered":"","protected":false},"excerpt":{"rendered":"<p>Toidulisand, mis aktiveerib ainevahetust t\u00e4nu taimeekstraktidele (jood, roheline tee, guaraana) ning soodustab rasvap\u00f5letust ja energiatootmist.<\/p>\n<p><strong>Miks valida:<\/strong><br \/>\n\u2713 Stimuleerib loomulikku termogeneesi ja rasvap\u00f5letust<br \/>\n\u2713 Toetab kilpn\u00e4\u00e4rme funktsiooni (t\u00e4nu joodile)<br \/>\n\u2713 Aitab v\u00e4hendada v\u00e4simust dieedi ajal<br \/>\n\u2713 Parandab ainevahetuse kiirust<br \/>\n\u2713 Sobib kombinatsiooniks kehalise aktiivsusega<\/p>","protected":false},"featured_media":37802,"comment_status":"open","ping_status":"closed","template":"","meta":{"_acf_changed":false},"product_brand":[419],"product_cat":[123,260,262],"product_tag":[],"class_list":{"0":"post-37811","1":"product","2":"type-product","3":"status-publish","4":"has-post-thumbnail","6":"product_brand-d-lab","7":"product_cat-papildai-ilgaamziskumui","8":"product_cat-energijai-ir-apykaitai","9":"product_cat-medziagu-apykaita","11":"first","12":"instock","13":"shipping-taxable","14":"purchasable","15":"product-type-simple"},"acf":[],"tiered_pricing_type":"fixed","tiered_pricing_fixed_rules":[],"tiered_pricing_product_settings":{"layout":"default","base_unit_name":{"singular":null,"plural":null},"default_variation":null},"tiered_pricing_minimum_quantity":null,"tiered_pricing_roles_data":[],"tiered_pricing_percentage_rules":[],"_links":{"self":[{"href":"https:\/\/purama.lt\/ee\/wp-json\/wp\/v2\/product\/37811","targetHints":{"allow":["GET"]}}],"collection":[{"href":"https:\/\/purama.lt\/ee\/wp-json\/wp\/v2\/product"}],"about":[{"href":"https:\/\/purama.lt\/ee\/wp-json\/wp\/v2\/types\/product"}],"replies":[{"embeddable":true,"href":"https:\/\/purama.lt\/ee\/wp-json\/wp\/v2\/comments?post=37811"}],"wp:featuredmedia":[{"embeddable":true,"href":"https:\/\/purama.lt\/ee\/wp-json\/wp\/v2\/media\/37802"}],"wp:attachment":[{"href":"https:\/\/purama.lt\/ee\/wp-json\/wp\/v2\/media?parent=37811"}],"wp:term":[{"taxonomy":"product_brand","embeddable":true,"href":"https:\/\/purama.lt\/ee\/wp-json\/wp\/v2\/product_brand?post=37811"},{"taxonomy":"product_cat","embeddable":true,"href":"https:\/\/purama.lt\/ee\/wp-json\/wp\/v2\/product_cat?post=37811"},{"taxonomy":"product_tag","embeddable":true,"href":"https:\/\/purama.lt\/ee\/wp-json\/wp\/v2\/product_tag?post=37811"}],"curies":[{"name":"wp","href":"https:\/\/api.w.org\/{rel}","templated":true}]}}