{"id":37587,"date":"2025-07-25T12:29:37","date_gmt":"2025-07-25T12:29:37","guid":{"rendered":"https:\/\/purama.lt\/?post_type=product&#038;p=37587"},"modified":"2026-04-13T16:39:06","modified_gmt":"2026-04-13T14:39:06","slug":"purama-magus-naomassaazoor","status":"publish","type":"product","link":"https:\/\/purama.lt\/ee\/produktas\/purama-saldomasis-veido-masazuoklis\/","title":{"rendered":"PURAMA K\u00fclmutusmassaator n\u00e4omassaa\u017eile"},"content":{"rendered":"<p><strong>Kasutamine:<\/strong><br>Keerake alumine osa lahti.<br>Lisage vett v\u00f5i m\u00f5nda muud vedelikku (nt roosivett).<br>Sulge ja aseta 3-4 tunniks s\u00fcgavk\u00fclma.<br>Eemaldage ja masseerige \u00f5rnalt oma n\u00e4gu v\u00f5i m\u00f5nda muud kehaosa.<br><br><strong>Spetsifikatsioonid:<\/strong><br>M\u00f5\u00f5tmed: 11,8 x 6,3 cm<br>Materjal: toiduks kasutatava silikooni ja plasti kombinatsioon.<br><br><strong>Kaal:<\/strong> kerge ja mugav reisimiseks<br><br><strong>Sobib: <\/strong>k\u00f5ikidele nahat\u00fc\u00fcpidele<\/p>","protected":false},"excerpt":{"rendered":"<p>Stiilne, korduvkasutatav k\u00fclmutusega mass\u00f6\u00f6r on ideaalne valik teie nahahooldusrutiini jaoks. T\u00e4itke veega, asetage s\u00fcgavk\u00fclmikusse ja nautige jahutavat massaa\u017ei, mis v\u00e4rskendab, toniseerib ning v\u00e4hendab turseid ja punetust. Kapsli ergonoomiline kuju mahub mugavalt peopessa ja v\u00f5imaldab h\u00f5lpsasti n\u00e4gu v\u00f5i keha masseerida. <\/p>\n<p><strong>Peamised omadused:<\/strong> <br \/>T\u00e4itke veega ja k\u00fclmutage - ilma kemikaalideta<br \/>V\u00e4rskendab nahka, v\u00e4hendab paistetust, pinguldab poore.<br \/>Sobib ideaalselt kasutamiseks koos taimse v\u00f5i roosiveega, et lisada efekti.<br \/>Saadaolevad v\u00e4rvid: oran\u017e, sinine, valge, lilla, roheline, must.<br \/>Lihtne hoida, libisemisvastane tekstuur, lihtne puhastamine<br \/>Korduvkasutatav - \u00f6konoomne ja keskkonnas\u00f5bralik<\/p>","protected":false},"featured_media":37588,"comment_status":"open","ping_status":"closed","template":"","meta":{"_acf_changed":false},"product_brand":[405],"product_cat":[287,57,92,282,283],"product_tag":[],"class_list":{"0":"post-37587","1":"product","2":"type-product","3":"status-publish","4":"has-post-thumbnail","6":"product_brand-purama","7":"product_cat-masazuokliai","8":"product_cat-akcijos","9":"product_cat-groziui","10":"product_cat-longevity-prietaisai","11":"product_cat-sveikatingumo-prietaisai","13":"first","14":"instock","15":"sale","16":"shipping-taxable","17":"purchasable","18":"product-type-variable"},"acf":[],"tiered_pricing_type":"fixed","tiered_pricing_fixed_rules":[],"tiered_pricing_product_settings":{"layout":"default","base_unit_name":{"singular":null,"plural":null},"default_variation":null},"tiered_pricing_minimum_quantity":null,"tiered_pricing_roles_data":[],"tiered_pricing_percentage_rules":[],"_links":{"self":[{"href":"https:\/\/purama.lt\/ee\/wp-json\/wp\/v2\/product\/37587","targetHints":{"allow":["GET"]}}],"collection":[{"href":"https:\/\/purama.lt\/ee\/wp-json\/wp\/v2\/product"}],"about":[{"href":"https:\/\/purama.lt\/ee\/wp-json\/wp\/v2\/types\/product"}],"replies":[{"embeddable":true,"href":"https:\/\/purama.lt\/ee\/wp-json\/wp\/v2\/comments?post=37587"}],"wp:featuredmedia":[{"embeddable":true,"href":"https:\/\/purama.lt\/ee\/wp-json\/wp\/v2\/media\/37588"}],"wp:attachment":[{"href":"https:\/\/purama.lt\/ee\/wp-json\/wp\/v2\/media?parent=37587"}],"wp:term":[{"taxonomy":"product_brand","embeddable":true,"href":"https:\/\/purama.lt\/ee\/wp-json\/wp\/v2\/product_brand?post=37587"},{"taxonomy":"product_cat","embeddable":true,"href":"https:\/\/purama.lt\/ee\/wp-json\/wp\/v2\/product_cat?post=37587"},{"taxonomy":"product_tag","embeddable":true,"href":"https:\/\/purama.lt\/ee\/wp-json\/wp\/v2\/product_tag?post=37587"}],"curies":[{"name":"wp","href":"https:\/\/api.w.org\/{rel}","templated":true}]}}