{"id":37414,"date":"2025-07-21T10:00:00","date_gmt":"2025-07-21T10:00:00","guid":{"rendered":"https:\/\/purama.lt\/produktas\/natures-kolagenas-jointcare-su-fortigeliu\/"},"modified":"2026-04-10T07:59:13","modified_gmt":"2026-04-10T05:59:13","slug":"natures-finest-jointcare-collagen","status":"publish","type":"product","link":"https:\/\/purama.lt\/ee\/produktas\/natures-kolagenas-jointcare-su-fortigeliu\/","title":{"rendered":"Nature's Finest Collagen JointCare koos fortigeliga"},"content":{"rendered":"<p>Kas otsite rohkem? Vaadake t\u00e4ielikku <a href=\"\/ee\/tootesildid\/natures-finest\/\">Nature\u2019s Finest sortimenti<\/a>.<\/p>","protected":false},"excerpt":{"rendered":"<p>See toidulisand on m\u00f5eldud liigeste tervise toetamiseks ja sisaldab Fortigel\u00ae kollageeni, mis aitab taastada k\u00f5hrekoe, s\u00e4ilitada liigeste paindlikkust ja v\u00e4hendada liigeste j\u00e4ikust. Seda soovitatakse inimestele, kes elavad aktiivset elustiili v\u00f5i kellel esineb liigeste ebamugavustunne.<\/p>\n<p><strong>Miks valida:<\/strong><br \/>\n\u2714 Patenteeritud Fortigel\u00ae kollageeniga<br \/>\n\u2714 Liigeste ja k\u00f5hrede tervisele<br \/>\n\u2714 V\u00f5ib aidata v\u00e4hendada liigesevalu ja p\u00f5letikku<br \/>\n\u2714 Sobib spordi ja eakate jaoks<br \/>\n\u2714 Mugav manustamisviis<\/p>","protected":false},"featured_media":37405,"comment_status":"open","ping_status":"closed","template":"","meta":{"_acf_changed":false},"product_brand":[441],"product_cat":[260,122,123],"product_tag":[],"class_list":{"0":"post-37414","1":"product","2":"type-product","3":"status-publish","4":"has-post-thumbnail","6":"product_brand-natures-finest","7":"product_cat-energijai-ir-apykaitai","8":"product_cat-lasteliu-jaunystei","9":"product_cat-papildai-ilgaamziskumui","11":"first","12":"outofstock","13":"shipping-taxable","14":"purchasable","15":"product-type-simple"},"acf":[],"tiered_pricing_type":"fixed","tiered_pricing_fixed_rules":[],"tiered_pricing_product_settings":{"layout":"default","base_unit_name":{"singular":null,"plural":null},"default_variation":null},"tiered_pricing_minimum_quantity":null,"tiered_pricing_roles_data":[],"tiered_pricing_percentage_rules":[],"_links":{"self":[{"href":"https:\/\/purama.lt\/ee\/wp-json\/wp\/v2\/product\/37414","targetHints":{"allow":["GET"]}}],"collection":[{"href":"https:\/\/purama.lt\/ee\/wp-json\/wp\/v2\/product"}],"about":[{"href":"https:\/\/purama.lt\/ee\/wp-json\/wp\/v2\/types\/product"}],"replies":[{"embeddable":true,"href":"https:\/\/purama.lt\/ee\/wp-json\/wp\/v2\/comments?post=37414"}],"wp:featuredmedia":[{"embeddable":true,"href":"https:\/\/purama.lt\/ee\/wp-json\/wp\/v2\/media\/37405"}],"wp:attachment":[{"href":"https:\/\/purama.lt\/ee\/wp-json\/wp\/v2\/media?parent=37414"}],"wp:term":[{"taxonomy":"product_brand","embeddable":true,"href":"https:\/\/purama.lt\/ee\/wp-json\/wp\/v2\/product_brand?post=37414"},{"taxonomy":"product_cat","embeddable":true,"href":"https:\/\/purama.lt\/ee\/wp-json\/wp\/v2\/product_cat?post=37414"},{"taxonomy":"product_tag","embeddable":true,"href":"https:\/\/purama.lt\/ee\/wp-json\/wp\/v2\/product_tag?post=37414"}],"curies":[{"name":"wp","href":"https:\/\/api.w.org\/{rel}","templated":true}]}}